{"id":3,"date":"2020-03-16T19:15:54","date_gmt":"2020-03-16T19:15:54","guid":{"rendered":"https:\/\/lepoxi.com\/?page_id=3"},"modified":"2021-01-21T15:40:49","modified_gmt":"2021-01-21T15:40:49","slug":"politica-privacidad","status":"publish","type":"page","link":"https:\/\/lepoxi.com\/es\/politica-privacidad\/","title":{"rendered":"Pol\u00edtica de privacidad"},"content":{"rendered":"<p>[vc_row type_row=&#8221;slider2&#8243;][vc_column] \n            <div style=\"background-image: url(https:\/\/lepoxi.com\/wp-content\/uploads\/2020\/12\/cabcontacto.jpg);backgroudn-position: center right;\" class=\"item active slide-1\">\n          <div class=\"carousel-caption\">\n            <div class=\"thm-container\">\n              <div class=\"box valign-middle\">\n                <div class=\"content text-center\">\n                  <h1 data-animation=\"animated fadeInUp\">Pol\u00edtica de Privacidad<\/h1>\n                  <p data-animation=\"animated fadeInDown\"><\/p>\n                                                    <\/div>\n              <\/div>\n            <\/div>\n          <\/div>\n        <\/div>\n[\/vc_column][\/vc_row][vc_row type_row=&#8221;graybg3&#8243;][vc_column][vc_column_text css=&#8221;.vc_custom_1611243605955{padding-right: 15px !important;padding-left: 15px !important;}&#8221;]<\/p>\n<h2>Pol\u00edtica de Privacidad<\/h2>\n<p>A efectos de lo previsto en el nuevo reglamento europeo de protecci\u00f3n de datos (UE) 2016\/679 de 27 de abril de 2016, relativo a la protecci\u00f3n de las personas f\u00edsicas en lo que respecta al tratamiento de sus datos personales y a la libre circulaci\u00f3n de estos, se informa al usuario de manera clara y transparente los datos del responsable de esta web: txangu2.com es un proyecto de Lepoxi S.A.\u00a0 con CIF 20368924 y domicilio social en Pol. Ind. 110 c\/ Ipintza 19, 20100 Lezo, Guip\u00fazcoa, inscrita en el Registro Mercantil, en el tomo Tomo 42, Folio 2254, Asiento 2167, hoja 24-05-1991.<\/p>\n<p>En esta web se asume un compromiso permanente con la privacidad de los datos de sus suscriptores, contactos y clientes, y se garantiza las mejores pr\u00e1cticas en el uso de datos de car\u00e1cter personal.<\/p>\n<p>LEPOXI S.A. se opone al env\u00edo de correos electr\u00f3nicos no solicitados (spam), poniendo todos los esfuerzos para impedir el uso indebido del correo electr\u00f3nico. Tambi\u00e9n se informa a los usuarios de este sitio que nunca y bajo ninguna circunstancia se compartir\u00e1n datos de usuarios obtenidos mediante este portal ni ser\u00e1n cedidos a terceros, a menos que estos hayan sido informados previamente y se cuente con su expresa autorizaci\u00f3n.<\/p>\n<p>La plataforma podr\u00eda contener v\u00ednculos a sitios web de terceros. Si as\u00ed fuera, en ning\u00fan caso nos haremos responsables de las pr\u00e1cticas de protecci\u00f3n de datos ni del contenido de dichos sitios web. Por consiguiente, conviene que lea atentamente las pol\u00edticas de privacidad de cada sitio web antes de aceptar las condiciones y de proceder a su uso.<\/p>\n<p>&nbsp;<\/p>\n<h2>Env\u00edo y Registro de Datos de Car\u00e1cter Personal<\/h2>\n<p>El env\u00edo de datos de car\u00e1cter personal es obligatorio para contactar y realizar solicitudes comerciales con lepoxi.com. Asimismo, el no facilitar los datos personales solicitados o el no aceptar la presente pol\u00edtica de protecci\u00f3n de datos supone la imposibilidad de procesar las solicitudes realizadas en este portal.<\/p>\n<p>Los supuestos en los que esta web requiere datos personales son:<\/p>\n<p>\u2013 Para realizar consultas a trav\u00e9s del formulario de contacto.<\/p>\n<p>\u2013 Para solicitar cualquiera de los servicios y\/o productos que ofrecemos.<\/p>\n<p>La informaci\u00f3n personal suministrada se utilizar\u00e1 de la siguiente manera:<\/p>\n<p>\u2013 Para promocionar los servicios de lepoxi.com: Por ejemplo, si el usuario deja su informaci\u00f3n personal en alguno de los formularios de contacto, lepoxi.com puede utilizar esos datos para enviarle informaci\u00f3n sobre sus servicios en el caso de que esta sea solicitada.<\/p>\n<p>\u2013 Para garantizar el cumplimiento de las condiciones de uso y la ley aplicable. Esto puede incluir desarrollo de herramientas y algoritmos que ayudan a esta web a garantizar la confidencialidad de los datos personales que recoge.<\/p>\n<p>\u2013 Para la atenci\u00f3n al cliente y prestar servicios de seguimiento.<\/p>\n<p>\u2013 Para establecer comunicaci\u00f3n con suscriptores, usuarios y clientes.<\/p>\n<p>\u2013 En cada uno de los casos, como usuario tendr\u00e1s plenos derechos sobre tus datos personales y sobre el uso de los mismos y podr\u00e1s ejercitarlos en cualquier momento.<\/p>\n<p>\u2013 En ning\u00fan caso cederemos tus datos a terceros sin informarte previamente y requerirte tu consentimiento.<\/p>\n<p>&nbsp;<\/p>\n<h2>Sistemas de captura de datos personales<\/h2>\n<p>Esta web utiliza diferentes sistemas de captura de informaci\u00f3n personal, requiriendo siempre el consentimiento previo de los usuarios para tratar sus datos personales con los fines indicados.<\/p>\n<p>Como Usuario tienes derecho a revocar tu consentimiento previo en cualquier momento.<\/p>\n<p>Sistemas de captura de informaci\u00f3n personal utilizados:<\/p>\n<p>\u2013 Formulario de contacto para sugerencias, consultas o contacto profesional<\/p>\n<p>\u2013 Formulario de suscripci\u00f3n al bolet\u00edn de noticias<\/p>\n<p>\u2013 Formulario de registro para clientes que desean utilizar los servicios proporcionados por lepoxi.com.<\/p>\n<p>\u2013 Cookies: El usuario puede consultar en cualquier momento la pol\u00edtica de cookies para ampliar informaci\u00f3n sobre el uso de cookies y c\u00f3mo desactivarlas.<\/p>\n<p>El usuario garantiza que los datos personales facilitados a trav\u00e9s de los diferentes formularios son veraces, quedando obligado a comunicar cualquier modificaci\u00f3n de los mismos. Igualmente, el usuario garantiza que toda la informaci\u00f3n facilitada corresponde con su situaci\u00f3n real, que est\u00e1 puesta al d\u00eda y es exacta. Adem\u00e1s, el usuario se obliga a mantener en todo momento sus datos actualizados, siendo el \u00fanico responsable de la inexactitud o falsedad de los datos facilitados y de los perjuicios que pueda causar por ello a LEPOXI S.A. como titular de la web lepoxi.com, o a terceros con motivo de la utilizaci\u00f3n de dichos datos.<\/p>\n<p>&nbsp;<\/p>\n<h2>Ejercicio de los derechos de acceso, rectifiaci\u00f3n, cancelaci\u00f3n u oposici\u00f3n (ARCO)<\/h2>\n<p>Los derechos que le asisten como persona interesada y de acuerdo con el RGPD son los siguientes:<\/p>\n<p>\u2013 Derecho a solicitar el acceso a los datos personales relativos a su persona<\/p>\n<p>\u2013 Derecho a solicitar su rectificaci\u00f3n o supresi\u00f3n<\/p>\n<p>\u2013 Derecho a solicitar la limitaci\u00f3n de su tratamiento<\/p>\n<p>\u2013 Derecho a oponerse al tratamiento<\/p>\n<p>\u2013 Derecho a la portabilidad de los datos<\/p>\n<p>Puede ejercer sus derechos de protecci\u00f3n de datos personales dirigiendo una comunicaci\u00f3n por escrito a LEPOXI S.A., Pol. Ind. 110 c\/ Ipintza 19, 20100 Lezo, Guip\u00fazcoa, o a la direcci\u00f3n de correo electr\u00f3nico lepoxi@lepoxi.com, en la que manifieste el ejercicio de sus derechos anteriormente mencionados, adem\u00e1s de incluir copia de su D.N.I. u otro documento equivalente para certificar su identidad. En caso de que desee contactar con el delegado de protecci\u00f3n de datos, envi\u00e9 un mail a lepoxi@lepoxi.com.<\/p>\n<p>&nbsp;<\/p>\n<h2>Aceptaci\u00f3n y consentimiento<\/h2>\n<p>El usuario declara haber sido informado de las condiciones sobre Protecci\u00f3n de Datos de Car\u00e1cter Personal, aceptando y consintiendo el tratamiento de los mismos por parte de lepoxi.com y para las finalidades indicadas en la presente Pol\u00edtica de Privacidad.<\/p>\n<p>&nbsp;<\/p>\n<h2>Cambios en la presente pol\u00edtica de privacidad<\/h2>\n<p>LEPOXI S.A. se reserva el derecho a modificar la presente pol\u00edtica para adaptarla a novedades legislativas o jurisprudenciales as\u00ed como a pr\u00e1cticas de la industria. En dichos supuestos, el prestador anunciar\u00e1 en esta p\u00e1gina los cambios introducidos con razonable antelaci\u00f3n a su puesta en pr\u00e1ctica.<\/p>\n<p>&nbsp;<\/p>\n<h2>Correos comerciales<\/h2>\n<p>De acuerdo con la LSSICE, lepoxi.com no realiza pr\u00e1cticas de SPAM, por lo que no enviar\u00e1 correos comerciales por v\u00eda electr\u00f3nica que no hayan sido previamente solicitados o autorizados por parte del usuario.[\/vc_column_text][\/vc_column][\/vc_row]<\/p>","protected":false},"excerpt":{"rendered":"<p>[vc_row type_row=&#8221;slider2&#8243;][vc_column][\/vc_column][\/vc_row][vc_row type_row=&#8221;graybg3&#8243;][vc_column][vc_column_text css=&#8221;.vc_custom_1611243605955{padding-right: 15px !important;padding-left: 15px !important;}&#8221;] Pol\u00edtica de [&hellip;]<\/p>\n","protected":false},"author":6,"featured_media":0,"parent":0,"menu_order":0,"comment_status":"closed","ping_status":"closed","template":"page-templates\/template-home.php","meta":[],"yoast_head":"<!-- This site is optimized with the Yoast SEO plugin v16.8 - https:\/\/yoast.com\/wordpress\/plugins\/seo\/ -->\n<title>Pol\u00edtica de privacidad - Lepoxi<\/title>\n<meta name=\"robots\" content=\"index, follow, max-snippet:-1, max-image-preview:large, max-video-preview:-1\" \/>\n<link rel=\"canonical\" href=\"https:\/\/lepoxi.com\/es\/politica-privacidad\/\" \/>\n<meta property=\"og:locale\" content=\"es_ES\" \/>\n<meta property=\"og:type\" content=\"article\" \/>\n<meta property=\"og:title\" content=\"Pol\u00edtica de privacidad - Lepoxi\" \/>\n<meta property=\"og:description\" content=\"[vc_row type_row=&#8221;slider2&#8243;][vc_column][\/vc_column][\/vc_row][vc_row type_row=&#8221;graybg3&#8243;][vc_column][vc_column_text css=&#8221;.vc_custom_1611243605955{padding-right: 15px !important;padding-left: 15px !important;}&#8221;] Pol\u00edtica de [&hellip;]\" \/>\n<meta property=\"og:url\" content=\"https:\/\/lepoxi.com\/es\/politica-privacidad\/\" \/>\n<meta property=\"og:site_name\" content=\"Lepoxi\" \/>\n<meta property=\"article:modified_time\" content=\"2021-01-21T15:40:49+00:00\" \/>\n<meta name=\"twitter:card\" content=\"summary_large_image\" \/>\n<meta name=\"twitter:label1\" content=\"Tiempo de lectura\" \/>\n\t<meta name=\"twitter:data1\" content=\"11 minutos\" \/>\n<script type=\"application\/ld+json\" class=\"yoast-schema-graph\">{\"@context\":\"https:\/\/schema.org\",\"@graph\":[{\"@type\":\"WebSite\",\"@id\":\"https:\/\/lepoxi.com\/es\/#website\",\"url\":\"https:\/\/lepoxi.com\/es\/\",\"name\":\"Lepoxi\",\"description\":\"L\\u00edder en proyectos con pintura al polvo\",\"potentialAction\":[{\"@type\":\"SearchAction\",\"target\":{\"@type\":\"EntryPoint\",\"urlTemplate\":\"https:\/\/lepoxi.com\/es\/?s={search_term_string}\"},\"query-input\":\"required name=search_term_string\"}],\"inLanguage\":\"es\"},{\"@type\":\"WebPage\",\"@id\":\"https:\/\/lepoxi.com\/es\/politica-privacidad\/#webpage\",\"url\":\"https:\/\/lepoxi.com\/es\/politica-privacidad\/\",\"name\":\"Pol\\u00edtica de privacidad - Lepoxi\",\"isPartOf\":{\"@id\":\"https:\/\/lepoxi.com\/es\/#website\"},\"datePublished\":\"2020-03-16T19:15:54+00:00\",\"dateModified\":\"2021-01-21T15:40:49+00:00\",\"breadcrumb\":{\"@id\":\"https:\/\/lepoxi.com\/es\/politica-privacidad\/#breadcrumb\"},\"inLanguage\":\"es\",\"potentialAction\":[{\"@type\":\"ReadAction\",\"target\":[[\"https:\/\/lepoxi.com\/es\/politica-privacidad\/\"]]}]},{\"@type\":\"BreadcrumbList\",\"@id\":\"https:\/\/lepoxi.com\/es\/politica-privacidad\/#breadcrumb\",\"itemListElement\":[{\"@type\":\"ListItem\",\"position\":1,\"name\":\"Home\",\"item\":\"https:\/\/lepoxi.com\/es\/\"},{\"@type\":\"ListItem\",\"position\":2,\"name\":\"Pol\\u00edtica de privacidad\"}]}]}<\/script>\n<!-- \/ Yoast SEO plugin. -->","yoast_head_json":{"title":"Pol\u00edtica de privacidad - Lepoxi","robots":{"index":"index","follow":"follow","max-snippet":"max-snippet:-1","max-image-preview":"max-image-preview:large","max-video-preview":"max-video-preview:-1"},"canonical":"https:\/\/lepoxi.com\/es\/politica-privacidad\/","og_locale":"es_ES","og_type":"article","og_title":"Pol\u00edtica de privacidad - Lepoxi","og_description":"[vc_row type_row=&#8221;slider2&#8243;][vc_column][\/vc_column][\/vc_row][vc_row type_row=&#8221;graybg3&#8243;][vc_column][vc_column_text css=&#8221;.vc_custom_1611243605955{padding-right: 15px !important;padding-left: 15px !important;}&#8221;] Pol\u00edtica de [&hellip;]","og_url":"https:\/\/lepoxi.com\/es\/politica-privacidad\/","og_site_name":"Lepoxi","article_modified_time":"2021-01-21T15:40:49+00:00","twitter_card":"summary_large_image","twitter_misc":{"Tiempo de lectura":"11 minutos"},"schema":{"@context":"https:\/\/schema.org","@graph":[{"@type":"WebSite","@id":"https:\/\/lepoxi.com\/es\/#website","url":"https:\/\/lepoxi.com\/es\/","name":"Lepoxi","description":"L\u00edder en proyectos con pintura al polvo","potentialAction":[{"@type":"SearchAction","target":{"@type":"EntryPoint","urlTemplate":"https:\/\/lepoxi.com\/es\/?s={search_term_string}"},"query-input":"required name=search_term_string"}],"inLanguage":"es"},{"@type":"WebPage","@id":"https:\/\/lepoxi.com\/es\/politica-privacidad\/#webpage","url":"https:\/\/lepoxi.com\/es\/politica-privacidad\/","name":"Pol\u00edtica de privacidad - Lepoxi","isPartOf":{"@id":"https:\/\/lepoxi.com\/es\/#website"},"datePublished":"2020-03-16T19:15:54+00:00","dateModified":"2021-01-21T15:40:49+00:00","breadcrumb":{"@id":"https:\/\/lepoxi.com\/es\/politica-privacidad\/#breadcrumb"},"inLanguage":"es","potentialAction":[{"@type":"ReadAction","target":[["https:\/\/lepoxi.com\/es\/politica-privacidad\/"]]}]},{"@type":"BreadcrumbList","@id":"https:\/\/lepoxi.com\/es\/politica-privacidad\/#breadcrumb","itemListElement":[{"@type":"ListItem","position":1,"name":"Home","item":"https:\/\/lepoxi.com\/es\/"},{"@type":"ListItem","position":2,"name":"Pol\u00edtica de privacidad"}]}]}},"_links":{"self":[{"href":"https:\/\/lepoxi.com\/es\/wp-json\/wp\/v2\/pages\/3"}],"collection":[{"href":"https:\/\/lepoxi.com\/es\/wp-json\/wp\/v2\/pages"}],"about":[{"href":"https:\/\/lepoxi.com\/es\/wp-json\/wp\/v2\/types\/page"}],"author":[{"embeddable":true,"href":"https:\/\/lepoxi.com\/es\/wp-json\/wp\/v2\/users\/6"}],"replies":[{"embeddable":true,"href":"https:\/\/lepoxi.com\/es\/wp-json\/wp\/v2\/comments?post=3"}],"version-history":[{"count":0,"href":"https:\/\/lepoxi.com\/es\/wp-json\/wp\/v2\/pages\/3\/revisions"}],"wp:attachment":[{"href":"https:\/\/lepoxi.com\/es\/wp-json\/wp\/v2\/media?parent=3"}],"curies":[{"name":"wp","href":"https:\/\/api.w.org\/{rel}","templated":true}]}}