{"id":751,"date":"2020-10-05T15:32:21","date_gmt":"2020-10-05T15:32:21","guid":{"rendered":"https:\/\/lepoxi.com\/?page_id=751"},"modified":"2025-01-23T15:59:31","modified_gmt":"2025-01-23T15:59:31","slug":"empresa","status":"publish","type":"page","link":"https:\/\/lepoxi.com\/es\/empresa\/","title":{"rendered":"Empresa"},"content":{"rendered":"<p>[vc_row type_row=&#8221;slider2&#8243;][vc_column] \n            <div style=\"background-image: url(https:\/\/lepoxi.com\/wp-content\/uploads\/2018\/05\/home_slider_img3.jpg);backgroudn-position: center right;\" class=\"item active slide-1\">\n          <div class=\"carousel-caption\">\n            <div class=\"thm-container\">\n              <div class=\"box valign-middle\">\n                <div class=\"content text-center\">\n                  <h1 data-animation=\"animated fadeInUp\">Empresa<\/h1>\n                  <p data-animation=\"animated fadeInDown\"><\/p>\n                                                    <\/div>\n              <\/div>\n            <\/div>\n          <\/div>\n        <\/div>\n[\/vc_column][\/vc_row][vc_row][vc_column] \n    <div class=\"full_wrapper padtb_100_100\">\n      <div class=\"container\">\n        <div class=\"row\">\n          <div class=\"col-lg-4 col-md-5 col-sm-12 col-xs-12\"><span class=\"wdt_img img_100\"><img src=\"https:\/\/lepoxi.com\/wp-content\/uploads\/2018\/05\/project_img2-3.jpg\" alt=\"About Img\" class=\"img-responsive\"><\/span><\/div>\n          <div class=\"col-lg-8 col-md-7 col-sm-12 col-xs-12 col_margin\">\n            <div class=\"plft50\">\n              <h3 class=\"mtopminus10 no_after letter_spac0 line_heg45 blue_head1\">\n                \u00bfQui\u00e9nes somos?              <\/h3>\n              <p class=\"fnt_18 mbot25\">Lepoxi es una empresa creada en 1992 con el af\u00e1n de dar servicio en el tratamiento de pintura y acabado de superficies met\u00e1licas. Las materias primas que emplea para llevar a cabo su actividad son las resinas epoxi, poliester y epoxi poliester.<\/p>\n              <p class=\"mbot25\">En una constante b\u00fasqueda de la mejora continua para dar el mejor servicio a nuestros clientes, obtuvimos los certificados ISO 9001:2008 y Qualisteelcoat siendo la primera empresa del sector en Gipuzkoa en obtener ambas acreditaciones.<br \/>\n<\/p>\n              <p class=\"mbot45\">Empresa en constante evoluci\u00f3n e inmersa en procesos de I+D+I as\u00ed como en programas para la gesti\u00f3n medioambiental o la prevenci\u00f3n y formaci\u00f3n del equipo que integra Lepoxi.<\/p>\n<p>Es importante rese\u00f1ar que la mayor\u00eda de la plantilla actual empez\u00f3 desde la fundaci\u00f3n de la empresa en el a\u00f1o 1992. Consecuentemente esto facilita a Lepoxi una dilatada experiencia adquirida por el equipo que integra la empresa.<\/p>\n<p>Somos pioneros en estudios de eficiencia energ\u00e9tica facilitando a la empresa una reducci\u00f3n de los costes gracias a sus auditorias en este campo, asimismo realizamos previsiones en riesgos laborales estando muy concienciados en este \u00e1mbito.<\/p>\n<p><\/p>\n              <a href=\"\" class=\"view-all hvr-bounce-to-right news_read_btn get_Quote\"><\/a><a href=\"\" class=\"view-all hvr-bounce-to-right news_read_btn get_Quote view_service\"><\/a>\n            <\/div>\n          <\/div>\n        <\/div>\n      <\/div>\n    <\/div>\n[\/vc_column][\/vc_row][vc_row type_row=&#8221;service&#8221; ses_title=&#8221;Historia&#8221; ses_subtitle=&#8221;En el a\u00f1o 1992 y con un prop\u00f3sito inicial de autoabastecimiento para la actividad principal de los socios fundadores, dedicados a la calderer\u00eda fina y al equipamiento de cocina, crearon la empresa Lepoxi para el servicio de pintura al polvo que demandaban sus actividades principales. Observaron a su vez la necesidad de ofrecer a nivel externo el servicio de pintura al polvo ante la creciente demanda de empresas de la zona.&#8221; ses_image=&#8221;591&#8243;][vc_column] \n        <div class=\"var5_srvice_col\">\n      <div class=\"v5_service\">\n        <div class=\"var5_srvice_left_wdt service1_left_bg\" style=\"background: url(https:\/\/lepoxi.com\/wp-content\/uploads\/2020\/10\/fondo-rojo.png) no-repeat center top;\n    padding: 100px 70px 112px 77px;\n    background-size: cover;\"><span class=\"var5_srvice_img\"><img src=\"\"><\/span>\n          <div class=\"var5_srvice_txt\">\n            <h6>1992<\/h6>\n            <p class=\"white_color1\">Surge la empresa para dar servicio de pintura al polvo ante la demanda creciente en el mercado.<\/p><a href=\"\" class=\"service_read\"><\/a>\n          <\/div>\n        <\/div>\n        <div class=\"var5_srvice_left_wdt service1_rght_bg\" style=\"background: url(https:\/\/lepoxi.com\/wp-content\/uploads\/2018\/05\/banner_img1.jpg) no-repeat center top;\n    height: 359px;\n    background-size: cover;\"><\/div>\n      <\/div>\n    <\/div>\n     \n    \n    <div class=\"var5_srvice_col\">\n        <div class=\"v5_service\">\n          <div class=\"var5_srvice_left_wdt service2_left_bg\" style=\"background: url(https:\/\/lepoxi.com\/wp-content\/uploads\/2018\/05\/news_img5-1.jpg) no-repeat center top;\n    padding: 100px 70px 112px 77px;\n    background-size: cover;\"><\/div>\n          <div class=\"var5_srvice_left_wdt service2_rght_bg\" style=\"background: url(https:\/\/lepoxi.com\/wp-content\/uploads\/2020\/10\/fondo-naranja.png) no-repeat center top;\n    height: 359px;\n    background-size: cover;\"><span class=\"var5_srvice_img\"><img src=\"\"><\/span>\n            <div class=\"var5_srvice_txt\">\n              <h6>2010<\/h6>\n              <p class=\"white_color1\">Obtenci\u00f3n del Certificado ISO 9001<\/p><a href=\"https:\/\/lepoxi.com\/wp-content\/uploads\/2022\/02\/CERTIFICADO.pdf\" class=\"service_read\">Descargar certificado<\/a>\n            <\/div>\n          <\/div>\n        <\/div>\n      <\/div>\n\n     \n        <div class=\"var5_srvice_col\">\n      <div class=\"v5_service\">\n        <div class=\"var5_srvice_left_wdt service1_left_bg\" style=\"background: url(https:\/\/lepoxi.com\/wp-content\/uploads\/2020\/10\/fondo-rojo.png) no-repeat center top;\n    padding: 100px 70px 112px 77px;\n    background-size: cover;\"><span class=\"var5_srvice_img\"><img src=\"\"><\/span>\n          <div class=\"var5_srvice_txt\">\n            <h6>2015<\/h6>\n            <p class=\"white_color1\">Ampliaci\u00f3n de instalaciones en 500 mts cuadrados adicionales<\/p><a href=\"\" class=\"service_read\"><\/a>\n          <\/div>\n        <\/div>\n        <div class=\"var5_srvice_left_wdt service1_rght_bg\" style=\"background: url(https:\/\/lepoxi.com\/wp-content\/uploads\/2018\/05\/banner_img3.jpg) no-repeat center top;\n    height: 359px;\n    background-size: cover;\"><\/div>\n      <\/div>\n    <\/div>\n     \n    \n    <div class=\"var5_srvice_col\">\n        <div class=\"v5_service\">\n          <div class=\"var5_srvice_left_wdt service2_left_bg\" style=\"background: url(https:\/\/lepoxi.com\/wp-content\/uploads\/2018\/05\/banner_img2.jpg) no-repeat center top;\n    padding: 100px 70px 112px 77px;\n    background-size: cover;\"><\/div>\n          <div class=\"var5_srvice_left_wdt service2_rght_bg\" style=\"background: url(https:\/\/lepoxi.com\/wp-content\/uploads\/2020\/10\/fondo-naranja.png) no-repeat center top;\n    height: 359px;\n    background-size: cover;\"><span class=\"var5_srvice_img\"><img src=\"\"><\/span>\n            <div class=\"var5_srvice_txt\">\n              <h6>2018<\/h6>\n              <p class=\"white_color1\">Reestructuraci\u00f3n que facilita la optimizaci\u00f3n de la superficie de almacenaje<\/p><a href=\"\" class=\"service_read\"><\/a>\n            <\/div>\n          <\/div>\n        <\/div>\n      <\/div>\n\n     \n        <div class=\"var5_srvice_col\">\n      <div class=\"v5_service\">\n        <div class=\"var5_srvice_left_wdt service1_left_bg\" style=\"background: url(https:\/\/lepoxi.com\/wp-content\/uploads\/2020\/10\/fondo-rojo.png) no-repeat center top;\n    padding: 100px 70px 112px 77px;\n    background-size: cover;\"><span class=\"var5_srvice_img\"><img src=\"\"><\/span>\n          <div class=\"var5_srvice_txt\">\n            <h6>2019<\/h6>\n            <p class=\"white_color1\">Obtenci\u00f3n del Certificado Qualisteelcoat <\/p><a href=\"https:\/\/lepoxi.com\/wp-content\/uploads\/2025\/01\/E-413-LEPOXI-2025-V3.pdf\" class=\"service_read\">Descargar certificado<\/a>\n          <\/div>\n        <\/div>\n        <div class=\"var5_srvice_left_wdt service1_rght_bg\" style=\"background: url() no-repeat center top;\n    height: 359px;\n    background-size: cover;\"><\/div>\n      <\/div>\n    <\/div>\n     \n    \n    <div class=\"var5_srvice_col\">\n        <div class=\"v5_service\">\n          <div class=\"var5_srvice_left_wdt service2_left_bg\" style=\"background: url(https:\/\/lepoxi.com\/wp-content\/uploads\/2020\/12\/2020.jpg) no-repeat center top;\n    padding: 100px 70px 112px 77px;\n    background-size: cover;\"><\/div>\n          <div class=\"var5_srvice_left_wdt service2_rght_bg\" style=\"background: url(https:\/\/lepoxi.com\/wp-content\/uploads\/2020\/10\/fondo-naranja.png) no-repeat center top;\n    height: 359px;\n    background-size: cover;\"><span class=\"var5_srvice_img\"><img src=\"\"><\/span>\n            <div class=\"var5_srvice_txt\">\n              <h6>2020<\/h6>\n              <p class=\"white_color1\">Ampliaci\u00f3n de instalaciones en 250 mts cuadrados adicionales<\/p><a href=\"\" class=\"service_read\"><\/a>\n            <\/div>\n          <\/div>\n        <\/div>\n      <\/div>\n\n    [\/vc_column][\/vc_row][vc_row][vc_column column_id=&#8221;pie_contactar&#8221;] \n        <div class=\"full_wrapper yellow_bg\">\n      <div class=\"container\">\n        <div class=\"innov_txt\"> Para cualquier consulta no dude en contactar con nosotros<\/div>\n        <div class=\"innove_quote_btn\"><a href=\"https:\/\/lepoxi.com\/contacto\/\" class=\"view-all hvr-bounce-to-right get_quote_btn sec_var_quote_btn\">Contactar<\/a><\/div>\n      <\/div>\n    <\/div>\n    [\/vc_column][\/vc_row]<\/p>","protected":false},"excerpt":{"rendered":"<p>[vc_row type_row=&#8221;slider2&#8243;][vc_column][\/vc_column][\/vc_row][vc_row][vc_column][\/vc_column][\/vc_row][vc_row type_row=&#8221;service&#8221; ses_title=&#8221;Historia&#8221; ses_subtitle=&#8221;En el a\u00f1o 1992 y con [&hellip;]<\/p>\n","protected":false},"author":6,"featured_media":0,"parent":0,"menu_order":0,"comment_status":"closed","ping_status":"closed","template":"page-templates\/template-home.php","meta":[],"yoast_head":"<!-- This site is optimized with the Yoast SEO plugin v16.8 - https:\/\/yoast.com\/wordpress\/plugins\/seo\/ -->\n<title>Desde 1992 en el tratamiento de pintura y acabados del metal<\/title>\n<meta name=\"description\" content=\"Lepoxi es la primera empresa del sector en obtener el certificado ISO 9001:2008 contando a su vez con el prestigioso Qualisteelcoat, garant\u00edas de calidad\" \/>\n<meta name=\"robots\" content=\"index, follow, max-snippet:-1, max-image-preview:large, max-video-preview:-1\" \/>\n<link rel=\"canonical\" href=\"https:\/\/lepoxi.com\/es\/empresa\/\" \/>\n<meta property=\"og:locale\" content=\"es_ES\" \/>\n<meta property=\"og:type\" content=\"article\" \/>\n<meta property=\"og:title\" content=\"Desde 1992 en el tratamiento de pintura y acabados del metal\" \/>\n<meta property=\"og:description\" content=\"Lepoxi es la primera empresa del sector en obtener el certificado ISO 9001:2008 contando a su vez con el prestigioso Qualisteelcoat, garant\u00edas de calidad\" \/>\n<meta property=\"og:url\" content=\"https:\/\/lepoxi.com\/es\/empresa\/\" \/>\n<meta property=\"og:site_name\" content=\"Lepoxi\" \/>\n<meta property=\"article:modified_time\" content=\"2025-01-23T15:59:31+00:00\" \/>\n<meta name=\"twitter:card\" content=\"summary_large_image\" \/>\n<meta name=\"twitter:label1\" content=\"Tiempo de lectura\" \/>\n\t<meta name=\"twitter:data1\" content=\"2 minutos\" \/>\n<script type=\"application\/ld+json\" class=\"yoast-schema-graph\">{\"@context\":\"https:\/\/schema.org\",\"@graph\":[{\"@type\":\"WebSite\",\"@id\":\"https:\/\/lepoxi.com\/es\/#website\",\"url\":\"https:\/\/lepoxi.com\/es\/\",\"name\":\"Lepoxi\",\"description\":\"L\\u00edder en proyectos con pintura al polvo\",\"potentialAction\":[{\"@type\":\"SearchAction\",\"target\":{\"@type\":\"EntryPoint\",\"urlTemplate\":\"https:\/\/lepoxi.com\/es\/?s={search_term_string}\"},\"query-input\":\"required name=search_term_string\"}],\"inLanguage\":\"es\"},{\"@type\":\"WebPage\",\"@id\":\"https:\/\/lepoxi.com\/es\/empresa\/#webpage\",\"url\":\"https:\/\/lepoxi.com\/es\/empresa\/\",\"name\":\"Desde 1992 en el tratamiento de pintura y acabados del metal\",\"isPartOf\":{\"@id\":\"https:\/\/lepoxi.com\/es\/#website\"},\"datePublished\":\"2020-10-05T15:32:21+00:00\",\"dateModified\":\"2025-01-23T15:59:31+00:00\",\"description\":\"Lepoxi es la primera empresa del sector en obtener el certificado ISO 9001:2008 contando a su vez con el prestigioso Qualisteelcoat, garant\\u00edas de calidad\",\"breadcrumb\":{\"@id\":\"https:\/\/lepoxi.com\/es\/empresa\/#breadcrumb\"},\"inLanguage\":\"es\",\"potentialAction\":[{\"@type\":\"ReadAction\",\"target\":[[\"https:\/\/lepoxi.com\/es\/empresa\/\"]]}]},{\"@type\":\"BreadcrumbList\",\"@id\":\"https:\/\/lepoxi.com\/es\/empresa\/#breadcrumb\",\"itemListElement\":[{\"@type\":\"ListItem\",\"position\":1,\"name\":\"Home\",\"item\":\"https:\/\/lepoxi.com\/es\/\"},{\"@type\":\"ListItem\",\"position\":2,\"name\":\"Empresa\"}]}]}<\/script>\n<!-- \/ Yoast SEO plugin. -->","yoast_head_json":{"title":"Desde 1992 en el tratamiento de pintura y acabados del metal","description":"Lepoxi es la primera empresa del sector en obtener el certificado ISO 9001:2008 contando a su vez con el prestigioso Qualisteelcoat, garant\u00edas de calidad","robots":{"index":"index","follow":"follow","max-snippet":"max-snippet:-1","max-image-preview":"max-image-preview:large","max-video-preview":"max-video-preview:-1"},"canonical":"https:\/\/lepoxi.com\/es\/empresa\/","og_locale":"es_ES","og_type":"article","og_title":"Desde 1992 en el tratamiento de pintura y acabados del metal","og_description":"Lepoxi es la primera empresa del sector en obtener el certificado ISO 9001:2008 contando a su vez con el prestigioso Qualisteelcoat, garant\u00edas de calidad","og_url":"https:\/\/lepoxi.com\/es\/empresa\/","og_site_name":"Lepoxi","article_modified_time":"2025-01-23T15:59:31+00:00","twitter_card":"summary_large_image","twitter_misc":{"Tiempo de lectura":"2 minutos"},"schema":{"@context":"https:\/\/schema.org","@graph":[{"@type":"WebSite","@id":"https:\/\/lepoxi.com\/es\/#website","url":"https:\/\/lepoxi.com\/es\/","name":"Lepoxi","description":"L\u00edder en proyectos con pintura al polvo","potentialAction":[{"@type":"SearchAction","target":{"@type":"EntryPoint","urlTemplate":"https:\/\/lepoxi.com\/es\/?s={search_term_string}"},"query-input":"required name=search_term_string"}],"inLanguage":"es"},{"@type":"WebPage","@id":"https:\/\/lepoxi.com\/es\/empresa\/#webpage","url":"https:\/\/lepoxi.com\/es\/empresa\/","name":"Desde 1992 en el tratamiento de pintura y acabados del metal","isPartOf":{"@id":"https:\/\/lepoxi.com\/es\/#website"},"datePublished":"2020-10-05T15:32:21+00:00","dateModified":"2025-01-23T15:59:31+00:00","description":"Lepoxi es la primera empresa del sector en obtener el certificado ISO 9001:2008 contando a su vez con el prestigioso Qualisteelcoat, garant\u00edas de calidad","breadcrumb":{"@id":"https:\/\/lepoxi.com\/es\/empresa\/#breadcrumb"},"inLanguage":"es","potentialAction":[{"@type":"ReadAction","target":[["https:\/\/lepoxi.com\/es\/empresa\/"]]}]},{"@type":"BreadcrumbList","@id":"https:\/\/lepoxi.com\/es\/empresa\/#breadcrumb","itemListElement":[{"@type":"ListItem","position":1,"name":"Home","item":"https:\/\/lepoxi.com\/es\/"},{"@type":"ListItem","position":2,"name":"Empresa"}]}]}},"_links":{"self":[{"href":"https:\/\/lepoxi.com\/es\/wp-json\/wp\/v2\/pages\/751"}],"collection":[{"href":"https:\/\/lepoxi.com\/es\/wp-json\/wp\/v2\/pages"}],"about":[{"href":"https:\/\/lepoxi.com\/es\/wp-json\/wp\/v2\/types\/page"}],"author":[{"embeddable":true,"href":"https:\/\/lepoxi.com\/es\/wp-json\/wp\/v2\/users\/6"}],"replies":[{"embeddable":true,"href":"https:\/\/lepoxi.com\/es\/wp-json\/wp\/v2\/comments?post=751"}],"version-history":[{"count":3,"href":"https:\/\/lepoxi.com\/es\/wp-json\/wp\/v2\/pages\/751\/revisions"}],"predecessor-version":[{"id":1581,"href":"https:\/\/lepoxi.com\/es\/wp-json\/wp\/v2\/pages\/751\/revisions\/1581"}],"wp:attachment":[{"href":"https:\/\/lepoxi.com\/es\/wp-json\/wp\/v2\/media?parent=751"}],"curies":[{"name":"wp","href":"https:\/\/api.w.org\/{rel}","templated":true}]}}