{"id":821,"date":"2020-10-06T09:39:50","date_gmt":"2020-10-06T09:39:50","guid":{"rendered":"https:\/\/lepoxi.com\/?page_id=821"},"modified":"2021-05-08T09:21:33","modified_gmt":"2021-05-08T09:21:33","slug":"proceso-productivo","status":"publish","type":"page","link":"https:\/\/lepoxi.com\/es\/proceso-productivo\/","title":{"rendered":"Proceso productivo"},"content":{"rendered":"<p>[vc_row type_row=&#8221;slider2&#8243;][vc_column] \n            <div style=\"background-image: url(https:\/\/lepoxi.com\/wp-content\/uploads\/2018\/05\/banner_img1-1.jpg);backgroudn-position: center right;\" class=\"item active slide-1\">\n          <div class=\"carousel-caption\">\n            <div class=\"thm-container\">\n              <div class=\"box valign-middle\">\n                <div class=\"content text-center\">\n                  <h1 data-animation=\"animated fadeInUp\">Proceso productivo<\/h1>\n                  <p data-animation=\"animated fadeInDown\"><\/p>\n                                                    <\/div>\n              <\/div>\n            <\/div>\n          <\/div>\n        <\/div>\n[\/vc_column][\/vc_row][vc_row type_row=&#8221;graybg3&#8243; ses_title=&#8221;\u00bfC\u00f3mo trabajamos?&#8221; ses_subtitle=&#8221;Peque\u00f1o texto aqu\u00ed&#8221;][vc_column width=&#8221;7\/12&#8243; type=&#8221;column&#8221;][vc_raw_html]JTNDaDIlM0UlQzIlQkZDJUMzJUIzbW8lMjB0cmFiYWphbW9zJTNGJTNDJTJGaDIlM0UlMEElM0NkaXYlMjBzdHlsZSUzRCUyMndpZHRoJTNBJTIwMTAwJTI1JTNCJTIwaGVpZ2h0JTNBJTIwNTBweCUzQiUyMiUzRSUzQyUyRmRpdiUzRQ==[\/vc_raw_html] \n    <div class=\"row mbot40\">\n      <div class=\"col-lg-3 col-md-4 col-sm-2 col-xs-4\"><img src=\"https:\/\/lepoxi.com\/wp-content\/uploads\/2018\/05\/modern_equip_icon-1.png\" alt=\"quality assurance\"><\/div>\n      <div class=\"col-lg-9 col-md-8 col-sm-10 col-xs-8\">\n        <h4 class=\"letter_space_0 mbot15\">Preparaci\u00f3n<\/h4>\n        <p>Todas las piezas que se tratan en Lepoxi son \u00fanicas y entran en el proceso de la cadena productiva de manera individual aplicando a cada una de ellas la atenci\u00f3n necesaria por parte de los operarios para un acabado \u00f3ptimo. Vamos m\u00e1s all\u00e1 de la aplicaci\u00f3n de pintura Epoxi en las estructuras y piezas met\u00e1licas que se tratan durante el proceso productivo y lo completamos con servicios como serigrafiado, manipulado, montaje, etiquetado, embalaje, etc... adem\u00e1s de cumplir con todas las especificaciones que nos dictan los clientes, lo que les da un valor a\u00f1adido al trabajar con Lepoxi. <\/p>\n      <\/div>\n    <\/div>\n \n    <div class=\"row mbot40\">\n      <div class=\"col-lg-3 col-md-4 col-sm-2 col-xs-4\"><img src=\"https:\/\/lepoxi.com\/wp-content\/uploads\/2018\/05\/award_icon-1.png\" alt=\"quality assurance\"><\/div>\n      <div class=\"col-lg-9 col-md-8 col-sm-10 col-xs-8\">\n        <h4 class=\"letter_space_0 mbot15\">Circuito<\/h4>\n        <p>En Lepoxi contamos con un complejo circuito dotado con los \u00faltimos avances en tecnolog\u00eda que nos permiten seguir un proceso de producci\u00f3n con todas las garant\u00edas de calidad necesarias.<br \/>\nCada pieza introducida en el circuito pasa inicialmente por un tratamiento de la superficie para acondicionar \u00e9sta, a continuaci\u00f3n se le aplica la fase del secado previa a la cabina de pintura en donde se pintar\u00e1 de manera homog\u00e9nea. Una vez pintada la pieza pasa al horno de polimerizado para conseguir que la pintura se adhiera firmemente a la pieza y para que adquiera la durabilidad \u00f3ptima y est\u00e9tica demandadas por el cliente.<\/p>\n      <\/div>\n    <\/div>\n \n    <div class=\"row mbot40\">\n      <div class=\"col-lg-3 col-md-4 col-sm-2 col-xs-4\"><img src=\"https:\/\/lepoxi.com\/wp-content\/uploads\/2018\/05\/quality_icon-1.png\" alt=\"quality assurance\"><\/div>\n      <div class=\"col-lg-9 col-md-8 col-sm-10 col-xs-8\">\n        <h4 class=\"letter_space_0 mbot15\">Garant\u00edas<\/h4>\n        <p>Este proceso productivo a trav\u00e9s del circuito implantado en Lepoxi, nos da como resultado la obtenci\u00f3n de la prestigiosa Norma ISO 9001 y de la misma manera contamos con el certificado Qualisteelcoat de cara a controlar un buen acabado est\u00e9tico para piezas de hierro una vez aplicada la pintura adem\u00e1s de garantizar su protecci\u00f3n contra la corrosi\u00f3n.<\/p>\n      <\/div>\n    <\/div>\n \n    <div class=\"row mbot40\">\n      <div class=\"col-lg-3 col-md-4 col-sm-2 col-xs-4\"><img src=\"https:\/\/lepoxi.com\/wp-content\/uploads\/2018\/05\/engineer_icon.png\" alt=\"quality assurance\"><\/div>\n      <div class=\"col-lg-9 col-md-8 col-sm-10 col-xs-8\">\n        <h4 class=\"letter_space_0 mbot15\">Seguridad<\/h4>\n        <p>A destacar igualmente la implementaci\u00f3n del Plan de Prevenci\u00f3n de Riesgos Laborales de cara a reforzar la seguridad de nuestro mayor valor, nuestro equipo humano.<\/p>\n      <\/div>\n    <\/div>\n[vc_raw_html]JTNDZGl2JTIwc3R5bGUlM0QlMjJ3aWR0aCUzQSUyMDEwMCUyNSUzQiUyMGhlaWdodCUzQSUyMDEwMHB4JTNCJTIyJTNFJTNDJTJGZGl2JTNF[\/vc_raw_html][\/vc_column][vc_column width=&#8221;5\/12&#8243; type=&#8221;column&#8221;][vc_raw_html]JTNDZGl2JTIwc3R5bGUlM0QlMjJwYWRkaW5nJTNBJTIwMTAwcHglMjAzMHB4JTNCJTIyJTNFJTBBJTNDaW1nJTIwc3JjJTNEJTIyaHR0cHMlM0ElMkYlMkZsZXBveGkuY29tJTJGd3AtY29udGVudCUyRnVwbG9hZHMlMkYyMDE4JTJGMDUlMkZwcm9kMS5qcGclMjIlMjBzdHlsZSUzRCUyMndpZHRoJTNBJTIwMTAwJTI1JTNCJTIyJTJGJTNFJTBBJTNDaW1nJTIwc3JjJTNEJTIyaHR0cHMlM0ElMkYlMkZsZXBveGkuY29tJTJGd3AtY29udGVudCUyRnVwbG9hZHMlMkYyMDE4JTJGMDUlMkZwcm9kMi5qcGclMjIlMjBzdHlsZSUzRCUyMndpZHRoJTNBJTIwMTAwJTI1JTNCJTIwbWFyZ2luLXRvcCUzQSUyMDMwcHglM0IlMjIlMkYlM0UlMEElM0MlMkZkaXYlM0UlMEElM0NkaXYlMjBzdHlsZSUzRCUyMndpZHRoJTNBJTIwMTAwJTI1JTNCJTIwaGVpZ2h0JTNBJTIwMTAwcHglM0IlMjIlM0UlM0MlMkZkaXYlM0UlMEE=[\/vc_raw_html][\/vc_column][\/vc_row][vc_row type_row=&#8221;service&#8221; ses_title=&#8221;Medio ambiente&#8221; ses_image=&#8221;1012&#8243;][vc_column] \n        <div class=\"var5_srvice_col\">\n      <div class=\"v5_service\">\n        <div class=\"var5_srvice_left_wdt service1_left_bg\" style=\"background: url(https:\/\/lepoxi.com\/wp-content\/uploads\/2020\/10\/fondo-rojo.png) no-repeat center top;\n    padding: 100px 70px 112px 77px;\n    background-size: cover;\"><span class=\"var5_srvice_img\"><img src=\"\"><\/span>\n          <div class=\"var5_srvice_txt\">\n            <h6><\/h6>\n            <p class=\"white_color1\">En Lepoxi somos conscientes de la necesidad de seguir pol\u00edticas medioambientales acordes con las buenas pr\u00e1cticas. Por este motivo gestionamos toda la materia prima sobrante a trav\u00e9s de una empresa externa que las transporta a una planta de residuos en donde recibir\u00e1n un tratamiento adecuado a las pol\u00edticas medioambientales.<\/p><a href=\"\" class=\"service_read\"><\/a>\n          <\/div>\n        <\/div>\n        <div class=\"var5_srvice_left_wdt service1_rght_bg\" style=\"background: url(https:\/\/lepoxi.com\/wp-content\/uploads\/2018\/05\/home_project_img4-1-1.jpg) no-repeat center top;\n    height: 359px;\n    background-size: cover;\"><\/div>\n      <\/div>\n    <\/div>\n    [\/vc_column][\/vc_row][vc_row][vc_column column_id=&#8221;pie_contactar&#8221;] \n        <div class=\"full_wrapper yellow_bg\">\n      <div class=\"container\">\n        <div class=\"innov_txt\"> Para cualquier consulta no dude en contactar con nosotros<\/div>\n        <div class=\"innove_quote_btn\"><a href=\"https:\/\/lepoxi.com\/contacto\/\" class=\"view-all hvr-bounce-to-right get_quote_btn sec_var_quote_btn\">Contactar<\/a><\/div>\n      <\/div>\n    <\/div>\n    [\/vc_column][\/vc_row]<\/p>","protected":false},"excerpt":{"rendered":"<p>[vc_row type_row=&#8221;slider2&#8243;][vc_column][\/vc_column][\/vc_row][vc_row type_row=&#8221;graybg3&#8243; ses_title=&#8221;\u00bfC\u00f3mo trabajamos?&#8221; ses_subtitle=&#8221;Peque\u00f1o texto aqu\u00ed&#8221;][vc_column width=&#8221;7\/12&#8243; type=&#8221;column&#8221;][vc_raw_html]JTNDaDIlM0UlQzIlQkZDJUMzJUIzbW8lMjB0cmFiYWphbW9zJTNGJTNDJTJGaDIlM0UlMEElM0NkaXYlMjBzdHlsZSUzRCUyMndpZHRoJTNBJTIwMTAwJTI1JTNCJTIwaGVpZ2h0JTNBJTIwNTBweCUzQiUyMiUzRSUzQyUyRmRpdiUzRQ==[\/vc_raw_html][vc_raw_html]JTNDZGl2JTIwc3R5bGUlM0QlMjJ3aWR0aCUzQSUyMDEwMCUyNSUzQiUyMGhlaWdodCUzQSUyMDEwMHB4JTNCJTIyJTNFJTNDJTJGZGl2JTNF[\/vc_raw_html][\/vc_column][vc_column [&hellip;]<\/p>\n","protected":false},"author":6,"featured_media":0,"parent":0,"menu_order":0,"comment_status":"closed","ping_status":"closed","template":"page-templates\/template-home.php","meta":[],"yoast_head":"<!-- This site is optimized with the Yoast SEO plugin v16.8 - https:\/\/yoast.com\/wordpress\/plugins\/seo\/ -->\n<title>Proceso productivo optimizado y con garant\u00edas de calidad<\/title>\n<meta name=\"description\" content=\"Tratamiento individual de cada pieza en todo el proceso a trav\u00e9s de un completo circuito respaldado por los \u00faltimos avances en tecnolog\u00eda\" \/>\n<meta name=\"robots\" content=\"index, follow, max-snippet:-1, max-image-preview:large, max-video-preview:-1\" \/>\n<link rel=\"canonical\" href=\"https:\/\/lepoxi.com\/es\/proceso-productivo\/\" \/>\n<meta property=\"og:locale\" content=\"es_ES\" \/>\n<meta property=\"og:type\" content=\"article\" \/>\n<meta property=\"og:title\" content=\"Proceso productivo optimizado y con garant\u00edas de calidad\" \/>\n<meta property=\"og:description\" content=\"Tratamiento individual de cada pieza en todo el proceso a trav\u00e9s de un completo circuito respaldado por los \u00faltimos avances en tecnolog\u00eda\" \/>\n<meta property=\"og:url\" content=\"https:\/\/lepoxi.com\/es\/proceso-productivo\/\" \/>\n<meta property=\"og:site_name\" content=\"Lepoxi\" \/>\n<meta property=\"article:modified_time\" content=\"2021-05-08T09:21:33+00:00\" \/>\n<meta name=\"twitter:card\" content=\"summary_large_image\" \/>\n<meta name=\"twitter:label1\" content=\"Tiempo de lectura\" \/>\n\t<meta name=\"twitter:data1\" content=\"9 minutos\" \/>\n<script type=\"application\/ld+json\" class=\"yoast-schema-graph\">{\"@context\":\"https:\/\/schema.org\",\"@graph\":[{\"@type\":\"WebSite\",\"@id\":\"https:\/\/lepoxi.com\/es\/#website\",\"url\":\"https:\/\/lepoxi.com\/es\/\",\"name\":\"Lepoxi\",\"description\":\"L\\u00edder en proyectos con pintura al polvo\",\"potentialAction\":[{\"@type\":\"SearchAction\",\"target\":{\"@type\":\"EntryPoint\",\"urlTemplate\":\"https:\/\/lepoxi.com\/es\/?s={search_term_string}\"},\"query-input\":\"required name=search_term_string\"}],\"inLanguage\":\"es\"},{\"@type\":\"WebPage\",\"@id\":\"https:\/\/lepoxi.com\/es\/proceso-productivo\/#webpage\",\"url\":\"https:\/\/lepoxi.com\/es\/proceso-productivo\/\",\"name\":\"Proceso productivo optimizado y con garant\\u00edas de calidad\",\"isPartOf\":{\"@id\":\"https:\/\/lepoxi.com\/es\/#website\"},\"datePublished\":\"2020-10-06T09:39:50+00:00\",\"dateModified\":\"2021-05-08T09:21:33+00:00\",\"description\":\"Tratamiento individual de cada pieza en todo el proceso a trav\\u00e9s de un completo circuito respaldado por los \\u00faltimos avances en tecnolog\\u00eda\",\"breadcrumb\":{\"@id\":\"https:\/\/lepoxi.com\/es\/proceso-productivo\/#breadcrumb\"},\"inLanguage\":\"es\",\"potentialAction\":[{\"@type\":\"ReadAction\",\"target\":[[\"https:\/\/lepoxi.com\/es\/proceso-productivo\/\"]]}]},{\"@type\":\"BreadcrumbList\",\"@id\":\"https:\/\/lepoxi.com\/es\/proceso-productivo\/#breadcrumb\",\"itemListElement\":[{\"@type\":\"ListItem\",\"position\":1,\"name\":\"Home\",\"item\":\"https:\/\/lepoxi.com\/es\/\"},{\"@type\":\"ListItem\",\"position\":2,\"name\":\"Proceso productivo\"}]}]}<\/script>\n<!-- \/ Yoast SEO plugin. -->","yoast_head_json":{"title":"Proceso productivo optimizado y con garant\u00edas de calidad","description":"Tratamiento individual de cada pieza en todo el proceso a trav\u00e9s de un completo circuito respaldado por los \u00faltimos avances en tecnolog\u00eda","robots":{"index":"index","follow":"follow","max-snippet":"max-snippet:-1","max-image-preview":"max-image-preview:large","max-video-preview":"max-video-preview:-1"},"canonical":"https:\/\/lepoxi.com\/es\/proceso-productivo\/","og_locale":"es_ES","og_type":"article","og_title":"Proceso productivo optimizado y con garant\u00edas de calidad","og_description":"Tratamiento individual de cada pieza en todo el proceso a trav\u00e9s de un completo circuito respaldado por los \u00faltimos avances en tecnolog\u00eda","og_url":"https:\/\/lepoxi.com\/es\/proceso-productivo\/","og_site_name":"Lepoxi","article_modified_time":"2021-05-08T09:21:33+00:00","twitter_card":"summary_large_image","twitter_misc":{"Tiempo de lectura":"9 minutos"},"schema":{"@context":"https:\/\/schema.org","@graph":[{"@type":"WebSite","@id":"https:\/\/lepoxi.com\/es\/#website","url":"https:\/\/lepoxi.com\/es\/","name":"Lepoxi","description":"L\u00edder en proyectos con pintura al polvo","potentialAction":[{"@type":"SearchAction","target":{"@type":"EntryPoint","urlTemplate":"https:\/\/lepoxi.com\/es\/?s={search_term_string}"},"query-input":"required name=search_term_string"}],"inLanguage":"es"},{"@type":"WebPage","@id":"https:\/\/lepoxi.com\/es\/proceso-productivo\/#webpage","url":"https:\/\/lepoxi.com\/es\/proceso-productivo\/","name":"Proceso productivo optimizado y con garant\u00edas de calidad","isPartOf":{"@id":"https:\/\/lepoxi.com\/es\/#website"},"datePublished":"2020-10-06T09:39:50+00:00","dateModified":"2021-05-08T09:21:33+00:00","description":"Tratamiento individual de cada pieza en todo el proceso a trav\u00e9s de un completo circuito respaldado por los \u00faltimos avances en tecnolog\u00eda","breadcrumb":{"@id":"https:\/\/lepoxi.com\/es\/proceso-productivo\/#breadcrumb"},"inLanguage":"es","potentialAction":[{"@type":"ReadAction","target":[["https:\/\/lepoxi.com\/es\/proceso-productivo\/"]]}]},{"@type":"BreadcrumbList","@id":"https:\/\/lepoxi.com\/es\/proceso-productivo\/#breadcrumb","itemListElement":[{"@type":"ListItem","position":1,"name":"Home","item":"https:\/\/lepoxi.com\/es\/"},{"@type":"ListItem","position":2,"name":"Proceso productivo"}]}]}},"_links":{"self":[{"href":"https:\/\/lepoxi.com\/es\/wp-json\/wp\/v2\/pages\/821"}],"collection":[{"href":"https:\/\/lepoxi.com\/es\/wp-json\/wp\/v2\/pages"}],"about":[{"href":"https:\/\/lepoxi.com\/es\/wp-json\/wp\/v2\/types\/page"}],"author":[{"embeddable":true,"href":"https:\/\/lepoxi.com\/es\/wp-json\/wp\/v2\/users\/6"}],"replies":[{"embeddable":true,"href":"https:\/\/lepoxi.com\/es\/wp-json\/wp\/v2\/comments?post=821"}],"version-history":[{"count":0,"href":"https:\/\/lepoxi.com\/es\/wp-json\/wp\/v2\/pages\/821\/revisions"}],"wp:attachment":[{"href":"https:\/\/lepoxi.com\/es\/wp-json\/wp\/v2\/media?parent=821"}],"curies":[{"name":"wp","href":"https:\/\/api.w.org\/{rel}","templated":true}]}}