{"id":971,"date":"2020-10-06T17:43:19","date_gmt":"2020-10-06T17:43:19","guid":{"rendered":"https:\/\/lepoxi.com\/?page_id=971"},"modified":"2021-05-08T09:23:25","modified_gmt":"2021-05-08T09:23:25","slug":"metalizacion","status":"publish","type":"page","link":"https:\/\/lepoxi.com\/es\/metalizacion\/","title":{"rendered":"Metalizaci\u00f3n"},"content":{"rendered":"<p>[vc_row type_row=&#8221;slider2&#8243;][vc_column] \n            <div style=\"background-image: url(https:\/\/lepoxi.com\/wp-content\/uploads\/2020\/12\/metalizacion.jpg);backgroudn-position: center right;\" class=\"item active slide-1\">\n          <div class=\"carousel-caption\">\n            <div class=\"thm-container\">\n              <div class=\"box valign-middle\">\n                <div class=\"content text-center\">\n                  <h1 data-animation=\"animated fadeInUp\">Metalizaci\u00f3n<\/h1>\n                  <p data-animation=\"animated fadeInDown\"><\/p>\n                                                    <\/div>\n              <\/div>\n            <\/div>\n          <\/div>\n        <\/div>\n[\/vc_column][\/vc_row][vc_row type_row=&#8221;graybg3&#8243;][vc_column][vc_column_text]<\/p>\n<div class=\"full_width mbot50\">\n<div class=\"service_left_wdt service_left_wdt1\">\n<h3 class=\"fnt_28 mbot10\">\u00bfEn qu\u00e9 consiste?<\/h3>\n<p class=\"gray_color1 text-justify\">El metalizado de materiales consiste en rociar la superficie de una pieza previamente granallada y cubrirla mediante un fundido de un metal como el zinc o el zinc-aluminio o mediante un material cer\u00e1mico con un fin de protecci\u00f3n. Se logra adherir el fundido al unirse las part\u00edculas mec\u00e1nicas con la rugosidad del sustrato.<\/p>\n<p>&nbsp;<\/p>\n<p class=\"gray_color1 text-justify\">El metal fundido aplicado sobre la superficie de la pieza representa un escudo frente a agresiones del exterior bloqueando de esta manera el proceso del acero expuesto a la atm\u00f3sfera as\u00ed como cualquier riesgo de que la oxidaci\u00f3n se extienda bajo el recubrimiento aplicado como protector con el proceso del metalizado. La protecci\u00f3n se extiendo como m\u00ednimo durante 15 a\u00f1os a\u00fan en atm\u00f3sferas muy agresivas ya sea por el contacto con otros materiales o por el propio clima.<\/p>\n<p>&nbsp;<\/p>\n<p class=\"gray_color1 text-justify\">El recubrimiento favorece la aplicaci\u00f3n y adherencia de un pintado posterior gracias a su porosidad y rugosidad. Asimismo es capaz de modificar las caracter\u00edsticas de la pieza en donde se aplica el metalizado mejorando su capacidad de resistencia a los golpes y a la corrosi\u00f3n.<\/p>\n<\/div>\n<div class=\"wdt_img oil_lubricant_img shadow_effect effect-apollo\"><img src=\"https:\/\/lepoxi.com\/wp-content\/uploads\/2018\/05\/metal1.jpg\" \/><\/div>\n<\/div>\n<div style=\"width: 100%; height: 30px;\"><\/div>\n<p>[\/vc_column_text][\/vc_column][\/vc_row][vc_row][vc_column width=&#8221;1\/3&#8243; type=&#8221;column&#8221;][vc_raw_html]JTNDZGl2JTIwY2xhc3MlM0QlMjJzaGFkb3dfZWZmZWN0JTIwZWZmZWN0LWFwb2xsbyUyMiUzRSUwQSUzQ2ltZyUyMHNyYyUzRCUyMmh0dHBzJTNBJTJGJTJGbGVwb3hpLmNvbSUyRndwLWNvbnRlbnQlMkZ1cGxvYWRzJTJGMjAxOCUyRjA1JTJGbWV0YWwyLmpwZyUyMiUyMHN0eWxlJTNEJTIyd2lkdGglM0ElMjAxMDAlMjUlM0IlMjIlMkYlM0UlMEElM0MlMkZkaXYlM0U=[\/vc_raw_html][\/vc_column][vc_column width=&#8221;1\/3&#8243; type=&#8221;column&#8221;][vc_raw_html]JTNDZGl2JTIwY2xhc3MlM0QlMjJzaGFkb3dfZWZmZWN0JTIwZWZmZWN0LWFwb2xsbyUyMiUzRSUwQSUzQ2ltZyUyMHNyYyUzRCUyMmh0dHBzJTNBJTJGJTJGbGVwb3hpLmNvbSUyRndwLWNvbnRlbnQlMkZ1cGxvYWRzJTJGMjAxOCUyRjA1JTJGbWV0YWwzLmpwZyUyMiUyMHN0eWxlJTNEJTIyd2lkdGglM0ElMjAxMDAlMjUlM0IlMjIlMkYlM0UlMEElM0MlMkZkaXYlM0U=[\/vc_raw_html][\/vc_column][vc_column width=&#8221;1\/3&#8243; type=&#8221;column&#8221;][vc_raw_html]JTNDZGl2JTIwY2xhc3MlM0QlMjJzaGFkb3dfZWZmZWN0JTIwZWZmZWN0LWFwb2xsbyUyMiUzRSUwQSUzQ2ltZyUyMHNyYyUzRCUyMmh0dHBzJTNBJTJGJTJGbGVwb3hpLmNvbSUyRndwLWNvbnRlbnQlMkZ1cGxvYWRzJTJGMjAxOCUyRjA1JTJGbWV0YWw0LmpwZyUyMiUyMHN0eWxlJTNEJTIyd2lkdGglM0ElMjAxMDAlMjUlM0IlMjIlMkYlM0UlMEElM0MlMkZkaXYlM0U=[\/vc_raw_html][\/vc_column][\/vc_row][vc_row type_row=&#8221;graybg3&#8243;][vc_column][vc_column_text]<\/p>\n<div style=\"width: 100%; height: 30px;\"><\/div>\n<div class=\"full_width mbot50\">\n<div class=\"research_query_col fl\">\n<h4>\u00bfTienes alguna pregunta?<\/h4>\n<h4 class=\"fnt_28 mbot20\">Cons\u00faltanos sin compromiso<\/h4>\n<p><a class=\"view-all hvr-bounce-to-right contact_btn\" href=\"https:\/\/lepoxi.com\/contacto\/\" data-animation=\"animated fadeInUp\">Contacto<\/a><\/p>\n<\/div>\n<div class=\"service_left_wdt fr\">\n<h3 class=\"fnt_28 mbot15\">Ventajas del proceso de metalizado<\/h3>\n<ul>\n<li>\n<p class=\"gray_color1\">Aumenta la resistencia y por lo tanto la vida \u00fatil de las piezas.<\/p>\n<\/li>\n<li>\n<p class=\"gray_color1\">Es aplicable en \u00e1reas concretas de las piezas.<\/p>\n<\/li>\n<li>\n<p class=\"gray_color1\">Bajo riesgo de deformaci\u00f3n de las piezas al no requerir de altas temperaturas durante el proceso.<\/p>\n<\/li>\n<li>\n<p class=\"gray_color1\">Reducci\u00f3n de costes al evitar reproducir la pieza de nuevo gracias al metalizado.<\/p>\n<\/li>\n<li>\n<p class=\"gray_color1\">Evita la corrosi\u00f3n a las piezas<\/p>\n<\/li>\n<\/ul>\n<\/div>\n<\/div>\n<div class=\"espacio\"><\/div>\n<p>[\/vc_column_text][\/vc_column][\/vc_row][vc_row type_row=&#8221;service&#8221; ses_title=&#8221;Aplicaciones del proceso de metalizado&#8221; ses_image=&#8221;278&#8243;][vc_column] \n        <div class=\"var5_srvice_col\">\n      <div class=\"v5_service\">\n        <div class=\"var5_srvice_left_wdt service1_left_bg\" style=\"background: url(https:\/\/lepoxi.com\/wp-content\/uploads\/2020\/10\/fondo-rojo.png) no-repeat center top;\n    padding: 100px 70px 112px 77px;\n    background-size: cover;\"><span class=\"var5_srvice_img\"><img src=\"\"><\/span>\n          <div class=\"var5_srvice_txt\">\n            <h6>Como protecci\u00f3n contra la corrosi\u00f3n<\/h6>\n            <p class=\"white_color1\"><\/p><a href=\"\" class=\"service_read\"><\/a>\n          <\/div>\n        <\/div>\n        <div class=\"var5_srvice_left_wdt service1_rght_bg\" style=\"background: url(https:\/\/lepoxi.com\/wp-content\/uploads\/2020\/12\/corrosion.jpg) no-repeat center top;\n    height: 359px;\n    background-size: cover;\"><\/div>\n      <\/div>\n    <\/div>\n     \n    \n    <div class=\"var5_srvice_col\">\n        <div class=\"v5_service\">\n          <div class=\"var5_srvice_left_wdt service2_left_bg\" style=\"background: url(https:\/\/lepoxi.com\/wp-content\/uploads\/2020\/12\/medidas.jpg) no-repeat center top;\n    padding: 100px 70px 112px 77px;\n    background-size: cover;\"><\/div>\n          <div class=\"var5_srvice_left_wdt service2_rght_bg\" style=\"background: url(https:\/\/lepoxi.com\/wp-content\/uploads\/2020\/10\/fondo-naranja.png) no-repeat center top;\n    height: 359px;\n    background-size: cover;\"><span class=\"var5_srvice_img\"><img src=\"\"><\/span>\n            <div class=\"var5_srvice_txt\">\n              <h6>Para recuperar las medidas originales de la pieza<\/h6>\n              <p class=\"white_color1\"><\/p><a href=\"\" class=\"service_read\"><\/a>\n            <\/div>\n          <\/div>\n        <\/div>\n      <\/div>\n\n     \n        <div class=\"var5_srvice_col\">\n      <div class=\"v5_service\">\n        <div class=\"var5_srvice_left_wdt service1_left_bg\" style=\"background: url(https:\/\/lepoxi.com\/wp-content\/uploads\/2020\/10\/fondo-rojo.png) no-repeat center top;\n    padding: 100px 70px 112px 77px;\n    background-size: cover;\"><span class=\"var5_srvice_img\"><img src=\"\"><\/span>\n          <div class=\"var5_srvice_txt\">\n            <h6>Como protecci\u00f3n contra la erosi\u00f3n y la abrasi\u00f3n<\/h6>\n            <p class=\"white_color1\"><\/p><a href=\"\" class=\"service_read\"><\/a>\n          <\/div>\n        <\/div>\n        <div class=\"var5_srvice_left_wdt service1_rght_bg\" style=\"background: url(https:\/\/lepoxi.com\/wp-content\/uploads\/2020\/12\/erosion.jpg) no-repeat center top;\n    height: 359px;\n    background-size: cover;\"><\/div>\n      <\/div>\n    <\/div>\n     \n    \n    <div class=\"var5_srvice_col\">\n        <div class=\"v5_service\">\n          <div class=\"var5_srvice_left_wdt service2_left_bg\" style=\"background: url(https:\/\/lepoxi.com\/wp-content\/uploads\/2020\/12\/aislante.jpg) no-repeat center top;\n    padding: 100px 70px 112px 77px;\n    background-size: cover;\"><\/div>\n          <div class=\"var5_srvice_left_wdt service2_rght_bg\" style=\"background: url(https:\/\/lepoxi.com\/wp-content\/uploads\/2020\/10\/fondo-naranja.png) no-repeat center top;\n    height: 359px;\n    background-size: cover;\"><span class=\"var5_srvice_img\"><img src=\"\"><\/span>\n            <div class=\"var5_srvice_txt\">\n              <h6>Aislante t\u00e9rmico ante altas temperaturas<\/h6>\n              <p class=\"white_color1\"><\/p><a href=\"\" class=\"service_read\"><\/a>\n            <\/div>\n          <\/div>\n        <\/div>\n      <\/div>\n\n     \n        <div class=\"var5_srvice_col\">\n      <div class=\"v5_service\">\n        <div class=\"var5_srvice_left_wdt service1_left_bg\" style=\"background: url(https:\/\/lepoxi.com\/wp-content\/uploads\/2020\/10\/fondo-rojo.png) no-repeat center top;\n    padding: 100px 70px 112px 77px;\n    background-size: cover;\"><span class=\"var5_srvice_img\"><img src=\"\"><\/span>\n          <div class=\"var5_srvice_txt\">\n            <h6>Como protecci\u00f3n para el desgaste por fricci\u00f3n<\/h6>\n            <p class=\"white_color1\"><\/p><a href=\"\" class=\"service_read\"><\/a>\n          <\/div>\n        <\/div>\n        <div class=\"var5_srvice_left_wdt service1_rght_bg\" style=\"background: url(https:\/\/lepoxi.com\/wp-content\/uploads\/2020\/12\/friccion.jpg) no-repeat center top;\n    height: 359px;\n    background-size: cover;\"><\/div>\n      <\/div>\n    <\/div>\n    [\/vc_column][\/vc_row][vc_row][vc_column column_id=&#8221;pie_contactar&#8221;] \n        <div class=\"full_wrapper yellow_bg\">\n      <div class=\"container\">\n        <div class=\"innov_txt\"> Para cualquier consulta no dude en contactar con nosotros<\/div>\n        <div class=\"innove_quote_btn\"><a href=\"https:\/\/lepoxi.com\/contacto\/\" class=\"view-all hvr-bounce-to-right get_quote_btn sec_var_quote_btn\">Contactar<\/a><\/div>\n      <\/div>\n    <\/div>\n    [\/vc_column][\/vc_row]<\/p>","protected":false},"excerpt":{"rendered":"<p>[vc_row type_row=&#8221;slider2&#8243;][vc_column][\/vc_column][\/vc_row][vc_row type_row=&#8221;graybg3&#8243;][vc_column][vc_column_text] \u00bfEn qu\u00e9 consiste? El metalizado de materiales [&hellip;]<\/p>\n","protected":false},"author":6,"featured_media":0,"parent":0,"menu_order":0,"comment_status":"closed","ping_status":"closed","template":"page-templates\/template-home.php","meta":[],"yoast_head":"<!-- This site is optimized with the Yoast SEO plugin v16.8 - https:\/\/yoast.com\/wordpress\/plugins\/seo\/ -->\n<title>Lepoxi metaliza tus piezas para darles mayor protecci\u00f3n<\/title>\n<meta name=\"description\" content=\"En Lepoxi protegemos las piezas de tus proyectos granallando y cubriendo sus superficies mediante un fundido de metal\" \/>\n<meta name=\"robots\" content=\"index, follow, max-snippet:-1, max-image-preview:large, max-video-preview:-1\" \/>\n<link rel=\"canonical\" href=\"https:\/\/lepoxi.com\/es\/metalizacion\/\" \/>\n<meta property=\"og:locale\" content=\"es_ES\" \/>\n<meta property=\"og:type\" content=\"article\" \/>\n<meta property=\"og:title\" content=\"Lepoxi metaliza tus piezas para darles mayor protecci\u00f3n\" \/>\n<meta property=\"og:description\" content=\"En Lepoxi protegemos las piezas de tus proyectos granallando y cubriendo sus superficies mediante un fundido de metal\" \/>\n<meta property=\"og:url\" content=\"https:\/\/lepoxi.com\/es\/metalizacion\/\" \/>\n<meta property=\"og:site_name\" content=\"Lepoxi\" \/>\n<meta property=\"article:modified_time\" content=\"2021-05-08T09:23:25+00:00\" \/>\n<meta property=\"og:image\" content=\"https:\/\/lepoxi.com\/wp-content\/uploads\/2018\/05\/metal1.jpg\" \/>\n<meta name=\"twitter:card\" content=\"summary_large_image\" \/>\n<meta name=\"twitter:label1\" content=\"Tiempo de lectura\" \/>\n\t<meta name=\"twitter:data1\" content=\"9 minutos\" \/>\n<script type=\"application\/ld+json\" class=\"yoast-schema-graph\">{\"@context\":\"https:\/\/schema.org\",\"@graph\":[{\"@type\":\"WebSite\",\"@id\":\"https:\/\/lepoxi.com\/es\/#website\",\"url\":\"https:\/\/lepoxi.com\/es\/\",\"name\":\"Lepoxi\",\"description\":\"L\\u00edder en proyectos con pintura al polvo\",\"potentialAction\":[{\"@type\":\"SearchAction\",\"target\":{\"@type\":\"EntryPoint\",\"urlTemplate\":\"https:\/\/lepoxi.com\/es\/?s={search_term_string}\"},\"query-input\":\"required name=search_term_string\"}],\"inLanguage\":\"es\"},{\"@type\":\"ImageObject\",\"@id\":\"https:\/\/lepoxi.com\/es\/metalizacion\/#primaryimage\",\"inLanguage\":\"es\",\"url\":\"https:\/\/lepoxi.com\/wp-content\/uploads\/2018\/05\/metal1.jpg\",\"contentUrl\":\"https:\/\/lepoxi.com\/wp-content\/uploads\/2018\/05\/metal1.jpg\"},{\"@type\":\"WebPage\",\"@id\":\"https:\/\/lepoxi.com\/es\/metalizacion\/#webpage\",\"url\":\"https:\/\/lepoxi.com\/es\/metalizacion\/\",\"name\":\"Lepoxi metaliza tus piezas para darles mayor protecci\\u00f3n\",\"isPartOf\":{\"@id\":\"https:\/\/lepoxi.com\/es\/#website\"},\"primaryImageOfPage\":{\"@id\":\"https:\/\/lepoxi.com\/es\/metalizacion\/#primaryimage\"},\"datePublished\":\"2020-10-06T17:43:19+00:00\",\"dateModified\":\"2021-05-08T09:23:25+00:00\",\"description\":\"En Lepoxi protegemos las piezas de tus proyectos granallando y cubriendo sus superficies mediante un fundido de metal\",\"breadcrumb\":{\"@id\":\"https:\/\/lepoxi.com\/es\/metalizacion\/#breadcrumb\"},\"inLanguage\":\"es\",\"potentialAction\":[{\"@type\":\"ReadAction\",\"target\":[[\"https:\/\/lepoxi.com\/es\/metalizacion\/\"]]}]},{\"@type\":\"BreadcrumbList\",\"@id\":\"https:\/\/lepoxi.com\/es\/metalizacion\/#breadcrumb\",\"itemListElement\":[{\"@type\":\"ListItem\",\"position\":1,\"name\":\"Home\",\"item\":\"https:\/\/lepoxi.com\/es\/\"},{\"@type\":\"ListItem\",\"position\":2,\"name\":\"Metalizaci\\u00f3n\"}]}]}<\/script>\n<!-- \/ Yoast SEO plugin. -->","yoast_head_json":{"title":"Lepoxi metaliza tus piezas para darles mayor protecci\u00f3n","description":"En Lepoxi protegemos las piezas de tus proyectos granallando y cubriendo sus superficies mediante un fundido de metal","robots":{"index":"index","follow":"follow","max-snippet":"max-snippet:-1","max-image-preview":"max-image-preview:large","max-video-preview":"max-video-preview:-1"},"canonical":"https:\/\/lepoxi.com\/es\/metalizacion\/","og_locale":"es_ES","og_type":"article","og_title":"Lepoxi metaliza tus piezas para darles mayor protecci\u00f3n","og_description":"En Lepoxi protegemos las piezas de tus proyectos granallando y cubriendo sus superficies mediante un fundido de metal","og_url":"https:\/\/lepoxi.com\/es\/metalizacion\/","og_site_name":"Lepoxi","article_modified_time":"2021-05-08T09:23:25+00:00","og_image":[{"url":"https:\/\/lepoxi.com\/wp-content\/uploads\/2018\/05\/metal1.jpg"}],"twitter_card":"summary_large_image","twitter_misc":{"Tiempo de lectura":"9 minutos"},"schema":{"@context":"https:\/\/schema.org","@graph":[{"@type":"WebSite","@id":"https:\/\/lepoxi.com\/es\/#website","url":"https:\/\/lepoxi.com\/es\/","name":"Lepoxi","description":"L\u00edder en proyectos con pintura al polvo","potentialAction":[{"@type":"SearchAction","target":{"@type":"EntryPoint","urlTemplate":"https:\/\/lepoxi.com\/es\/?s={search_term_string}"},"query-input":"required name=search_term_string"}],"inLanguage":"es"},{"@type":"ImageObject","@id":"https:\/\/lepoxi.com\/es\/metalizacion\/#primaryimage","inLanguage":"es","url":"https:\/\/lepoxi.com\/wp-content\/uploads\/2018\/05\/metal1.jpg","contentUrl":"https:\/\/lepoxi.com\/wp-content\/uploads\/2018\/05\/metal1.jpg"},{"@type":"WebPage","@id":"https:\/\/lepoxi.com\/es\/metalizacion\/#webpage","url":"https:\/\/lepoxi.com\/es\/metalizacion\/","name":"Lepoxi metaliza tus piezas para darles mayor protecci\u00f3n","isPartOf":{"@id":"https:\/\/lepoxi.com\/es\/#website"},"primaryImageOfPage":{"@id":"https:\/\/lepoxi.com\/es\/metalizacion\/#primaryimage"},"datePublished":"2020-10-06T17:43:19+00:00","dateModified":"2021-05-08T09:23:25+00:00","description":"En Lepoxi protegemos las piezas de tus proyectos granallando y cubriendo sus superficies mediante un fundido de metal","breadcrumb":{"@id":"https:\/\/lepoxi.com\/es\/metalizacion\/#breadcrumb"},"inLanguage":"es","potentialAction":[{"@type":"ReadAction","target":[["https:\/\/lepoxi.com\/es\/metalizacion\/"]]}]},{"@type":"BreadcrumbList","@id":"https:\/\/lepoxi.com\/es\/metalizacion\/#breadcrumb","itemListElement":[{"@type":"ListItem","position":1,"name":"Home","item":"https:\/\/lepoxi.com\/es\/"},{"@type":"ListItem","position":2,"name":"Metalizaci\u00f3n"}]}]}},"_links":{"self":[{"href":"https:\/\/lepoxi.com\/es\/wp-json\/wp\/v2\/pages\/971"}],"collection":[{"href":"https:\/\/lepoxi.com\/es\/wp-json\/wp\/v2\/pages"}],"about":[{"href":"https:\/\/lepoxi.com\/es\/wp-json\/wp\/v2\/types\/page"}],"author":[{"embeddable":true,"href":"https:\/\/lepoxi.com\/es\/wp-json\/wp\/v2\/users\/6"}],"replies":[{"embeddable":true,"href":"https:\/\/lepoxi.com\/es\/wp-json\/wp\/v2\/comments?post=971"}],"version-history":[{"count":0,"href":"https:\/\/lepoxi.com\/es\/wp-json\/wp\/v2\/pages\/971\/revisions"}],"wp:attachment":[{"href":"https:\/\/lepoxi.com\/es\/wp-json\/wp\/v2\/media?parent=971"}],"curies":[{"name":"wp","href":"https:\/\/api.w.org\/{rel}","templated":true}]}}