{"id":992,"date":"2020-10-06T18:24:39","date_gmt":"2020-10-06T18:24:39","guid":{"rendered":"https:\/\/lepoxi.com\/?page_id=992"},"modified":"2021-05-08T09:24:13","modified_gmt":"2021-05-08T09:24:13","slug":"capacidades-humanas","status":"publish","type":"page","link":"https:\/\/lepoxi.com\/es\/capacidades-humanas\/","title":{"rendered":"Capacidades humanas"},"content":{"rendered":"<p><\/p>\n<p>[vc_row type_row=&#8221;slider2&#8243;][vc_column] \n            <div style=\"background-image: url(https:\/\/lepoxi.com\/wp-content\/uploads\/2020\/12\/humanas.jpg);backgroudn-position: center right;\" class=\"item active slide-1\">\n          <div class=\"carousel-caption\">\n            <div class=\"thm-container\">\n              <div class=\"box valign-middle\">\n                <div class=\"content text-center\">\n                  <h1 data-animation=\"animated fadeInUp\">Capacidades humanas<\/h1>\n                  <p data-animation=\"animated fadeInDown\"><\/p>\n                                                    <\/div>\n              <\/div>\n            <\/div>\n          <\/div>\n        <\/div>\n[\/vc_column][\/vc_row][vc_row][vc_column] \n    <div class=\"full_wrapper padtb_100_100\">\n      <div class=\"container\">\n        <div class=\"row\">\n          <div class=\"col-lg-4 col-md-5 col-sm-12 col-xs-12\"><span class=\"wdt_img img_100\"><img src=\"https:\/\/lepoxi.com\/wp-content\/uploads\/2020\/12\/humanas1.jpg\" alt=\"About Img\" class=\"img-responsive\"><\/span><\/div>\n          <div class=\"col-lg-8 col-md-7 col-sm-12 col-xs-12 col_margin\">\n            <div class=\"plft50\">\n              <h3 class=\"mtopminus10 no_after letter_spac0 line_heg45 blue_head1\">\n                Nuestro equipo              <\/h3>\n              <p class=\"fnt_18 mbot25\">El mayor valor de una empresa est\u00e1 en su equipo humano, la experiencia que durante a\u00f1os ha ido acumulando cada uno de los operarios que integra Lepoxi es un factor a tener en cuenta para evolucionar positivamente gracias a la realizaci\u00f3n de numerosos proyectos desarrollados a lo largo de muchos a\u00f1os desde la fundaci\u00f3n de la empresa.<\/p>\n              <p class=\"mbot25\">Lepoxi cuenta con importantes avances en materia de tecnolog\u00eda aplicada en su planta de producci\u00f3n situada en Lezo (Gipuzkoa), tecnolog\u00eda cuyo valor se incrementa notablemente al ser gestionada de manera \u00f3ptima por la plantilla de t\u00e9cnicos y operarios con la que cuenta Lepoxi y que d\u00eda a d\u00eda hacen que la empresa cumpla con todos sus compromisos y objetivos empresariales \u00e1gilmente y adapt\u00e1ndose a todos sus clientes.<br \/>\n<\/p>\n              <p class=\"mbot45\">Lepoxi cuenta con una plantilla de 15 personas repartidas en diferentes departamentos, la mayor\u00eda estas personas han crecido paralelamente con la empresa adquiriendo nuevos conocimientos derivados de la propia evoluci\u00f3n de la empresa cuya inercia positiva ha sido propiciada por contar precisamente con personas muy comprometidas con cada proyecto y con cada cliente.<\/p>\n              <a href=\"\" class=\"view-all hvr-bounce-to-right news_read_btn get_Quote\"><\/a><a href=\"\" class=\"view-all hvr-bounce-to-right news_read_btn get_Quote view_service\"><\/a>\n            <\/div>\n          <\/div>\n        <\/div>\n      <\/div>\n    <\/div>\n[\/vc_column][\/vc_row][vc_row][vc_column width=&#8221;1\/3&#8243; type=&#8221;column&#8221;][vc_raw_html]JTNDZGl2JTIwY2xhc3MlM0QlMjJzaGFkb3dfZWZmZWN0JTIwZWZmZWN0LWFwb2xsbyUyMiUzRSUwQSUzQ2ltZyUyMHNyYyUzRCUyMmh0dHBzJTNBJTJGJTJGbGVwb3hpLmNvbSUyRndwLWNvbnRlbnQlMkZ1cGxvYWRzJTJGMjAxOCUyRjA1JTJGaHVtYW5hczIuanBnJTIyJTIwc3R5bGUlM0QlMjJ3aWR0aCUzQSUyMDEwMCUyNSUzQiUyMiUyRiUzRSUwQSUzQyUyRmRpdiUzRQ==[\/vc_raw_html][\/vc_column][vc_column width=&#8221;1\/3&#8243; type=&#8221;column&#8221;][vc_raw_html]JTNDZGl2JTIwY2xhc3MlM0QlMjJzaGFkb3dfZWZmZWN0JTIwZWZmZWN0LWFwb2xsbyUyMiUzRSUwQSUzQ2ltZyUyMHNyYyUzRCUyMmh0dHBzJTNBJTJGJTJGbGVwb3hpLmNvbSUyRndwLWNvbnRlbnQlMkZ1cGxvYWRzJTJGMjAxOCUyRjA1JTJGaHVtYW5hczMuanBnJTIyJTIwc3R5bGUlM0QlMjJ3aWR0aCUzQSUyMDEwMCUyNSUzQiUyMiUyRiUzRSUwQSUzQyUyRmRpdiUzRQ==[\/vc_raw_html][\/vc_column][vc_column width=&#8221;1\/3&#8243; type=&#8221;column&#8221;][vc_raw_html]JTNDZGl2JTIwY2xhc3MlM0QlMjJzaGFkb3dfZWZmZWN0JTIwZWZmZWN0LWFwb2xsbyUyMiUzRSUwQSUzQ2ltZyUyMHNyYyUzRCUyMmh0dHBzJTNBJTJGJTJGbGVwb3hpLmNvbSUyRndwLWNvbnRlbnQlMkZ1cGxvYWRzJTJGMjAxOCUyRjA1JTJGaHVtYW5hczQuanBnJTIyJTIwc3R5bGUlM0QlMjJ3aWR0aCUzQSUyMDEwMCUyNSUzQiUyMiUyRiUzRSUwQSUzQyUyRmRpdiUzRQ==[\/vc_raw_html][\/vc_column][\/vc_row][vc_row type_row=&#8221;graybg2&#8243;][vc_column width=&#8221;7\/12&#8243; type=&#8221;column&#8221;][vc_raw_html]JTNDZGl2JTIwY2xhc3MlM0QlMjJlc3BhY2lvJTIyJTNFJTNDJTJGZGl2JTNFJTBBJTNDaDIlM0VEZXBhcnRhbWVudG9zJTNDJTJGaDIlM0UlMEElM0NwJTNFTGElMjBlbXByZXNhJTIwY3VlbnRhJTIwY29uJTIwbG9zJTIwc2lndWllbnRlcyUyMGRlcGFydGFtZW50b3MlM0ElM0MlMkZwJTNFJTBBJTNDZGl2JTIwc3R5bGUlM0QlMjJ3aWR0aCUzQSUyMDEwMCUyNSUzQiUyMGhlaWdodCUzQSUyMDUwcHglM0IlMjIlM0UlM0MlMkZkaXYlM0U=[\/vc_raw_html] \n    <div class=\"row mbot40\">\n      <div class=\"col-lg-3 col-md-4 col-sm-2 col-xs-4\"><img src=\"https:\/\/lepoxi.com\/wp-content\/uploads\/2021\/01\/direccion.png\" alt=\"quality assurance\"><\/div>\n      <div class=\"col-lg-9 col-md-8 col-sm-10 col-xs-8\">\n        <h4 class=\"letter_space_0 mbot15\">Direcci\u00f3n<\/h4>\n        <p><\/p>\n      <\/div>\n    <\/div>\n \n    <div class=\"row mbot40\">\n      <div class=\"col-lg-3 col-md-4 col-sm-2 col-xs-4\"><img src=\"https:\/\/lepoxi.com\/wp-content\/uploads\/2021\/01\/administracion.png\" alt=\"quality assurance\"><\/div>\n      <div class=\"col-lg-9 col-md-8 col-sm-10 col-xs-8\">\n        <h4 class=\"letter_space_0 mbot15\">Administraci\u00f3n<\/h4>\n        <p><\/p>\n      <\/div>\n    <\/div>\n \n    <div class=\"row mbot40\">\n      <div class=\"col-lg-3 col-md-4 col-sm-2 col-xs-4\"><img src=\"https:\/\/lepoxi.com\/wp-content\/uploads\/2018\/05\/quality_icon.png\" alt=\"quality assurance\"><\/div>\n      <div class=\"col-lg-9 col-md-8 col-sm-10 col-xs-8\">\n        <h4 class=\"letter_space_0 mbot15\">Calidad<\/h4>\n        <p><\/p>\n      <\/div>\n    <\/div>\n \n    <div class=\"row mbot40\">\n      <div class=\"col-lg-3 col-md-4 col-sm-2 col-xs-4\"><img src=\"https:\/\/lepoxi.com\/wp-content\/uploads\/2018\/05\/engineer_icon-1.png\" alt=\"quality assurance\"><\/div>\n      <div class=\"col-lg-9 col-md-8 col-sm-10 col-xs-8\">\n        <h4 class=\"letter_space_0 mbot15\">Producci\u00f3n<\/h4>\n        <p><\/p>\n      <\/div>\n    <\/div>\n \n    <div class=\"row mbot40\">\n      <div class=\"col-lg-3 col-md-4 col-sm-2 col-xs-4\"><img src=\"https:\/\/lepoxi.com\/wp-content\/uploads\/2021\/01\/mantenimiento.png\" alt=\"quality assurance\"><\/div>\n      <div class=\"col-lg-9 col-md-8 col-sm-10 col-xs-8\">\n        <h4 class=\"letter_space_0 mbot15\">Mantenimiento<\/h4>\n        <p><\/p>\n      <\/div>\n    <\/div>\n[\/vc_column][vc_column width=&#8221;5\/12&#8243; type=&#8221;column&#8221;][vc_raw_html]JTNDZGl2JTIwc3R5bGUlM0QlMjJwYWRkaW5nJTNBJTIwMTAwcHglMjAzMHB4JTNCJTIyJTNFJTBBJTNDaW1nJTIwc3JjJTNEJTIyaHR0cHMlM0ElMkYlMkZsZXBveGkuY29tJTJGd3AtY29udGVudCUyRnVwbG9hZHMlMkYyMDE4JTJGMDUlMkZodW1hbmFzNS5qcGclMjIlMjBzdHlsZSUzRCUyMndpZHRoJTNBJTIwMTAwJTI1JTNCJTIyJTJGJTNFJTBBJTNDJTJGZGl2JTNFJTBB[\/vc_raw_html][\/vc_column][\/vc_row][vc_row type_row=&#8221;graybg3&#8243;][vc_column][vc_column_text]<\/p>\n<div class=\"full_width mbot50\">\n<div class=\"service_left_wdt service_left_wdt1\">\n<h3 class=\"fnt_28 mbot10\">Capacidades<\/h3>\n<p class=\"gray_color1 text-justify\">La mayor\u00eda de estas personas lleva m\u00e1s de 20 a\u00f1os desarroll\u00e1ndose profesionalmente en Lepoxi y representando a su vez un papel de instructor clave en la formaci\u00f3n de las nuevas personas que se integran en la familia de Lepoxi conjugando de esta manera experiencia e innovaci\u00f3n.<\/p>\n<p>&nbsp;<\/p>\n<p class=\"gray_color1 text-justify\">Sabemos de la importancia de contar con un equipo \u00edntegro y estable en la plantilla y apostamos por la formaci\u00f3n continua para el personal de Lepoxi de cara a contar con una estructura de personas bien formadas y por consiguiente seguir logrando nuevas metas.<\/p>\n<\/div>\n<div class=\"wdt_img oil_lubricant_img shadow_effect effect-apollo\"><img src=\"https:\/\/lepoxi.com\/wp-content\/uploads\/2018\/05\/humanas6.jpg\" alt=\"chemical process\" \/><\/div>\n<\/div>\n<div class=\"espacio\"><\/div>\n<p>[\/vc_column_text][\/vc_column][\/vc_row][vc_row][vc_column column_id=&#8221;pie_contactar&#8221;] \n        <div class=\"full_wrapper yellow_bg\">\n      <div class=\"container\">\n        <div class=\"innov_txt\"> Para cualquier consulta no dude en contactar con nosotros<\/div>\n        <div class=\"innove_quote_btn\"><a href=\"https:\/\/lepoxi.com\/contacto\/\" class=\"view-all hvr-bounce-to-right get_quote_btn sec_var_quote_btn\">Contactar<\/a><\/div>\n      <\/div>\n    <\/div>\n    [\/vc_column][\/vc_row]<\/p>\n<p><\/p>","protected":false},"excerpt":{"rendered":"<p>[vc_row type_row=&#8221;slider2&#8243;][vc_column][\/vc_column][\/vc_row][vc_row][vc_column][\/vc_column][\/vc_row][vc_row][vc_column width=&#8221;1\/3&#8243; type=&#8221;column&#8221;][vc_raw_html]JTNDZGl2JTIwY2xhc3MlM0QlMjJzaGFkb3dfZWZmZWN0JTIwZWZmZWN0LWFwb2xsbyUyMiUzRSUwQSUzQ2ltZyUyMHNyYyUzRCUyMmh0dHBzJTNBJTJGJTJGbGVwb3hpLmNvbSUyRndwLWNvbnRlbnQlMkZ1cGxvYWRzJTJGMjAxOCUyRjA1JTJGaHVtYW5hczIuanBnJTIyJTIwc3R5bGUlM0QlMjJ3aWR0aCUzQSUyMDEwMCUyNSUzQiUyMiUyRiUzRSUwQSUzQyUyRmRpdiUzRQ==[\/vc_raw_html][\/vc_column][vc_column width=&#8221;1\/3&#8243; type=&#8221;column&#8221;][vc_raw_html]JTNDZGl2JTIwY2xhc3MlM0QlMjJzaGFkb3dfZWZmZWN0JTIwZWZmZWN0LWFwb2xsbyUyMiUzRSUwQSUzQ2ltZyUyMHNyYyUzRCUyMmh0dHBzJTNBJTJGJTJGbGVwb3hpLmNvbSUyRndwLWNvbnRlbnQlMkZ1cGxvYWRzJTJGMjAxOCUyRjA1JTJGaHVtYW5hczMuanBnJTIyJTIwc3R5bGUlM0QlMjJ3aWR0aCUzQSUyMDEwMCUyNSUzQiUyMiUyRiUzRSUwQSUzQyUyRmRpdiUzRQ==[\/vc_raw_html][\/vc_column][vc_column width=&#8221;1\/3&#8243; type=&#8221;column&#8221;][vc_raw_html]JTNDZGl2JTIwY2xhc3MlM0QlMjJzaGFkb3dfZWZmZWN0JTIwZWZmZWN0LWFwb2xsbyUyMiUzRSUwQSUzQ2ltZyUyMHNyYyUzRCUyMmh0dHBzJTNBJTJGJTJGbGVwb3hpLmNvbSUyRndwLWNvbnRlbnQlMkZ1cGxvYWRzJTJGMjAxOCUyRjA1JTJGaHVtYW5hczQuanBnJTIyJTIwc3R5bGUlM0QlMjJ3aWR0aCUzQSUyMDEwMCUyNSUzQiUyMiUyRiUzRSUwQSUzQyUyRmRpdiUzRQ==[\/vc_raw_html][\/vc_column][\/vc_row][vc_row type_row=&#8221;graybg2&#8243;][vc_column width=&#8221;7\/12&#8243; [&hellip;]<\/p>\n","protected":false},"author":6,"featured_media":0,"parent":0,"menu_order":0,"comment_status":"closed","ping_status":"closed","template":"page-templates\/template-home.php","meta":[],"yoast_head":"<!-- This site is optimized with the Yoast SEO plugin v16.8 - https:\/\/yoast.com\/wordpress\/plugins\/seo\/ -->\n<title>Equipo experto que cuenta con m\u00e1s de 20 en el sector<\/title>\n<meta name=\"description\" content=\"Lepoxi est\u00e1 integrado por un equipo experimentado capaz de desarrollar de manera eficiente cualquier proyecto que necesite un tratamiento de pintura al polvo\" \/>\n<meta name=\"robots\" content=\"index, follow, max-snippet:-1, max-image-preview:large, max-video-preview:-1\" \/>\n<link rel=\"canonical\" href=\"https:\/\/lepoxi.com\/es\/capacidades-humanas\/\" \/>\n<meta property=\"og:locale\" content=\"es_ES\" \/>\n<meta property=\"og:type\" content=\"article\" \/>\n<meta property=\"og:title\" content=\"Equipo experto que cuenta con m\u00e1s de 20 en el sector\" \/>\n<meta property=\"og:description\" content=\"Lepoxi est\u00e1 integrado por un equipo experimentado capaz de desarrollar de manera eficiente cualquier proyecto que necesite un tratamiento de pintura al polvo\" \/>\n<meta property=\"og:url\" content=\"https:\/\/lepoxi.com\/es\/capacidades-humanas\/\" \/>\n<meta property=\"og:site_name\" content=\"Lepoxi\" \/>\n<meta property=\"article:modified_time\" content=\"2021-05-08T09:24:13+00:00\" \/>\n<meta property=\"og:image\" content=\"https:\/\/lepoxi.com\/wp-content\/uploads\/2018\/05\/humanas6.jpg\" \/>\n<meta name=\"twitter:card\" content=\"summary_large_image\" \/>\n<meta name=\"twitter:label1\" content=\"Tiempo de lectura\" \/>\n\t<meta name=\"twitter:data1\" content=\"9 minutos\" \/>\n<script type=\"application\/ld+json\" class=\"yoast-schema-graph\">{\"@context\":\"https:\/\/schema.org\",\"@graph\":[{\"@type\":\"WebSite\",\"@id\":\"https:\/\/lepoxi.com\/es\/#website\",\"url\":\"https:\/\/lepoxi.com\/es\/\",\"name\":\"Lepoxi\",\"description\":\"L\\u00edder en proyectos con pintura al polvo\",\"potentialAction\":[{\"@type\":\"SearchAction\",\"target\":{\"@type\":\"EntryPoint\",\"urlTemplate\":\"https:\/\/lepoxi.com\/es\/?s={search_term_string}\"},\"query-input\":\"required name=search_term_string\"}],\"inLanguage\":\"es\"},{\"@type\":\"ImageObject\",\"@id\":\"https:\/\/lepoxi.com\/es\/capacidades-humanas\/#primaryimage\",\"inLanguage\":\"es\",\"url\":\"https:\/\/lepoxi.com\/wp-content\/uploads\/2018\/05\/humanas6.jpg\",\"contentUrl\":\"https:\/\/lepoxi.com\/wp-content\/uploads\/2018\/05\/humanas6.jpg\"},{\"@type\":\"WebPage\",\"@id\":\"https:\/\/lepoxi.com\/es\/capacidades-humanas\/#webpage\",\"url\":\"https:\/\/lepoxi.com\/es\/capacidades-humanas\/\",\"name\":\"Equipo experto que cuenta con m\\u00e1s de 20 en el sector\",\"isPartOf\":{\"@id\":\"https:\/\/lepoxi.com\/es\/#website\"},\"primaryImageOfPage\":{\"@id\":\"https:\/\/lepoxi.com\/es\/capacidades-humanas\/#primaryimage\"},\"datePublished\":\"2020-10-06T18:24:39+00:00\",\"dateModified\":\"2021-05-08T09:24:13+00:00\",\"description\":\"Lepoxi est\\u00e1 integrado por un equipo experimentado capaz de desarrollar de manera eficiente cualquier proyecto que necesite un tratamiento de pintura al polvo\",\"breadcrumb\":{\"@id\":\"https:\/\/lepoxi.com\/es\/capacidades-humanas\/#breadcrumb\"},\"inLanguage\":\"es\",\"potentialAction\":[{\"@type\":\"ReadAction\",\"target\":[[\"https:\/\/lepoxi.com\/es\/capacidades-humanas\/\"]]}]},{\"@type\":\"BreadcrumbList\",\"@id\":\"https:\/\/lepoxi.com\/es\/capacidades-humanas\/#breadcrumb\",\"itemListElement\":[{\"@type\":\"ListItem\",\"position\":1,\"name\":\"Home\",\"item\":\"https:\/\/lepoxi.com\/es\/\"},{\"@type\":\"ListItem\",\"position\":2,\"name\":\"Capacidades humanas\"}]}]}<\/script>\n<!-- \/ Yoast SEO plugin. -->","yoast_head_json":{"title":"Equipo experto que cuenta con m\u00e1s de 20 en el sector","description":"Lepoxi est\u00e1 integrado por un equipo experimentado capaz de desarrollar de manera eficiente cualquier proyecto que necesite un tratamiento de pintura al polvo","robots":{"index":"index","follow":"follow","max-snippet":"max-snippet:-1","max-image-preview":"max-image-preview:large","max-video-preview":"max-video-preview:-1"},"canonical":"https:\/\/lepoxi.com\/es\/capacidades-humanas\/","og_locale":"es_ES","og_type":"article","og_title":"Equipo experto que cuenta con m\u00e1s de 20 en el sector","og_description":"Lepoxi est\u00e1 integrado por un equipo experimentado capaz de desarrollar de manera eficiente cualquier proyecto que necesite un tratamiento de pintura al polvo","og_url":"https:\/\/lepoxi.com\/es\/capacidades-humanas\/","og_site_name":"Lepoxi","article_modified_time":"2021-05-08T09:24:13+00:00","og_image":[{"url":"https:\/\/lepoxi.com\/wp-content\/uploads\/2018\/05\/humanas6.jpg"}],"twitter_card":"summary_large_image","twitter_misc":{"Tiempo de lectura":"9 minutos"},"schema":{"@context":"https:\/\/schema.org","@graph":[{"@type":"WebSite","@id":"https:\/\/lepoxi.com\/es\/#website","url":"https:\/\/lepoxi.com\/es\/","name":"Lepoxi","description":"L\u00edder en proyectos con pintura al polvo","potentialAction":[{"@type":"SearchAction","target":{"@type":"EntryPoint","urlTemplate":"https:\/\/lepoxi.com\/es\/?s={search_term_string}"},"query-input":"required name=search_term_string"}],"inLanguage":"es"},{"@type":"ImageObject","@id":"https:\/\/lepoxi.com\/es\/capacidades-humanas\/#primaryimage","inLanguage":"es","url":"https:\/\/lepoxi.com\/wp-content\/uploads\/2018\/05\/humanas6.jpg","contentUrl":"https:\/\/lepoxi.com\/wp-content\/uploads\/2018\/05\/humanas6.jpg"},{"@type":"WebPage","@id":"https:\/\/lepoxi.com\/es\/capacidades-humanas\/#webpage","url":"https:\/\/lepoxi.com\/es\/capacidades-humanas\/","name":"Equipo experto que cuenta con m\u00e1s de 20 en el sector","isPartOf":{"@id":"https:\/\/lepoxi.com\/es\/#website"},"primaryImageOfPage":{"@id":"https:\/\/lepoxi.com\/es\/capacidades-humanas\/#primaryimage"},"datePublished":"2020-10-06T18:24:39+00:00","dateModified":"2021-05-08T09:24:13+00:00","description":"Lepoxi est\u00e1 integrado por un equipo experimentado capaz de desarrollar de manera eficiente cualquier proyecto que necesite un tratamiento de pintura al polvo","breadcrumb":{"@id":"https:\/\/lepoxi.com\/es\/capacidades-humanas\/#breadcrumb"},"inLanguage":"es","potentialAction":[{"@type":"ReadAction","target":[["https:\/\/lepoxi.com\/es\/capacidades-humanas\/"]]}]},{"@type":"BreadcrumbList","@id":"https:\/\/lepoxi.com\/es\/capacidades-humanas\/#breadcrumb","itemListElement":[{"@type":"ListItem","position":1,"name":"Home","item":"https:\/\/lepoxi.com\/es\/"},{"@type":"ListItem","position":2,"name":"Capacidades humanas"}]}]}},"_links":{"self":[{"href":"https:\/\/lepoxi.com\/es\/wp-json\/wp\/v2\/pages\/992"}],"collection":[{"href":"https:\/\/lepoxi.com\/es\/wp-json\/wp\/v2\/pages"}],"about":[{"href":"https:\/\/lepoxi.com\/es\/wp-json\/wp\/v2\/types\/page"}],"author":[{"embeddable":true,"href":"https:\/\/lepoxi.com\/es\/wp-json\/wp\/v2\/users\/6"}],"replies":[{"embeddable":true,"href":"https:\/\/lepoxi.com\/es\/wp-json\/wp\/v2\/comments?post=992"}],"version-history":[{"count":0,"href":"https:\/\/lepoxi.com\/es\/wp-json\/wp\/v2\/pages\/992\/revisions"}],"wp:attachment":[{"href":"https:\/\/lepoxi.com\/es\/wp-json\/wp\/v2\/media?parent=992"}],"curies":[{"name":"wp","href":"https:\/\/api.w.org\/{rel}","templated":true}]}}