{"id":751,"date":"2020-10-05T15:32:21","date_gmt":"2020-10-05T15:32:21","guid":{"rendered":"https:\/\/lepoxi.com\/?page_id=751"},"modified":"2025-01-23T15:59:31","modified_gmt":"2025-01-23T15:59:31","slug":"empresa","status":"publish","type":"page","link":"https:\/\/lepoxi.com\/fr\/empresa\/","title":{"rendered":"Entreprise"},"content":{"rendered":"<p>[vc_row type_row=&#8221;slider2&#8243;][vc_column] \n            <div style=\"background-image: url(https:\/\/lepoxi.com\/wp-content\/uploads\/2018\/05\/home_slider_img3.jpg);backgroudn-position: center right;\" class=\"item active slide-1\">\n          <div class=\"carousel-caption\">\n            <div class=\"thm-container\">\n              <div class=\"box valign-middle\">\n                <div class=\"content text-center\">\n                  <h1 data-animation=\"animated fadeInUp\">Entreprise<\/h1>\n                  <p data-animation=\"animated fadeInDown\"><\/p>\n                                                    <\/div>\n              <\/div>\n            <\/div>\n          <\/div>\n        <\/div>\n[\/vc_column][\/vc_row][vc_row][vc_column] \n    <div class=\"full_wrapper padtb_100_100\">\n      <div class=\"container\">\n        <div class=\"row\">\n          <div class=\"col-lg-4 col-md-5 col-sm-12 col-xs-12\"><span class=\"wdt_img img_100\"><img src=\"https:\/\/lepoxi.com\/wp-content\/uploads\/2018\/05\/project_img2-3.jpg\" alt=\"About Img\" class=\"img-responsive\"><\/span><\/div>\n          <div class=\"col-lg-8 col-md-7 col-sm-12 col-xs-12 col_margin\">\n            <div class=\"plft50\">\n              <h3 class=\"mtopminus10 no_after letter_spac0 line_heg45 blue_head1\">\n                Quisommes-nous?              <\/h3>\n              <p class=\"fnt_18 mbot25\">Lepoxi est une entreprise cr\u00e9\u00e9e en 1992 dans le but de rendre service au traitement de peinture et \u00e0 la finition de surfaces m\u00e9talliques. Lesmati\u00e8res premi\u00e8res employ\u00e9es pour mener \u00e0 bien son activit\u00e9 sont les r\u00e9sines \u00e9poxy, polyester et \u00e9poxy polyester.<\/p>\n              <p class=\"mbot25\">\u00c0 la recherche constante d\u2019am\u00e9liorations continues afin de donner le meilleur service \u00e0 nos clients, nous avons obtenu les certificats ISO 9001:2008 et Qualisteelcoat devenant ainsi la premi\u00e8re entreprise de Gipuzkoa ayant obtenu les deux certificats.<br \/>\n<\/p>\n              <p class=\"mbot45\">Entreprise en \u00e9volution constante et plong\u00e9e dans des processus de R & D et Innovation ainsi que dans des programmes pour la gestion environnementale ou la pr\u00e9vention et la formation de l\u2019\u00e9quipe faisant partie deLepoxi.<\/p>\n<p>Il ne faut pas oublier que la plupart du personnel actuel a commenc\u00e9 d\u00e8s la cr\u00e9ation de l\u2019entreprise en 1992 ce qui permet \u00e0 Lepoxid\u2019avoir une \u00e9quipe bien soud\u00e9e avec une vaste exp\u00e9rience.<\/p>\n<p>Nous sommes pionniers dans l\u2019\u00e9tude de l\u2019efficacit\u00e9 \u00e9nerg\u00e9tique permettant \u00e0 l\u2019entreprise une r\u00e9duction des co\u00fbts gr\u00e2ce \u00e0 ses audits dans ce domaine. De m\u00eame, nous effectuons des pr\u00e9visions dans les risques professionnels \u00e9tant tr\u00e8s sensibilis\u00e9s \u00e0 ce domaine.<\/p>\n<p><\/p>\n              <a href=\"\" class=\"view-all hvr-bounce-to-right news_read_btn get_Quote\"><\/a><a href=\"\" class=\"view-all hvr-bounce-to-right news_read_btn get_Quote view_service\"><\/a>\n            <\/div>\n          <\/div>\n        <\/div>\n      <\/div>\n    <\/div>\n[\/vc_column][\/vc_row][vc_row type_row=&#8221;service&#8221; ses_title=&#8221;Histoire&#8221; ses_subtitle=&#8221;En 1992 et alors que l\u2019id\u00e9e initiale \u00e9tait l\u2019auto-approvisionnement pour l\u2019activit\u00e9 principale des membres fondateurs qui travaillaient dans le monde de la chaudronnerie fine et l\u2019\u00e9quipement de cuisines, on a cr\u00e9\u00e9 l\u2019entreprise Lepoxi pour le service de peinture en poudre destin\u00e9e aux activit\u00e9s principales. On a observ\u00e9 en m\u00eame temps le besoin d\u2019offrir \u00e0 niveau externe le service de peinture en poudre \u00e9tant donn\u00e9 la demande croissante d\u2019entreprises de la zone.&#8221; ses_image=&#8221;591&#8243;][vc_column] \n        <div class=\"var5_srvice_col\">\n      <div class=\"v5_service\">\n        <div class=\"var5_srvice_left_wdt service1_left_bg\" style=\"background: url(https:\/\/lepoxi.com\/wp-content\/uploads\/2020\/10\/fondo-rojo.png) no-repeat center top;\n    padding: 100px 70px 112px 77px;\n    background-size: cover;\"><span class=\"var5_srvice_img\"><img src=\"\"><\/span>\n          <div class=\"var5_srvice_txt\">\n            <h6>1992<\/h6>\n            <p class=\"white_color1\">Cr\u00e9ationde l\u2019entreprise pour donner un service de peinture en poudre et r\u00e9pondre ainsi \u00e0 la demande croissante du march\u00e9.<\/p><a href=\"\" class=\"service_read\"><\/a>\n          <\/div>\n        <\/div>\n        <div class=\"var5_srvice_left_wdt service1_rght_bg\" style=\"background: url(https:\/\/lepoxi.com\/wp-content\/uploads\/2018\/05\/banner_img1.jpg) no-repeat center top;\n    height: 359px;\n    background-size: cover;\"><\/div>\n      <\/div>\n    <\/div>\n     \n    \n    <div class=\"var5_srvice_col\">\n        <div class=\"v5_service\">\n          <div class=\"var5_srvice_left_wdt service2_left_bg\" style=\"background: url(https:\/\/lepoxi.com\/wp-content\/uploads\/2018\/05\/news_img5-1.jpg) no-repeat center top;\n    padding: 100px 70px 112px 77px;\n    background-size: cover;\"><\/div>\n          <div class=\"var5_srvice_left_wdt service2_rght_bg\" style=\"background: url(https:\/\/lepoxi.com\/wp-content\/uploads\/2020\/10\/fondo-naranja.png) no-repeat center top;\n    height: 359px;\n    background-size: cover;\"><span class=\"var5_srvice_img\"><img src=\"\"><\/span>\n            <div class=\"var5_srvice_txt\">\n              <h6>2010<\/h6>\n              <p class=\"white_color1\">Obtention du certificat ISO 9001<\/p><a href=\"https:\/\/lepoxi.com\/wp-content\/uploads\/2022\/02\/CERTIFICADO.pdf\" class=\"service_read\">T\u00e9l\u00e9charger le certificat<\/a>\n            <\/div>\n          <\/div>\n        <\/div>\n      <\/div>\n\n     \n        <div class=\"var5_srvice_col\">\n      <div class=\"v5_service\">\n        <div class=\"var5_srvice_left_wdt service1_left_bg\" style=\"background: url(https:\/\/lepoxi.com\/wp-content\/uploads\/2020\/10\/fondo-rojo.png) no-repeat center top;\n    padding: 100px 70px 112px 77px;\n    background-size: cover;\"><span class=\"var5_srvice_img\"><img src=\"\"><\/span>\n          <div class=\"var5_srvice_txt\">\n            <h6>2015<\/h6>\n            <p class=\"white_color1\">Agrandissement des installations de 500 m carr\u00e9s suppl\u00e9mentaires<\/p><a href=\"\" class=\"service_read\"><\/a>\n          <\/div>\n        <\/div>\n        <div class=\"var5_srvice_left_wdt service1_rght_bg\" style=\"background: url(https:\/\/lepoxi.com\/wp-content\/uploads\/2018\/05\/banner_img3.jpg) no-repeat center top;\n    height: 359px;\n    background-size: cover;\"><\/div>\n      <\/div>\n    <\/div>\n     \n    \n    <div class=\"var5_srvice_col\">\n        <div class=\"v5_service\">\n          <div class=\"var5_srvice_left_wdt service2_left_bg\" style=\"background: url(https:\/\/lepoxi.com\/wp-content\/uploads\/2018\/05\/banner_img2.jpg) no-repeat center top;\n    padding: 100px 70px 112px 77px;\n    background-size: cover;\"><\/div>\n          <div class=\"var5_srvice_left_wdt service2_rght_bg\" style=\"background: url(https:\/\/lepoxi.com\/wp-content\/uploads\/2020\/10\/fondo-naranja.png) no-repeat center top;\n    height: 359px;\n    background-size: cover;\"><span class=\"var5_srvice_img\"><img src=\"\"><\/span>\n            <div class=\"var5_srvice_txt\">\n              <h6>2018<\/h6>\n              <p class=\"white_color1\">Restructuration qui permet l\u2019optimisation de la surface de stockage<\/p><a href=\"\" class=\"service_read\"><\/a>\n            <\/div>\n          <\/div>\n        <\/div>\n      <\/div>\n\n     \n        <div class=\"var5_srvice_col\">\n      <div class=\"v5_service\">\n        <div class=\"var5_srvice_left_wdt service1_left_bg\" style=\"background: url(https:\/\/lepoxi.com\/wp-content\/uploads\/2020\/10\/fondo-rojo.png) no-repeat center top;\n    padding: 100px 70px 112px 77px;\n    background-size: cover;\"><span class=\"var5_srvice_img\"><img src=\"\"><\/span>\n          <div class=\"var5_srvice_txt\">\n            <h6>2019<\/h6>\n            <p class=\"white_color1\">Obtention du CertificatQualisteelcoat<\/p><a href=\"https:\/\/lepoxi.com\/wp-content\/uploads\/2025\/01\/E-413-LEPOXI-2025-V3.pdf\" class=\"service_read\">T\u00e9l\u00e9charger le certificat<\/a>\n          <\/div>\n        <\/div>\n        <div class=\"var5_srvice_left_wdt service1_rght_bg\" style=\"background: url() no-repeat center top;\n    height: 359px;\n    background-size: cover;\"><\/div>\n      <\/div>\n    <\/div>\n     \n    \n    <div class=\"var5_srvice_col\">\n        <div class=\"v5_service\">\n          <div class=\"var5_srvice_left_wdt service2_left_bg\" style=\"background: url(https:\/\/lepoxi.com\/wp-content\/uploads\/2020\/12\/2020.jpg) no-repeat center top;\n    padding: 100px 70px 112px 77px;\n    background-size: cover;\"><\/div>\n          <div class=\"var5_srvice_left_wdt service2_rght_bg\" style=\"background: url(https:\/\/lepoxi.com\/wp-content\/uploads\/2020\/10\/fondo-naranja.png) no-repeat center top;\n    height: 359px;\n    background-size: cover;\"><span class=\"var5_srvice_img\"><img src=\"\"><\/span>\n            <div class=\"var5_srvice_txt\">\n              <h6>2020<\/h6>\n              <p class=\"white_color1\">Agrandissement des installations de 250 m carr\u00e9s suppl\u00e9mentaires<\/p><a href=\"\" class=\"service_read\"><\/a>\n            <\/div>\n          <\/div>\n        <\/div>\n      <\/div>\n\n    [\/vc_column][\/vc_row][vc_row][vc_column column_id=&#8221;pie_contactar&#8221;] \n        <div class=\"full_wrapper yellow_bg\">\n      <div class=\"container\">\n        <div class=\"innov_txt\"> N\u2019h\u00e9sitez pas \u00e0 nous contacter pour tout renseignement compl\u00e9mentaire<\/div>\n        <div class=\"innove_quote_btn\"><a href=\"https:\/\/lepoxi.com\/contacto\/\" class=\"view-all hvr-bounce-to-right get_quote_btn sec_var_quote_btn\">Contacter<\/a><\/div>\n      <\/div>\n    <\/div>\n    [\/vc_column][\/vc_row]<\/p>","protected":false},"excerpt":{"rendered":"<p>[vc_row type_row=&#8221;slider2&#8243;][vc_column][\/vc_column][\/vc_row][vc_row][vc_column][\/vc_column][\/vc_row][vc_row type_row=&#8221;service&#8221; ses_title=&#8221;Histoire&#8221; ses_subtitle=&#8221;En 1992 et alors que l\u2019id\u00e9e [&hellip;]<\/p>\n","protected":false},"author":6,"featured_media":0,"parent":0,"menu_order":0,"comment_status":"closed","ping_status":"closed","template":"page-templates\/template-home.php","meta":[],"yoast_head":"<!-- This site is optimized with the Yoast SEO plugin v16.8 - https:\/\/yoast.com\/wordpress\/plugins\/seo\/ -->\n<title>Desde 1992 en el tratamiento de pintura y acabados del metal<\/title>\n<meta name=\"description\" content=\"Lepoxi es la primera empresa del sector en obtener el certificado ISO 9001:2008 contando a su vez con el prestigioso Qualisteelcoat, garant\u00edas de calidad\" \/>\n<meta name=\"robots\" content=\"index, follow, max-snippet:-1, max-image-preview:large, max-video-preview:-1\" \/>\n<link rel=\"canonical\" href=\"https:\/\/lepoxi.com\/fr\/empresa\/\" \/>\n<meta property=\"og:locale\" content=\"fr_FR\" \/>\n<meta property=\"og:type\" content=\"article\" \/>\n<meta property=\"og:title\" content=\"Desde 1992 en el tratamiento de pintura y acabados del metal\" \/>\n<meta property=\"og:description\" content=\"Lepoxi es la primera empresa del sector en obtener el certificado ISO 9001:2008 contando a su vez con el prestigioso Qualisteelcoat, garant\u00edas de calidad\" \/>\n<meta property=\"og:url\" content=\"https:\/\/lepoxi.com\/fr\/empresa\/\" \/>\n<meta property=\"og:site_name\" content=\"Lepoxi\" \/>\n<meta property=\"article:modified_time\" content=\"2025-01-23T15:59:31+00:00\" \/>\n<meta name=\"twitter:card\" content=\"summary_large_image\" \/>\n<meta name=\"twitter:label1\" content=\"Dur\u00e9e de lecture est.\" \/>\n\t<meta name=\"twitter:data1\" content=\"2 minutes\" \/>\n<script type=\"application\/ld+json\" class=\"yoast-schema-graph\">{\"@context\":\"https:\/\/schema.org\",\"@graph\":[{\"@type\":\"WebSite\",\"@id\":\"https:\/\/lepoxi.com\/fr\/#website\",\"url\":\"https:\/\/lepoxi.com\/fr\/\",\"name\":\"Lepoxi\",\"description\":\"L\\u00edder en proyectos con pintura al polvo\",\"potentialAction\":[{\"@type\":\"SearchAction\",\"target\":{\"@type\":\"EntryPoint\",\"urlTemplate\":\"https:\/\/lepoxi.com\/fr\/?s={search_term_string}\"},\"query-input\":\"required name=search_term_string\"}],\"inLanguage\":\"fr-FR\"},{\"@type\":\"WebPage\",\"@id\":\"https:\/\/lepoxi.com\/fr\/empresa\/#webpage\",\"url\":\"https:\/\/lepoxi.com\/fr\/empresa\/\",\"name\":\"Desde 1992 en el tratamiento de pintura y acabados del metal\",\"isPartOf\":{\"@id\":\"https:\/\/lepoxi.com\/fr\/#website\"},\"datePublished\":\"2020-10-05T15:32:21+00:00\",\"dateModified\":\"2025-01-23T15:59:31+00:00\",\"description\":\"Lepoxi es la primera empresa del sector en obtener el certificado ISO 9001:2008 contando a su vez con el prestigioso Qualisteelcoat, garant\\u00edas de calidad\",\"breadcrumb\":{\"@id\":\"https:\/\/lepoxi.com\/fr\/empresa\/#breadcrumb\"},\"inLanguage\":\"fr-FR\",\"potentialAction\":[{\"@type\":\"ReadAction\",\"target\":[[\"https:\/\/lepoxi.com\/fr\/empresa\/\"]]}]},{\"@type\":\"BreadcrumbList\",\"@id\":\"https:\/\/lepoxi.com\/fr\/empresa\/#breadcrumb\",\"itemListElement\":[{\"@type\":\"ListItem\",\"position\":1,\"name\":\"Home\",\"item\":\"https:\/\/lepoxi.com\/fr\/\"},{\"@type\":\"ListItem\",\"position\":2,\"name\":\"Empresa\"}]}]}<\/script>\n<!-- \/ Yoast SEO plugin. -->","yoast_head_json":{"title":"Desde 1992 en el tratamiento de pintura y acabados del metal","description":"Lepoxi es la primera empresa del sector en obtener el certificado ISO 9001:2008 contando a su vez con el prestigioso Qualisteelcoat, garant\u00edas de calidad","robots":{"index":"index","follow":"follow","max-snippet":"max-snippet:-1","max-image-preview":"max-image-preview:large","max-video-preview":"max-video-preview:-1"},"canonical":"https:\/\/lepoxi.com\/fr\/empresa\/","og_locale":"fr_FR","og_type":"article","og_title":"Desde 1992 en el tratamiento de pintura y acabados del metal","og_description":"Lepoxi es la primera empresa del sector en obtener el certificado ISO 9001:2008 contando a su vez con el prestigioso Qualisteelcoat, garant\u00edas de calidad","og_url":"https:\/\/lepoxi.com\/fr\/empresa\/","og_site_name":"Lepoxi","article_modified_time":"2025-01-23T15:59:31+00:00","twitter_card":"summary_large_image","twitter_misc":{"Dur\u00e9e de lecture est.":"2 minutes"},"schema":{"@context":"https:\/\/schema.org","@graph":[{"@type":"WebSite","@id":"https:\/\/lepoxi.com\/fr\/#website","url":"https:\/\/lepoxi.com\/fr\/","name":"Lepoxi","description":"L\u00edder en proyectos con pintura al polvo","potentialAction":[{"@type":"SearchAction","target":{"@type":"EntryPoint","urlTemplate":"https:\/\/lepoxi.com\/fr\/?s={search_term_string}"},"query-input":"required name=search_term_string"}],"inLanguage":"fr-FR"},{"@type":"WebPage","@id":"https:\/\/lepoxi.com\/fr\/empresa\/#webpage","url":"https:\/\/lepoxi.com\/fr\/empresa\/","name":"Desde 1992 en el tratamiento de pintura y acabados del metal","isPartOf":{"@id":"https:\/\/lepoxi.com\/fr\/#website"},"datePublished":"2020-10-05T15:32:21+00:00","dateModified":"2025-01-23T15:59:31+00:00","description":"Lepoxi es la primera empresa del sector en obtener el certificado ISO 9001:2008 contando a su vez con el prestigioso Qualisteelcoat, garant\u00edas de calidad","breadcrumb":{"@id":"https:\/\/lepoxi.com\/fr\/empresa\/#breadcrumb"},"inLanguage":"fr-FR","potentialAction":[{"@type":"ReadAction","target":[["https:\/\/lepoxi.com\/fr\/empresa\/"]]}]},{"@type":"BreadcrumbList","@id":"https:\/\/lepoxi.com\/fr\/empresa\/#breadcrumb","itemListElement":[{"@type":"ListItem","position":1,"name":"Home","item":"https:\/\/lepoxi.com\/fr\/"},{"@type":"ListItem","position":2,"name":"Empresa"}]}]}},"_links":{"self":[{"href":"https:\/\/lepoxi.com\/fr\/wp-json\/wp\/v2\/pages\/751"}],"collection":[{"href":"https:\/\/lepoxi.com\/fr\/wp-json\/wp\/v2\/pages"}],"about":[{"href":"https:\/\/lepoxi.com\/fr\/wp-json\/wp\/v2\/types\/page"}],"author":[{"embeddable":true,"href":"https:\/\/lepoxi.com\/fr\/wp-json\/wp\/v2\/users\/6"}],"replies":[{"embeddable":true,"href":"https:\/\/lepoxi.com\/fr\/wp-json\/wp\/v2\/comments?post=751"}],"version-history":[{"count":3,"href":"https:\/\/lepoxi.com\/fr\/wp-json\/wp\/v2\/pages\/751\/revisions"}],"predecessor-version":[{"id":1581,"href":"https:\/\/lepoxi.com\/fr\/wp-json\/wp\/v2\/pages\/751\/revisions\/1581"}],"wp:attachment":[{"href":"https:\/\/lepoxi.com\/fr\/wp-json\/wp\/v2\/media?parent=751"}],"curies":[{"name":"wp","href":"https:\/\/api.w.org\/{rel}","templated":true}]}}