{"id":805,"date":"2020-10-05T16:25:20","date_gmt":"2020-10-05T16:25:20","guid":{"rendered":"https:\/\/lepoxi.com\/?page_id=805"},"modified":"2021-01-21T14:21:54","modified_gmt":"2021-01-21T14:21:54","slug":"contacto","status":"publish","type":"page","link":"https:\/\/lepoxi.com\/fr\/contacto\/","title":{"rendered":"Contacter"},"content":{"rendered":"<p><\/p>\n<p>[vc_row type_row=&#8221;slider2&#8243;][vc_column] \n            <div style=\"background-image: url(https:\/\/lepoxi.com\/wp-content\/uploads\/2020\/12\/cabcontacto.jpg);backgroudn-position: center right;\" class=\"item active slide-1\">\n          <div class=\"carousel-caption\">\n            <div class=\"thm-container\">\n              <div class=\"box valign-middle\">\n                <div class=\"content text-center\">\n                  <h1 data-animation=\"animated fadeInUp\">Contactez-nous<\/h1>\n                  <p data-animation=\"animated fadeInDown\"><\/p>\n                                                    <\/div>\n              <\/div>\n            <\/div>\n          <\/div>\n        <\/div>\n[\/vc_column][\/vc_row][vc_row type_row=&#8221;contact&#8221; ses_title=&#8221;Faites-le comme vous pr\u00e9f\u00e9rez&#8221; ses_subtitle=&#8221;Vous pouvez remplir ce formulaire, nous appeler, nous envoyer un email ou visiter nos installations&#8221;][vc_column width=&#8221;2\/3&#8243; wap_class=&#8221;col-lg-8 col-md-8 col-sm-12 col-xs-12 text-center&#8221; type=&#8221;column&#8221;]<div role=\"form\" class=\"wpcf7\" id=\"wpcf7-f1202-o2\" lang=\"en-US\" dir=\"ltr\">\n<div class=\"screen-reader-response\"><p role=\"status\" aria-live=\"polite\" aria-atomic=\"true\"><\/p> <ul><\/ul><\/div>\n<form action=\"\/fr\/wp-json\/wp\/v2\/pages\/805#wpcf7-f1202-o2\" method=\"post\" class=\"wpcf7-form init\" novalidate=\"novalidate\" data-status=\"init\">\n<div style=\"display: none;\">\n<input type=\"hidden\" name=\"_wpcf7\" value=\"1202\" \/>\n<input type=\"hidden\" name=\"_wpcf7_version\" value=\"5.4.2\" \/>\n<input type=\"hidden\" name=\"_wpcf7_locale\" value=\"en_US\" \/>\n<input type=\"hidden\" name=\"_wpcf7_unit_tag\" value=\"wpcf7-f1202-o2\" \/>\n<input type=\"hidden\" name=\"_wpcf7_container_post\" value=\"0\" \/>\n<input type=\"hidden\" name=\"_wpcf7_posted_data_hash\" value=\"\" \/>\n<\/div>\n<div id=\"contact-form\" class=\"full_width\">\n<div class=\"messages\"><\/div>\n<div class=\"row\">\n<div class=\"col-md-12\">\n<div class=\"form-group faq_form-group\">\n      <span class=\"wpcf7-form-control-wrap your-name\"><input type=\"text\" name=\"your-name\" value=\"\" size=\"40\" class=\"wpcf7-form-control wpcf7-text wpcf7-validates-as-required form-control faq_form_control\" aria-required=\"true\" aria-invalid=\"false\" placeholder=\"Nom\" \/><\/span><\/p>\n<div class=\"help-block with-errors\"><\/div>\n<\/div>\n<\/div>\n<\/div>\n<div class=\"row\">\n<div class=\"col-md-12\">\n<div class=\"form-group faq_form-group\">\n      <span class=\"wpcf7-form-control-wrap your-email\"><input type=\"email\" name=\"your-email\" value=\"\" size=\"40\" class=\"wpcf7-form-control wpcf7-text wpcf7-email wpcf7-validates-as-required wpcf7-validates-as-email form-control faq_form_control\" aria-required=\"true\" aria-invalid=\"false\" placeholder=\"Email\" \/><\/span><\/p>\n<div class=\"help-block with-errors\"><\/div>\n<\/div>\n<\/div>\n<\/div>\n<div class=\"row\">\n<div class=\"col-md-12\">\n<div class=\"form-group faq_form-group\">\n      <span class=\"wpcf7-form-control-wrap your-subject\"><input type=\"text\" name=\"your-subject\" value=\"\" size=\"40\" class=\"wpcf7-form-control wpcf7-text wpcf7-validates-as-required form-control faq_form_control\" aria-required=\"true\" aria-invalid=\"false\" placeholder=\"Affaire\" \/><\/span><\/p>\n<div class=\"help-block with-errors\"><\/div>\n<\/div>\n<\/div>\n<\/div>\n<div class=\"row\">\n<div class=\"col-md-12 mbot5\">\n<div class=\"form-group faq_form-group\">\n      <span class=\"wpcf7-form-control-wrap your-message\"><textarea name=\"your-message\" cols=\"40\" rows=\"4\" class=\"wpcf7-form-control wpcf7-textarea form-control faq_form_control faq_message_height\" aria-invalid=\"false\" placeholder=\"Message\"><\/textarea><\/span><\/p>\n<div class=\"help-block with-errors\"><\/div>\n<\/div>\n<\/div>\n<\/div>\n<div class=\"row\">\n<div class=\"col-md-12 mtop20\">\n<div class=\"terminos\">\n<span class=\"wpcf7-form-control-wrap terminos\"><span class=\"wpcf7-form-control wpcf7-checkbox wpcf7-validates-as-required\"><span class=\"wpcf7-list-item first last\"><label><input type=\"checkbox\" name=\"terminos[]\" value=\"Les donn\u00e9es personnelles que vous nous fournissez en remplissant ce formulaire seront trait\u00e9es par LEPOXI S.L, dont le si\u00e8ge social est situ\u00e9 Ctra. Gaintxurizketa-Lezo, Pol.110,20100, Lezo, en tant que responsable de ce site Web. Le but de la collecte et du traitement des donn\u00e9es personnelles que nous demandons est de vous offrir des informations sur nos produits et \/ ou services. En cochant la case d&#039;acceptation, vous donnez votre consentement l\u00e9gitime pour que vos donn\u00e9es soient trait\u00e9es conform\u00e9ment aux finalit\u00e9s de ce formulaire, d\u00e9crites dans notre politique de confidentialit\u00e9.\" \/><span class=\"wpcf7-list-item-label\">Les donn\u00e9es personnelles que vous nous fournissez en remplissant ce formulaire seront trait\u00e9es par LEPOXI S.L, dont le si\u00e8ge social est situ\u00e9 Ctra. Gaintxurizketa-Lezo, Pol.110,20100, Lezo, en tant que responsable de ce site Web. Le but de la collecte et du traitement des donn\u00e9es personnelles que nous demandons est de vous offrir des informations sur nos produits et \/ ou services. En cochant la case d&#039;acceptation, vous donnez votre consentement l\u00e9gitime pour que vos donn\u00e9es soient trait\u00e9es conform\u00e9ment aux finalit\u00e9s de ce formulaire, d\u00e9crites dans notre politique de confidentialit\u00e9.<\/span><\/label><\/span><\/span><\/span>\n<\/div>\n<p>    <input type=\"submit\" value=\"Envoyer\" class=\"wpcf7-form-control wpcf7-submit btn submit_now faq_submit_btn contact_btn\" \/>\n  <\/p><\/div>\n<\/div>\n<\/div>\n<div class=\"wpcf7-response-output\" aria-hidden=\"true\"><\/div><\/form><\/div>[\/vc_column][vc_column width=&#8221;1\/3&#8243; wap_class=&#8221;col-lg-4 col-md-4 col-sm-12 col-xs-12 plft85 col_margin&#8221; type=&#8221;column&#8221;] \n    <ul class=\"contact_info\">\n      <li class=\"cnt_map_icon\">\n        <p class=\"line_he2\">Ctra. Gaintxurizketa-Lezo, Pol.110,20100 LEZO<\/p>\n      <\/li>\n      <li class=\"cnt_mail_icon\">\n        <p class=\"line_he2\">lepoxi@lepoxi.com<\/p>\n      <\/li>\n      <li class=\"cnt_call_icon\">\n        <p class=\"line_he2\">+34 943528150<\/p>\n      <\/li>\n    <\/ul>\n[\/vc_column][\/vc_row][vc_row][vc_column][vc_raw_html]JTNDZGl2JTIwY2xhc3MlM0QlMjJmdWxsX3dpZHRoJTIwbWFwYSUyMiUzRSUwQSUzQ2lmcmFtZSUyMHNyYyUzRCUyMmh0dHBzJTNBJTJGJTJGd3d3Lmdvb2dsZS5jb20lMkZtYXBzJTJGZW1iZWQlM0ZwYiUzRCUyMTFtMTglMjExbTEyJTIxMW0zJTIxMWQyOTAyLjQ5ODAyNTgzODQ0NTMlMjEyZC0xLjg3ODg0NjQ4NDA5NDM5MzUlMjEzZDQzLjMyNDc2NjU3OTEzNDAyJTIxMm0zJTIxMWYwJTIxMmYwJTIxM2YwJTIxM20yJTIxMWkxMDI0JTIxMmk3NjglMjE0ZjEzLjElMjEzbTMlMjExbTIlMjExczB4ZDUxYTYyZGU1YTYyNzk5JTI1M0EweDg3ZGM4ODhmOTBhZDIxMDYlMjEyc0xlcG94aSUyNTIwUy5BLiUyMTVlMCUyMTNtMiUyMTFzZXMlMjEyc2VzJTIxNHYxNTg2NTM4OTQ0NTM1JTIxNW0yJTIxMXNlcyUyMTJzZXMlMjIlMjBmcmFtZWJvcmRlciUzRCUyMjAlMjIlMjBzdHlsZSUzRCUyMmJvcmRlciUzQTAlM0IlMjIlMjBhbGxvd2Z1bGxzY3JlZW4lM0QlMjIlMjIlMjBhcmlhLWhpZGRlbiUzRCUyMmZhbHNlJTIyJTIwdGFiaW5kZXglM0QlMjIwJTIyJTNFJTNDJTJGaWZyYW1lJTNFJTBBJTNDJTJGZGl2JTNF[\/vc_raw_html][\/vc_column][\/vc_row]<\/p>\n<p><\/p>","protected":false},"excerpt":{"rendered":"<p>[vc_row type_row=&#8221;slider2&#8243;][vc_column][\/vc_column][\/vc_row][vc_row type_row=&#8221;contact&#8221; ses_title=&#8221;Faites-le comme vous pr\u00e9f\u00e9rez&#8221; ses_subtitle=&#8221;Vous pouvez remplir [&hellip;]<\/p>\n","protected":false},"author":6,"featured_media":0,"parent":0,"menu_order":0,"comment_status":"closed","ping_status":"closed","template":"page-templates\/template-home.php","meta":[],"yoast_head":"<!-- This site is optimized with the Yoast SEO plugin v16.8 - https:\/\/yoast.com\/wordpress\/plugins\/seo\/ -->\n<title>Contacter - Lepoxi<\/title>\n<meta name=\"robots\" content=\"index, follow, max-snippet:-1, max-image-preview:large, max-video-preview:-1\" \/>\n<link rel=\"canonical\" href=\"https:\/\/lepoxi.com\/fr\/contacto\/\" \/>\n<meta property=\"og:locale\" content=\"fr_FR\" \/>\n<meta property=\"og:type\" content=\"article\" \/>\n<meta property=\"og:title\" content=\"Contacter - Lepoxi\" \/>\n<meta property=\"og:description\" content=\"[vc_row type_row=&#8221;slider2&#8243;][vc_column][\/vc_column][\/vc_row][vc_row type_row=&#8221;contact&#8221; ses_title=&#8221;Faites-le comme vous pr\u00e9f\u00e9rez&#8221; ses_subtitle=&#8221;Vous pouvez remplir [&hellip;]\" \/>\n<meta property=\"og:url\" content=\"https:\/\/lepoxi.com\/fr\/contacto\/\" \/>\n<meta property=\"og:site_name\" content=\"Lepoxi\" \/>\n<meta property=\"article:modified_time\" content=\"2021-01-21T14:21:54+00:00\" \/>\n<meta name=\"twitter:card\" content=\"summary_large_image\" \/>\n<meta name=\"twitter:label1\" content=\"Dur\u00e9e de lecture est.\" \/>\n\t<meta name=\"twitter:data1\" content=\"2 minutes\" \/>\n<script type=\"application\/ld+json\" class=\"yoast-schema-graph\">{\"@context\":\"https:\/\/schema.org\",\"@graph\":[{\"@type\":\"WebSite\",\"@id\":\"https:\/\/lepoxi.com\/fr\/#website\",\"url\":\"https:\/\/lepoxi.com\/fr\/\",\"name\":\"Lepoxi\",\"description\":\"L\\u00edder en proyectos con pintura al polvo\",\"potentialAction\":[{\"@type\":\"SearchAction\",\"target\":{\"@type\":\"EntryPoint\",\"urlTemplate\":\"https:\/\/lepoxi.com\/fr\/?s={search_term_string}\"},\"query-input\":\"required name=search_term_string\"}],\"inLanguage\":\"fr-FR\"},{\"@type\":\"WebPage\",\"@id\":\"https:\/\/lepoxi.com\/fr\/contacto\/#webpage\",\"url\":\"https:\/\/lepoxi.com\/fr\/contacto\/\",\"name\":\"Contacter - Lepoxi\",\"isPartOf\":{\"@id\":\"https:\/\/lepoxi.com\/fr\/#website\"},\"datePublished\":\"2020-10-05T16:25:20+00:00\",\"dateModified\":\"2021-01-21T14:21:54+00:00\",\"breadcrumb\":{\"@id\":\"https:\/\/lepoxi.com\/fr\/contacto\/#breadcrumb\"},\"inLanguage\":\"fr-FR\",\"potentialAction\":[{\"@type\":\"ReadAction\",\"target\":[[\"https:\/\/lepoxi.com\/fr\/contacto\/\"]]}]},{\"@type\":\"BreadcrumbList\",\"@id\":\"https:\/\/lepoxi.com\/fr\/contacto\/#breadcrumb\",\"itemListElement\":[{\"@type\":\"ListItem\",\"position\":1,\"name\":\"Home\",\"item\":\"https:\/\/lepoxi.com\/fr\/\"},{\"@type\":\"ListItem\",\"position\":2,\"name\":\"Contacto\"}]}]}<\/script>\n<!-- \/ Yoast SEO plugin. -->","yoast_head_json":{"title":"Contacter - Lepoxi","robots":{"index":"index","follow":"follow","max-snippet":"max-snippet:-1","max-image-preview":"max-image-preview:large","max-video-preview":"max-video-preview:-1"},"canonical":"https:\/\/lepoxi.com\/fr\/contacto\/","og_locale":"fr_FR","og_type":"article","og_title":"Contacter - Lepoxi","og_description":"[vc_row type_row=&#8221;slider2&#8243;][vc_column][\/vc_column][\/vc_row][vc_row type_row=&#8221;contact&#8221; ses_title=&#8221;Faites-le comme vous pr\u00e9f\u00e9rez&#8221; ses_subtitle=&#8221;Vous pouvez remplir [&hellip;]","og_url":"https:\/\/lepoxi.com\/fr\/contacto\/","og_site_name":"Lepoxi","article_modified_time":"2021-01-21T14:21:54+00:00","twitter_card":"summary_large_image","twitter_misc":{"Dur\u00e9e de lecture est.":"2 minutes"},"schema":{"@context":"https:\/\/schema.org","@graph":[{"@type":"WebSite","@id":"https:\/\/lepoxi.com\/fr\/#website","url":"https:\/\/lepoxi.com\/fr\/","name":"Lepoxi","description":"L\u00edder en proyectos con pintura al polvo","potentialAction":[{"@type":"SearchAction","target":{"@type":"EntryPoint","urlTemplate":"https:\/\/lepoxi.com\/fr\/?s={search_term_string}"},"query-input":"required name=search_term_string"}],"inLanguage":"fr-FR"},{"@type":"WebPage","@id":"https:\/\/lepoxi.com\/fr\/contacto\/#webpage","url":"https:\/\/lepoxi.com\/fr\/contacto\/","name":"Contacter - Lepoxi","isPartOf":{"@id":"https:\/\/lepoxi.com\/fr\/#website"},"datePublished":"2020-10-05T16:25:20+00:00","dateModified":"2021-01-21T14:21:54+00:00","breadcrumb":{"@id":"https:\/\/lepoxi.com\/fr\/contacto\/#breadcrumb"},"inLanguage":"fr-FR","potentialAction":[{"@type":"ReadAction","target":[["https:\/\/lepoxi.com\/fr\/contacto\/"]]}]},{"@type":"BreadcrumbList","@id":"https:\/\/lepoxi.com\/fr\/contacto\/#breadcrumb","itemListElement":[{"@type":"ListItem","position":1,"name":"Home","item":"https:\/\/lepoxi.com\/fr\/"},{"@type":"ListItem","position":2,"name":"Contacto"}]}]}},"_links":{"self":[{"href":"https:\/\/lepoxi.com\/fr\/wp-json\/wp\/v2\/pages\/805"}],"collection":[{"href":"https:\/\/lepoxi.com\/fr\/wp-json\/wp\/v2\/pages"}],"about":[{"href":"https:\/\/lepoxi.com\/fr\/wp-json\/wp\/v2\/types\/page"}],"author":[{"embeddable":true,"href":"https:\/\/lepoxi.com\/fr\/wp-json\/wp\/v2\/users\/6"}],"replies":[{"embeddable":true,"href":"https:\/\/lepoxi.com\/fr\/wp-json\/wp\/v2\/comments?post=805"}],"version-history":[{"count":0,"href":"https:\/\/lepoxi.com\/fr\/wp-json\/wp\/v2\/pages\/805\/revisions"}],"wp:attachment":[{"href":"https:\/\/lepoxi.com\/fr\/wp-json\/wp\/v2\/media?parent=805"}],"curies":[{"name":"wp","href":"https:\/\/api.w.org\/{rel}","templated":true}]}}