{"id":821,"date":"2020-10-06T09:39:50","date_gmt":"2020-10-06T09:39:50","guid":{"rendered":"https:\/\/lepoxi.com\/?page_id=821"},"modified":"2021-05-08T09:21:33","modified_gmt":"2021-05-08T09:21:33","slug":"proceso-productivo","status":"publish","type":"page","link":"https:\/\/lepoxi.com\/fr\/proceso-productivo\/","title":{"rendered":"Processus de production"},"content":{"rendered":"<p>[vc_row type_row=&#8221;slider2&#8243;][vc_column] \n            <div style=\"background-image: url(https:\/\/lepoxi.com\/wp-content\/uploads\/2018\/05\/banner_img1-1.jpg);backgroudn-position: center right;\" class=\"item active slide-1\">\n          <div class=\"carousel-caption\">\n            <div class=\"thm-container\">\n              <div class=\"box valign-middle\">\n                <div class=\"content text-center\">\n                  <h1 data-animation=\"animated fadeInUp\">Processus de production<\/h1>\n                  <p data-animation=\"animated fadeInDown\"><\/p>\n                                                    <\/div>\n              <\/div>\n            <\/div>\n          <\/div>\n        <\/div>\n[\/vc_column][\/vc_row][vc_row type_row=&#8221;graybg3&#8243; ses_title=&#8221;\u00bfC\u00f3mo trabajamos?&#8221; ses_subtitle=&#8221;Peque\u00f1o texto aqu\u00ed&#8221;][vc_column width=&#8221;7\/12&#8243; type=&#8221;column&#8221;][vc_raw_html]JTNDaDIlM0VDb21tZW50JTIwdHJhdmFpbGxvbnMtbm91cyUzRiUzQyUyRmgyJTNFJTBBJTNDZGl2JTIwc3R5bGUlM0QlMjJ3aWR0aCUzQSUyMDEwMCUyNSUzQiUyMGhlaWdodCUzQSUyMDUwcHglM0IlMjIlM0UlM0MlMkZkaXYlM0U=[\/vc_raw_html] \n    <div class=\"row mbot40\">\n      <div class=\"col-lg-3 col-md-4 col-sm-2 col-xs-4\"><img src=\"https:\/\/lepoxi.com\/wp-content\/uploads\/2018\/05\/modern_equip_icon-1.png\" alt=\"quality assurance\"><\/div>\n      <div class=\"col-lg-9 col-md-8 col-sm-10 col-xs-8\">\n        <h4 class=\"letter_space_0 mbot15\">Pr\u00e9paration<\/h4>\n        <p>Toutes les pi\u00e8ces qui sont trait\u00e9es chezLepoxi sont uniques et font partie du processus de la cha\u00eene productive de mani\u00e8re individuelle et chacune d\u2019elles re\u00e7oit l\u2019attention n\u00e9cessaire de la part des ouvriers afin d\u2019obtenir une finition optimale.Nous allons au-del\u00e0 de l\u2019application de peinture \u00c9poxy dans les structures et les pi\u00e8ces m\u00e9talliques qui sont trait\u00e9es pendant le processus productif et nous ajoutons des services compl\u00e9mentaires tels que la s\u00e9rigraphie, la manipulation, le montage, l\u2019\u00e9tiquetage, l\u2019emballage, etc. tout en respectant toutes les sp\u00e9cifications dict\u00e9es par nos clients, ce qui leur donne une valeur ajout\u00e9e en travaillant avec Lepoxi.<\/p>\n      <\/div>\n    <\/div>\n \n    <div class=\"row mbot40\">\n      <div class=\"col-lg-3 col-md-4 col-sm-2 col-xs-4\"><img src=\"https:\/\/lepoxi.com\/wp-content\/uploads\/2018\/05\/award_icon-1.png\" alt=\"quality assurance\"><\/div>\n      <div class=\"col-lg-9 col-md-8 col-sm-10 col-xs-8\">\n        <h4 class=\"letter_space_0 mbot15\">Circuit<\/h4>\n        <p>Chez Lepoxi nous disposons d\u2019un circuit assez complexe \u00e9quip\u00e9 des derni\u00e8res innovationstechnologiques qui nous permettent de suivre un processus de production avec toutes les garanties de qualit\u00e9 n\u00e9cessaires.<br \/>\nChaque pi\u00e8ce introduite dans le circuit passe initialement par un traitement de la surface afin que celle-ci s\u2019acclimate, puis, on lui applique la phase de s\u00e9chage pr\u00e9alable \u00e0 la cabine de peinture o\u00f9 elle sera peinte de mani\u00e8re homog\u00e8ne, Une fois la pi\u00e8ce peinte, elle passe au four de polym\u00e9risationafin que la peinture adh\u00e8re fermement \u00e0 la pi\u00e8ce obtenant ainsi la durabilit\u00e9 optimale et esth\u00e9tique demand\u00e9es par le client.<br \/>\n<\/p>\n      <\/div>\n    <\/div>\n \n    <div class=\"row mbot40\">\n      <div class=\"col-lg-3 col-md-4 col-sm-2 col-xs-4\"><img src=\"https:\/\/lepoxi.com\/wp-content\/uploads\/2018\/05\/quality_icon-1.png\" alt=\"quality assurance\"><\/div>\n      <div class=\"col-lg-9 col-md-8 col-sm-10 col-xs-8\">\n        <h4 class=\"letter_space_0 mbot15\">Garanties<\/h4>\n        <p>Ce processus productif \u00e0 travers le circuit mis en place chez Lepoxi nous a permis d\u2019obtenir la prestigieuse Norme ISO 9001 ainsi que le certificat Qualisteelcoat afin de contr\u00f4ler une bonne finition esth\u00e9tique pour des pi\u00e8ces en fer apr\u00e8s avoir appliqu\u00e9 la peinture ce qui garantit sa protection contre la corrosion. <\/p>\n      <\/div>\n    <\/div>\n \n    <div class=\"row mbot40\">\n      <div class=\"col-lg-3 col-md-4 col-sm-2 col-xs-4\"><img src=\"https:\/\/lepoxi.com\/wp-content\/uploads\/2018\/05\/engineer_icon.png\" alt=\"quality assurance\"><\/div>\n      <div class=\"col-lg-9 col-md-8 col-sm-10 col-xs-8\">\n        <h4 class=\"letter_space_0 mbot15\">S\u00e9curit\u00e9<\/h4>\n        <p>Il faut \u00e9galement souligner l\u2019application du Plan de Pr\u00e9vention des Risques Professionnels qui cherche \u00e0 renforcer la s\u00e9curit\u00e9 de notre plus grand tr\u00e9sor, notre \u00e9quipe humaine.<\/p>\n      <\/div>\n    <\/div>\n[vc_raw_html]JTNDZGl2JTIwc3R5bGUlM0QlMjJ3aWR0aCUzQSUyMDEwMCUyNSUzQiUyMGhlaWdodCUzQSUyMDEwMHB4JTNCJTIyJTNFJTNDJTJGZGl2JTNF[\/vc_raw_html][\/vc_column][vc_column width=&#8221;5\/12&#8243; type=&#8221;column&#8221;][vc_raw_html]JTNDZGl2JTIwc3R5bGUlM0QlMjJwYWRkaW5nJTNBJTIwMTAwcHglMjAzMHB4JTNCJTIyJTNFJTBBJTNDaW1nJTIwc3JjJTNEJTIyaHR0cHMlM0ElMkYlMkZsZXBveGkuY29tJTJGd3AtY29udGVudCUyRnVwbG9hZHMlMkYyMDE4JTJGMDUlMkZwcm9kMS5qcGclMjIlMjBzdHlsZSUzRCUyMndpZHRoJTNBJTIwMTAwJTI1JTNCJTIyJTJGJTNFJTBBJTNDaW1nJTIwc3JjJTNEJTIyaHR0cHMlM0ElMkYlMkZsZXBveGkuY29tJTJGd3AtY29udGVudCUyRnVwbG9hZHMlMkYyMDE4JTJGMDUlMkZwcm9kMi5qcGclMjIlMjBzdHlsZSUzRCUyMndpZHRoJTNBJTIwMTAwJTI1JTNCJTIwbWFyZ2luLXRvcCUzQSUyMDMwcHglM0IlMjIlMkYlM0UlMEElM0MlMkZkaXYlM0UlMEElM0NkaXYlMjBzdHlsZSUzRCUyMndpZHRoJTNBJTIwMTAwJTI1JTNCJTIwaGVpZ2h0JTNBJTIwMTAwcHglM0IlMjIlM0UlM0MlMkZkaXYlM0UlMEE=[\/vc_raw_html][\/vc_column][\/vc_row][vc_row type_row=&#8221;service&#8221; ses_title=&#8221;Environnement&#8221; ses_image=&#8221;1012&#8243;][vc_column] \n        <div class=\"var5_srvice_col\">\n      <div class=\"v5_service\">\n        <div class=\"var5_srvice_left_wdt service1_left_bg\" style=\"background: url(https:\/\/lepoxi.com\/wp-content\/uploads\/2020\/10\/fondo-rojo.png) no-repeat center top;\n    padding: 100px 70px 112px 77px;\n    background-size: cover;\"><span class=\"var5_srvice_img\"><img src=\"\"><\/span>\n          <div class=\"var5_srvice_txt\">\n            <h6><\/h6>\n            <p class=\"white_color1\">ChezLepoxi nous sommes conscients du respect des politiques environnementales en accord aux bonnes pratiques. C\u2019est pourquoi, nous g\u00e9rons tous les exc\u00e9dents des mati\u00e8res premi\u00e8res \u00e0 travers une entreprise externe qui s\u2019occupe de les acheminer \u00e0 une usine de d\u00e9chets o\u00f9 elle recevra un traitement appropri\u00e9 aux politiques environnementales.<\/p><a href=\"\" class=\"service_read\"><\/a>\n          <\/div>\n        <\/div>\n        <div class=\"var5_srvice_left_wdt service1_rght_bg\" style=\"background: url(https:\/\/lepoxi.com\/wp-content\/uploads\/2018\/05\/home_project_img4-1-1.jpg) no-repeat center top;\n    height: 359px;\n    background-size: cover;\"><\/div>\n      <\/div>\n    <\/div>\n    [\/vc_column][\/vc_row][vc_row][vc_column column_id=&#8221;pie_contactar&#8221;] \n        <div class=\"full_wrapper yellow_bg\">\n      <div class=\"container\">\n        <div class=\"innov_txt\"> N\u2019h\u00e9sitez pas \u00e0 nous contacter pour tout renseignement compl\u00e9mentaire<\/div>\n        <div class=\"innove_quote_btn\"><a href=\"https:\/\/lepoxi.com\/contacto\/\" class=\"view-all hvr-bounce-to-right get_quote_btn sec_var_quote_btn\">Contacter<\/a><\/div>\n      <\/div>\n    <\/div>\n    [\/vc_column][\/vc_row][vc_row type_row=&#8221;slider2&#8243;][vc_column] \n            <div style=\"background-image: url(https:\/\/lepoxi.com\/wp-content\/uploads\/2018\/05\/banner_img1-1.jpg);backgroudn-position: center right;\" class=\"item active slide-1\">\n          <div class=\"carousel-caption\">\n            <div class=\"thm-container\">\n              <div class=\"box valign-middle\">\n                <div class=\"content text-center\">\n                  <h1 data-animation=\"animated fadeInUp\">Processus de production<\/h1>\n                  <p data-animation=\"animated fadeInDown\"><\/p>\n                                                    <\/div>\n              <\/div>\n            <\/div>\n          <\/div>\n        <\/div>\n[\/vc_column][\/vc_row][vc_row type_row=&#8221;graybg3&#8243; ses_title=&#8221;\u00bfC\u00f3mo trabajamos?&#8221; ses_subtitle=&#8221;Peque\u00f1o texto aqu\u00ed&#8221;][vc_column width=&#8221;7\/12&#8243; type=&#8221;column&#8221;][vc_raw_html]JTNDaDIlM0VDb21tZW50JTIwdHJhdmFpbGxvbnMtbm91cyUzRiUzQyUyRmgyJTNFJTBBJTNDZGl2JTIwc3R5bGUlM0QlMjJ3aWR0aCUzQSUyMDEwMCUyNSUzQiUyMGhlaWdodCUzQSUyMDUwcHglM0IlMjIlM0UlM0MlMkZkaXYlM0U=[\/vc_raw_html] \n    <div class=\"row mbot40\">\n      <div class=\"col-lg-3 col-md-4 col-sm-2 col-xs-4\"><img src=\"https:\/\/lepoxi.com\/wp-content\/uploads\/2018\/05\/modern_equip_icon-1.png\" alt=\"quality assurance\"><\/div>\n      <div class=\"col-lg-9 col-md-8 col-sm-10 col-xs-8\">\n        <h4 class=\"letter_space_0 mbot15\">Pr\u00e9paration<\/h4>\n        <p>Toutes les pi\u00e8ces qui sont trait\u00e9es chezLepoxi sont uniques et font partie du processus de la cha\u00eene productive de mani\u00e8re individuelle et chacune d\u2019elles re\u00e7oit l\u2019attention n\u00e9cessaire de la part des ouvriers afin d\u2019obtenir une finition optimale.Nous allons au-del\u00e0 de l\u2019application de peinture \u00c9poxy dans les structures et les pi\u00e8ces m\u00e9talliques qui sont trait\u00e9es pendant le processus productif et nous ajoutons des services compl\u00e9mentaires tels que la s\u00e9rigraphie, la manipulation, le montage, l\u2019\u00e9tiquetage, l\u2019emballage, etc. tout en respectant toutes les sp\u00e9cifications dict\u00e9es par nos clients, ce qui leur donne une valeur ajout\u00e9e en travaillant avec Lepoxi.<\/p>\n      <\/div>\n    <\/div>\n \n    <div class=\"row mbot40\">\n      <div class=\"col-lg-3 col-md-4 col-sm-2 col-xs-4\"><img src=\"https:\/\/lepoxi.com\/wp-content\/uploads\/2018\/05\/award_icon-1.png\" alt=\"quality assurance\"><\/div>\n      <div class=\"col-lg-9 col-md-8 col-sm-10 col-xs-8\">\n        <h4 class=\"letter_space_0 mbot15\">Circuit<\/h4>\n        <p>Chez Lepoxi nous disposons d\u2019un circuit assez complexe \u00e9quip\u00e9 des derni\u00e8res innovationstechnologiques qui nous permettent de suivre un processus de production avec toutes les garanties de qualit\u00e9 n\u00e9cessaires.<br \/>\nChaque pi\u00e8ce introduite dans le circuit passe initialement par un traitement de la surface afin que celle-ci s\u2019acclimate, puis, on lui applique la phase de s\u00e9chage pr\u00e9alable \u00e0 la cabine de peinture o\u00f9 elle sera peinte de mani\u00e8re homog\u00e8ne, Une fois la pi\u00e8ce peinte, elle passe au four de polym\u00e9risationafin que la peinture adh\u00e8re fermement \u00e0 la pi\u00e8ce obtenant ainsi la durabilit\u00e9 optimale et esth\u00e9tique demand\u00e9es par le client.<br \/>\n<\/p>\n      <\/div>\n    <\/div>\n \n    <div class=\"row mbot40\">\n      <div class=\"col-lg-3 col-md-4 col-sm-2 col-xs-4\"><img src=\"https:\/\/lepoxi.com\/wp-content\/uploads\/2018\/05\/quality_icon-1.png\" alt=\"quality assurance\"><\/div>\n      <div class=\"col-lg-9 col-md-8 col-sm-10 col-xs-8\">\n        <h4 class=\"letter_space_0 mbot15\">Garanties<\/h4>\n        <p>Ce processus productif \u00e0 travers le circuit mis en place chez Lepoxi nous a permis d\u2019obtenir la prestigieuse Norme ISO 9001 ainsi que le certificat Qualisteelcoat afin de contr\u00f4ler une bonne finition esth\u00e9tique pour des pi\u00e8ces en fer apr\u00e8s avoir appliqu\u00e9 la peinture ce qui garantit sa protection contre la corrosion. <\/p>\n      <\/div>\n    <\/div>\n \n    <div class=\"row mbot40\">\n      <div class=\"col-lg-3 col-md-4 col-sm-2 col-xs-4\"><img src=\"https:\/\/lepoxi.com\/wp-content\/uploads\/2018\/05\/engineer_icon.png\" alt=\"quality assurance\"><\/div>\n      <div class=\"col-lg-9 col-md-8 col-sm-10 col-xs-8\">\n        <h4 class=\"letter_space_0 mbot15\">S\u00e9curit\u00e9<\/h4>\n        <p>Il faut \u00e9galement souligner l\u2019application du Plan de Pr\u00e9vention des Risques Professionnels qui cherche \u00e0 renforcer la s\u00e9curit\u00e9 de notre plus grand tr\u00e9sor, notre \u00e9quipe humaine.<\/p>\n      <\/div>\n    <\/div>\n[vc_raw_html]JTNDZGl2JTIwc3R5bGUlM0QlMjJ3aWR0aCUzQSUyMDEwMCUyNSUzQiUyMGhlaWdodCUzQSUyMDEwMHB4JTNCJTIyJTNFJTNDJTJGZGl2JTNF[\/vc_raw_html][\/vc_column][vc_column width=&#8221;5\/12&#8243; type=&#8221;column&#8221;][vc_raw_html]JTNDZGl2JTIwc3R5bGUlM0QlMjJwYWRkaW5nJTNBJTIwMTAwcHglMjAzMHB4JTNCJTIyJTNFJTBBJTNDaW1nJTIwc3JjJTNEJTIyaHR0cHMlM0ElMkYlMkZsZXBveGkuY29tJTJGd3AtY29udGVudCUyRnVwbG9hZHMlMkYyMDE4JTJGMDUlMkZwcm9kMS5qcGclMjIlMjBzdHlsZSUzRCUyMndpZHRoJTNBJTIwMTAwJTI1JTNCJTIyJTJGJTNFJTBBJTNDaW1nJTIwc3JjJTNEJTIyaHR0cHMlM0ElMkYlMkZsZXBveGkuY29tJTJGd3AtY29udGVudCUyRnVwbG9hZHMlMkYyMDE4JTJGMDUlMkZwcm9kMi5qcGclMjIlMjBzdHlsZSUzRCUyMndpZHRoJTNBJTIwMTAwJTI1JTNCJTIwbWFyZ2luLXRvcCUzQSUyMDMwcHglM0IlMjIlMkYlM0UlMEElM0MlMkZkaXYlM0UlMEElM0NkaXYlMjBzdHlsZSUzRCUyMndpZHRoJTNBJTIwMTAwJTI1JTNCJTIwaGVpZ2h0JTNBJTIwMTAwcHglM0IlMjIlM0UlM0MlMkZkaXYlM0UlMEE=[\/vc_raw_html][\/vc_column][\/vc_row][vc_row type_row=&#8221;service&#8221; ses_title=&#8221;Environnement&#8221; ses_image=&#8221;1012&#8243;][vc_column] \n        <div class=\"var5_srvice_col\">\n      <div class=\"v5_service\">\n        <div class=\"var5_srvice_left_wdt service1_left_bg\" style=\"background: url(https:\/\/lepoxi.com\/wp-content\/uploads\/2020\/10\/fondo-rojo.png) no-repeat center top;\n    padding: 100px 70px 112px 77px;\n    background-size: cover;\"><span class=\"var5_srvice_img\"><img src=\"\"><\/span>\n          <div class=\"var5_srvice_txt\">\n            <h6><\/h6>\n            <p class=\"white_color1\">ChezLepoxi nous sommes conscients du respect des politiques environnementales en accord aux bonnes pratiques. C\u2019est pourquoi, nous g\u00e9rons tous les exc\u00e9dents des mati\u00e8res premi\u00e8res \u00e0 travers une entreprise externe qui s\u2019occupe de les acheminer \u00e0 une usine de d\u00e9chets o\u00f9 elle recevra un traitement appropri\u00e9 aux politiques environnementales.<\/p><a href=\"\" class=\"service_read\"><\/a>\n          <\/div>\n        <\/div>\n        <div class=\"var5_srvice_left_wdt service1_rght_bg\" style=\"background: url(https:\/\/lepoxi.com\/wp-content\/uploads\/2018\/05\/home_project_img4-1-1.jpg) no-repeat center top;\n    height: 359px;\n    background-size: cover;\"><\/div>\n      <\/div>\n    <\/div>\n    [\/vc_column][\/vc_row][vc_row][vc_column column_id=&#8221;pie_contactar&#8221;] \n        <div class=\"full_wrapper yellow_bg\">\n      <div class=\"container\">\n        <div class=\"innov_txt\"> N\u2019h\u00e9sitez pas \u00e0 nous contacter pour tout renseignement compl\u00e9mentaire<\/div>\n        <div class=\"innove_quote_btn\"><a href=\"https:\/\/lepoxi.com\/contacto\/\" class=\"view-all hvr-bounce-to-right get_quote_btn sec_var_quote_btn\">Contacter<\/a><\/div>\n      <\/div>\n    <\/div>\n    [\/vc_column][\/vc_row]<\/p>","protected":false},"excerpt":{"rendered":"<p>[vc_row type_row=&#8221;slider2&#8243;][vc_column][\/vc_column][\/vc_row][vc_row type_row=&#8221;graybg3&#8243; ses_title=&#8221;\u00bfC\u00f3mo trabajamos?&#8221; ses_subtitle=&#8221;Peque\u00f1o texto aqu\u00ed&#8221;][vc_column width=&#8221;7\/12&#8243; type=&#8221;column&#8221;][vc_raw_html]JTNDaDIlM0VDb21tZW50JTIwdHJhdmFpbGxvbnMtbm91cyUzRiUzQyUyRmgyJTNFJTBBJTNDZGl2JTIwc3R5bGUlM0QlMjJ3aWR0aCUzQSUyMDEwMCUyNSUzQiUyMGhlaWdodCUzQSUyMDUwcHglM0IlMjIlM0UlM0MlMkZkaXYlM0U=[\/vc_raw_html][vc_raw_html]JTNDZGl2JTIwc3R5bGUlM0QlMjJ3aWR0aCUzQSUyMDEwMCUyNSUzQiUyMGhlaWdodCUzQSUyMDEwMHB4JTNCJTIyJTNFJTNDJTJGZGl2JTNF[\/vc_raw_html][\/vc_column][vc_column [&hellip;]<\/p>\n","protected":false},"author":6,"featured_media":0,"parent":0,"menu_order":0,"comment_status":"closed","ping_status":"closed","template":"page-templates\/template-home.php","meta":[],"yoast_head":"<!-- This site is optimized with the Yoast SEO plugin v16.8 - https:\/\/yoast.com\/wordpress\/plugins\/seo\/ -->\n<title>Proceso productivo optimizado y con garant\u00edas de calidad<\/title>\n<meta name=\"description\" content=\"Tratamiento individual de cada pieza en todo el proceso a trav\u00e9s de un completo circuito respaldado por los \u00faltimos avances en tecnolog\u00eda\" \/>\n<meta name=\"robots\" content=\"index, follow, max-snippet:-1, max-image-preview:large, max-video-preview:-1\" \/>\n<link rel=\"canonical\" href=\"https:\/\/lepoxi.com\/fr\/proceso-productivo\/\" \/>\n<meta property=\"og:locale\" content=\"fr_FR\" \/>\n<meta property=\"og:type\" content=\"article\" \/>\n<meta property=\"og:title\" content=\"Proceso productivo optimizado y con garant\u00edas de calidad\" \/>\n<meta property=\"og:description\" content=\"Tratamiento individual de cada pieza en todo el proceso a trav\u00e9s de un completo circuito respaldado por los \u00faltimos avances en tecnolog\u00eda\" \/>\n<meta property=\"og:url\" content=\"https:\/\/lepoxi.com\/fr\/proceso-productivo\/\" \/>\n<meta property=\"og:site_name\" content=\"Lepoxi\" \/>\n<meta property=\"article:modified_time\" content=\"2021-05-08T09:21:33+00:00\" \/>\n<meta name=\"twitter:card\" content=\"summary_large_image\" \/>\n<meta name=\"twitter:label1\" content=\"Dur\u00e9e de lecture est.\" \/>\n\t<meta name=\"twitter:data1\" content=\"9 minutes\" \/>\n<script type=\"application\/ld+json\" class=\"yoast-schema-graph\">{\"@context\":\"https:\/\/schema.org\",\"@graph\":[{\"@type\":\"WebSite\",\"@id\":\"https:\/\/lepoxi.com\/fr\/#website\",\"url\":\"https:\/\/lepoxi.com\/fr\/\",\"name\":\"Lepoxi\",\"description\":\"L\\u00edder en proyectos con pintura al polvo\",\"potentialAction\":[{\"@type\":\"SearchAction\",\"target\":{\"@type\":\"EntryPoint\",\"urlTemplate\":\"https:\/\/lepoxi.com\/fr\/?s={search_term_string}\"},\"query-input\":\"required name=search_term_string\"}],\"inLanguage\":\"fr-FR\"},{\"@type\":\"WebPage\",\"@id\":\"https:\/\/lepoxi.com\/fr\/proceso-productivo\/#webpage\",\"url\":\"https:\/\/lepoxi.com\/fr\/proceso-productivo\/\",\"name\":\"Proceso productivo optimizado y con garant\\u00edas de calidad\",\"isPartOf\":{\"@id\":\"https:\/\/lepoxi.com\/fr\/#website\"},\"datePublished\":\"2020-10-06T09:39:50+00:00\",\"dateModified\":\"2021-05-08T09:21:33+00:00\",\"description\":\"Tratamiento individual de cada pieza en todo el proceso a trav\\u00e9s de un completo circuito respaldado por los \\u00faltimos avances en tecnolog\\u00eda\",\"breadcrumb\":{\"@id\":\"https:\/\/lepoxi.com\/fr\/proceso-productivo\/#breadcrumb\"},\"inLanguage\":\"fr-FR\",\"potentialAction\":[{\"@type\":\"ReadAction\",\"target\":[[\"https:\/\/lepoxi.com\/fr\/proceso-productivo\/\"]]}]},{\"@type\":\"BreadcrumbList\",\"@id\":\"https:\/\/lepoxi.com\/fr\/proceso-productivo\/#breadcrumb\",\"itemListElement\":[{\"@type\":\"ListItem\",\"position\":1,\"name\":\"Home\",\"item\":\"https:\/\/lepoxi.com\/fr\/\"},{\"@type\":\"ListItem\",\"position\":2,\"name\":\"Proceso productivo\"}]}]}<\/script>\n<!-- \/ Yoast SEO plugin. -->","yoast_head_json":{"title":"Proceso productivo optimizado y con garant\u00edas de calidad","description":"Tratamiento individual de cada pieza en todo el proceso a trav\u00e9s de un completo circuito respaldado por los \u00faltimos avances en tecnolog\u00eda","robots":{"index":"index","follow":"follow","max-snippet":"max-snippet:-1","max-image-preview":"max-image-preview:large","max-video-preview":"max-video-preview:-1"},"canonical":"https:\/\/lepoxi.com\/fr\/proceso-productivo\/","og_locale":"fr_FR","og_type":"article","og_title":"Proceso productivo optimizado y con garant\u00edas de calidad","og_description":"Tratamiento individual de cada pieza en todo el proceso a trav\u00e9s de un completo circuito respaldado por los \u00faltimos avances en tecnolog\u00eda","og_url":"https:\/\/lepoxi.com\/fr\/proceso-productivo\/","og_site_name":"Lepoxi","article_modified_time":"2021-05-08T09:21:33+00:00","twitter_card":"summary_large_image","twitter_misc":{"Dur\u00e9e de lecture est.":"9 minutes"},"schema":{"@context":"https:\/\/schema.org","@graph":[{"@type":"WebSite","@id":"https:\/\/lepoxi.com\/fr\/#website","url":"https:\/\/lepoxi.com\/fr\/","name":"Lepoxi","description":"L\u00edder en proyectos con pintura al polvo","potentialAction":[{"@type":"SearchAction","target":{"@type":"EntryPoint","urlTemplate":"https:\/\/lepoxi.com\/fr\/?s={search_term_string}"},"query-input":"required name=search_term_string"}],"inLanguage":"fr-FR"},{"@type":"WebPage","@id":"https:\/\/lepoxi.com\/fr\/proceso-productivo\/#webpage","url":"https:\/\/lepoxi.com\/fr\/proceso-productivo\/","name":"Proceso productivo optimizado y con garant\u00edas de calidad","isPartOf":{"@id":"https:\/\/lepoxi.com\/fr\/#website"},"datePublished":"2020-10-06T09:39:50+00:00","dateModified":"2021-05-08T09:21:33+00:00","description":"Tratamiento individual de cada pieza en todo el proceso a trav\u00e9s de un completo circuito respaldado por los \u00faltimos avances en tecnolog\u00eda","breadcrumb":{"@id":"https:\/\/lepoxi.com\/fr\/proceso-productivo\/#breadcrumb"},"inLanguage":"fr-FR","potentialAction":[{"@type":"ReadAction","target":[["https:\/\/lepoxi.com\/fr\/proceso-productivo\/"]]}]},{"@type":"BreadcrumbList","@id":"https:\/\/lepoxi.com\/fr\/proceso-productivo\/#breadcrumb","itemListElement":[{"@type":"ListItem","position":1,"name":"Home","item":"https:\/\/lepoxi.com\/fr\/"},{"@type":"ListItem","position":2,"name":"Proceso productivo"}]}]}},"_links":{"self":[{"href":"https:\/\/lepoxi.com\/fr\/wp-json\/wp\/v2\/pages\/821"}],"collection":[{"href":"https:\/\/lepoxi.com\/fr\/wp-json\/wp\/v2\/pages"}],"about":[{"href":"https:\/\/lepoxi.com\/fr\/wp-json\/wp\/v2\/types\/page"}],"author":[{"embeddable":true,"href":"https:\/\/lepoxi.com\/fr\/wp-json\/wp\/v2\/users\/6"}],"replies":[{"embeddable":true,"href":"https:\/\/lepoxi.com\/fr\/wp-json\/wp\/v2\/comments?post=821"}],"version-history":[{"count":0,"href":"https:\/\/lepoxi.com\/fr\/wp-json\/wp\/v2\/pages\/821\/revisions"}],"wp:attachment":[{"href":"https:\/\/lepoxi.com\/fr\/wp-json\/wp\/v2\/media?parent=821"}],"curies":[{"name":"wp","href":"https:\/\/api.w.org\/{rel}","templated":true}]}}