{"id":992,"date":"2020-10-06T18:24:39","date_gmt":"2020-10-06T18:24:39","guid":{"rendered":"https:\/\/lepoxi.com\/?page_id=992"},"modified":"2021-05-08T09:24:13","modified_gmt":"2021-05-08T09:24:13","slug":"capacidades-humanas","status":"publish","type":"page","link":"https:\/\/lepoxi.com\/fr\/capacidades-humanas\/","title":{"rendered":"Capacit\u00e9s Humaines"},"content":{"rendered":"<p><\/p>\n<p>[vc_row type_row=&#8221;slider2&#8243;][vc_column] \n            <div style=\"background-image: url(https:\/\/lepoxi.com\/wp-content\/uploads\/2020\/12\/humanas.jpg);backgroudn-position: center right;\" class=\"item active slide-1\">\n          <div class=\"carousel-caption\">\n            <div class=\"thm-container\">\n              <div class=\"box valign-middle\">\n                <div class=\"content text-center\">\n                  <h1 data-animation=\"animated fadeInUp\">Capacit\u00e9s Humaines<\/h1>\n                  <p data-animation=\"animated fadeInDown\"><\/p>\n                                                    <\/div>\n              <\/div>\n            <\/div>\n          <\/div>\n        <\/div>\n[\/vc_column][\/vc_row][vc_row][vc_column] \n    <div class=\"full_wrapper padtb_100_100\">\n      <div class=\"container\">\n        <div class=\"row\">\n          <div class=\"col-lg-4 col-md-5 col-sm-12 col-xs-12\"><span class=\"wdt_img img_100\"><img src=\"https:\/\/lepoxi.com\/wp-content\/uploads\/2020\/12\/humanas1.jpg\" alt=\"About Img\" class=\"img-responsive\"><\/span><\/div>\n          <div class=\"col-lg-8 col-md-7 col-sm-12 col-xs-12 col_margin\">\n            <div class=\"plft50\">\n              <h3 class=\"mtopminus10 no_after letter_spac0 line_heg45 blue_head1\">\n                Notre \u00e9quipe              <\/h3>\n              <p class=\"fnt_18 mbot25\">La base de toute entreprise est sans doute son \u00e9quipe humaine, l\u2019exp\u00e9rience que chacun de nos travailleurs a accumul\u00e9e pendant des ann\u00e9es est un facteur \u00e0 ne pas oublier pour \u00e9voluer positivement gr\u00e2ce \u00e0 la r\u00e9alisation de nombreux projets d\u00e9velopp\u00e9s au fil des ann\u00e9es depuis la cr\u00e9ation de l\u2019entreprise.<\/p>\n              <p class=\"mbot25\">Lepoxi travaille avec des outils tr\u00e8s avanc\u00e9s \u00e0 niveau technologiquedans son usine de production situ\u00e9e \u00e0 Lezo (Gipuzkoa), technologie dont la valeur augmente de fa\u00e7on remarquable \u00e9tant g\u00e9r\u00e9e de mani\u00e8re optimale par l\u2019ensemble des techniciens et des ouvriers qui font partie de Lepoxi et c\u2019est gr\u00e2ce \u00e0 leur travail quotidien que l\u2019entreprise respecte tous ses engagements et ses objectifs professionnels de mani\u00e8re rapide tout en s\u2019adaptant \u00e0 ses clients. <\/p>\n              <p class=\"mbot45\">Lepoxicompte 15 salari\u00e9s distribu\u00e9s dans diff\u00e9rents d\u00e9partements et la plupart, ont grandi de mani\u00e8re parall\u00e8le \u00e0 l\u2019entreprise en acqu\u00e9rant de nouvelles connaissances d\u00e9riv\u00e9es de l\u2019\u00e9volution m\u00eame de l\u2019entreprise dont l\u2019inertie positive a \u00e9t\u00e9 favoris\u00e9e par le fait d\u2019avoir pr\u00e9cis\u00e9ment des personnes vraiment engag\u00e9es avec chaque projet et avec chaque client.<\/p>\n              <a href=\"\" class=\"view-all hvr-bounce-to-right news_read_btn get_Quote\"><\/a><a href=\"\" class=\"view-all hvr-bounce-to-right news_read_btn get_Quote view_service\"><\/a>\n            <\/div>\n          <\/div>\n        <\/div>\n      <\/div>\n    <\/div>\n[\/vc_column][\/vc_row][vc_row][vc_column width=&#8221;1\/3&#8243; type=&#8221;column&#8221;][vc_raw_html]JTNDZGl2JTIwY2xhc3MlM0QlMjJzaGFkb3dfZWZmZWN0JTIwZWZmZWN0LWFwb2xsbyUyMiUzRSUwQSUzQ2ltZyUyMHNyYyUzRCUyMmh0dHBzJTNBJTJGJTJGbGVwb3hpLmNvbSUyRndwLWNvbnRlbnQlMkZ1cGxvYWRzJTJGMjAxOCUyRjA1JTJGaHVtYW5hczIuanBnJTIyJTIwc3R5bGUlM0QlMjJ3aWR0aCUzQSUyMDEwMCUyNSUzQiUyMiUyRiUzRSUwQSUzQyUyRmRpdiUzRQ==[\/vc_raw_html][\/vc_column][vc_column width=&#8221;1\/3&#8243; type=&#8221;column&#8221;][vc_raw_html]JTNDZGl2JTIwY2xhc3MlM0QlMjJzaGFkb3dfZWZmZWN0JTIwZWZmZWN0LWFwb2xsbyUyMiUzRSUwQSUzQ2ltZyUyMHNyYyUzRCUyMmh0dHBzJTNBJTJGJTJGbGVwb3hpLmNvbSUyRndwLWNvbnRlbnQlMkZ1cGxvYWRzJTJGMjAxOCUyRjA1JTJGaHVtYW5hczMuanBnJTIyJTIwc3R5bGUlM0QlMjJ3aWR0aCUzQSUyMDEwMCUyNSUzQiUyMiUyRiUzRSUwQSUzQyUyRmRpdiUzRQ==[\/vc_raw_html][\/vc_column][vc_column width=&#8221;1\/3&#8243; type=&#8221;column&#8221;][vc_raw_html]JTNDZGl2JTIwY2xhc3MlM0QlMjJzaGFkb3dfZWZmZWN0JTIwZWZmZWN0LWFwb2xsbyUyMiUzRSUwQSUzQ2ltZyUyMHNyYyUzRCUyMmh0dHBzJTNBJTJGJTJGbGVwb3hpLmNvbSUyRndwLWNvbnRlbnQlMkZ1cGxvYWRzJTJGMjAxOCUyRjA1JTJGaHVtYW5hczQuanBnJTIyJTIwc3R5bGUlM0QlMjJ3aWR0aCUzQSUyMDEwMCUyNSUzQiUyMiUyRiUzRSUwQSUzQyUyRmRpdiUzRQ==[\/vc_raw_html][\/vc_column][\/vc_row][vc_row type_row=&#8221;graybg2&#8243;][vc_column width=&#8221;7\/12&#8243; type=&#8221;column&#8221;][vc_raw_html]JTNDZGl2JTIwY2xhc3MlM0QlMjJlc3BhY2lvJTIyJTNFJTNDJTJGZGl2JTNFJTBBJTNDaDIlM0VEJUMzJUE5cGFydGVtZW50cyUzQyUyRmgyJTNFJTBBJTNDcCUzRUwlRTIlODAlOTllbnRyZXByaXNlJTIwZGlzcG9zZSUyMGRlcyUyMGQlQzMlQTlwYXJ0ZW1lbnRzJTIwc3VpdmFudHMlM0ElM0MlMkZwJTNFJTBBJTNDZGl2JTIwc3R5bGUlM0QlMjJ3aWR0aCUzQSUyMDEwMCUyNSUzQiUyMGhlaWdodCUzQSUyMDUwcHglM0IlMjIlM0UlM0MlMkZkaXYlM0U=[\/vc_raw_html] \n    <div class=\"row mbot40\">\n      <div class=\"col-lg-3 col-md-4 col-sm-2 col-xs-4\"><img src=\"https:\/\/lepoxi.com\/wp-content\/uploads\/2021\/01\/direccion.png\" alt=\"quality assurance\"><\/div>\n      <div class=\"col-lg-9 col-md-8 col-sm-10 col-xs-8\">\n        <h4 class=\"letter_space_0 mbot15\">Direction<\/h4>\n        <p><\/p>\n      <\/div>\n    <\/div>\n \n    <div class=\"row mbot40\">\n      <div class=\"col-lg-3 col-md-4 col-sm-2 col-xs-4\"><img src=\"https:\/\/lepoxi.com\/wp-content\/uploads\/2021\/01\/administracion.png\" alt=\"quality assurance\"><\/div>\n      <div class=\"col-lg-9 col-md-8 col-sm-10 col-xs-8\">\n        <h4 class=\"letter_space_0 mbot15\">Administration<\/h4>\n        <p><\/p>\n      <\/div>\n    <\/div>\n \n    <div class=\"row mbot40\">\n      <div class=\"col-lg-3 col-md-4 col-sm-2 col-xs-4\"><img src=\"https:\/\/lepoxi.com\/wp-content\/uploads\/2018\/05\/quality_icon.png\" alt=\"quality assurance\"><\/div>\n      <div class=\"col-lg-9 col-md-8 col-sm-10 col-xs-8\">\n        <h4 class=\"letter_space_0 mbot15\">Qualit\u00e9<\/h4>\n        <p><\/p>\n      <\/div>\n    <\/div>\n \n    <div class=\"row mbot40\">\n      <div class=\"col-lg-3 col-md-4 col-sm-2 col-xs-4\"><img src=\"https:\/\/lepoxi.com\/wp-content\/uploads\/2018\/05\/engineer_icon-1.png\" alt=\"quality assurance\"><\/div>\n      <div class=\"col-lg-9 col-md-8 col-sm-10 col-xs-8\">\n        <h4 class=\"letter_space_0 mbot15\">Production<\/h4>\n        <p><\/p>\n      <\/div>\n    <\/div>\n \n    <div class=\"row mbot40\">\n      <div class=\"col-lg-3 col-md-4 col-sm-2 col-xs-4\"><img src=\"https:\/\/lepoxi.com\/wp-content\/uploads\/2021\/01\/mantenimiento.png\" alt=\"quality assurance\"><\/div>\n      <div class=\"col-lg-9 col-md-8 col-sm-10 col-xs-8\">\n        <h4 class=\"letter_space_0 mbot15\">Maintenance<\/h4>\n        <p><\/p>\n      <\/div>\n    <\/div>\n[\/vc_column][vc_column width=&#8221;5\/12&#8243; type=&#8221;column&#8221;][vc_raw_html]JTNDZGl2JTIwc3R5bGUlM0QlMjJwYWRkaW5nJTNBJTIwMTAwcHglMjAzMHB4JTNCJTIyJTNFJTBBJTNDaW1nJTIwc3JjJTNEJTIyaHR0cHMlM0ElMkYlMkZsZXBveGkuY29tJTJGd3AtY29udGVudCUyRnVwbG9hZHMlMkYyMDE4JTJGMDUlMkZodW1hbmFzNS5qcGclMjIlMjBzdHlsZSUzRCUyMndpZHRoJTNBJTIwMTAwJTI1JTNCJTIyJTJGJTNFJTBBJTNDJTJGZGl2JTNFJTBB[\/vc_raw_html][\/vc_column][\/vc_row][vc_row type_row=&#8221;graybg3&#8243;][vc_column][vc_column_text]<\/p>\n<div class=\"full_width mbot50\">\n<div class=\"service_left_wdt service_left_wdt1\">\n<h3 class=\"fnt_28 mbot10\">Capacit\u00e9s<\/h3>\n<p class=\"gray_color1 text-justify\">La plupart des employ\u00e9s travaillent depuis 20 ans chez Lepoxi et jouent sans doute un r\u00f4le instructeur tr\u00e8s important dans la formation des nouvelles personnes qui viennent int\u00e9grer la famille de Lepoxi,ce qui leur permet de conjuguer exp\u00e9rience et innovation.<\/p>\n<p>&nbsp;<\/p>\n<p class=\"gray_color1 text-justify\">Nous savons qu\u2019il est tr\u00e8s important de compter sur une \u00e9quipe int\u00e8gre et stable parmi nos effectifs et nous misons sur la formation continue du personnel de Lepoxi afin de disposer d\u2019une structure de personnes bien form\u00e9es et par cons\u00e9quent, continuer \u00e0 parvenir de nouveaux d\u00e9fis.<\/p>\n<\/div>\n<div class=\"wdt_img oil_lubricant_img shadow_effect effect-apollo\"><img src=\"https:\/\/lepoxi.com\/wp-content\/uploads\/2018\/05\/humanas6.jpg\" alt=\"chemical process\" \/><\/div>\n<\/div>\n<div class=\"espacio\"><\/div>\n<p>[\/vc_column_text][\/vc_column][\/vc_row][vc_row][vc_column column_id=&#8221;pie_contactar&#8221;] \n        <div class=\"full_wrapper yellow_bg\">\n      <div class=\"container\">\n        <div class=\"innov_txt\"> N\u2019h\u00e9sitez pas \u00e0 nous contacter pour tout renseignement compl\u00e9mentaire<\/div>\n        <div class=\"innove_quote_btn\"><a href=\"https:\/\/lepoxi.com\/contacto\/\" class=\"view-all hvr-bounce-to-right get_quote_btn sec_var_quote_btn\">CONTACTER<\/a><\/div>\n      <\/div>\n    <\/div>\n    [\/vc_column][\/vc_row]<\/p>\n<p><\/p>\n<p>[vc_row type_row=&#8221;slider2&#8243;][vc_column] \n            <div style=\"background-image: url(https:\/\/lepoxi.com\/wp-content\/uploads\/2020\/12\/humanas.jpg);backgroudn-position: center right;\" class=\"item active slide-1\">\n          <div class=\"carousel-caption\">\n            <div class=\"thm-container\">\n              <div class=\"box valign-middle\">\n                <div class=\"content text-center\">\n                  <h1 data-animation=\"animated fadeInUp\">Capacit\u00e9s Humaines<\/h1>\n                  <p data-animation=\"animated fadeInDown\"><\/p>\n                                                    <\/div>\n              <\/div>\n            <\/div>\n          <\/div>\n        <\/div>\n[\/vc_column][\/vc_row][vc_row][vc_column] \n    <div class=\"full_wrapper padtb_100_100\">\n      <div class=\"container\">\n        <div class=\"row\">\n          <div class=\"col-lg-4 col-md-5 col-sm-12 col-xs-12\"><span class=\"wdt_img img_100\"><img src=\"https:\/\/lepoxi.com\/wp-content\/uploads\/2020\/12\/humanas1.jpg\" alt=\"About Img\" class=\"img-responsive\"><\/span><\/div>\n          <div class=\"col-lg-8 col-md-7 col-sm-12 col-xs-12 col_margin\">\n            <div class=\"plft50\">\n              <h3 class=\"mtopminus10 no_after letter_spac0 line_heg45 blue_head1\">\n                Notre \u00e9quipe              <\/h3>\n              <p class=\"fnt_18 mbot25\">La base de toute entreprise est sans doute son \u00e9quipe humaine, l\u2019exp\u00e9rience que chacun de nos travailleurs a accumul\u00e9e pendant des ann\u00e9es est un facteur \u00e0 ne pas oublier pour \u00e9voluer positivement gr\u00e2ce \u00e0 la r\u00e9alisation de nombreux projets d\u00e9velopp\u00e9s au fil des ann\u00e9es depuis la cr\u00e9ation de l\u2019entreprise.<\/p>\n              <p class=\"mbot25\">Lepoxi travaille avec des outils tr\u00e8s avanc\u00e9s \u00e0 niveau technologiquedans son usine de production situ\u00e9e \u00e0 Lezo (Gipuzkoa), technologie dont la valeur augmente de fa\u00e7on remarquable \u00e9tant g\u00e9r\u00e9e de mani\u00e8re optimale par l\u2019ensemble des techniciens et des ouvriers qui font partie de Lepoxi et c\u2019est gr\u00e2ce \u00e0 leur travail quotidien que l\u2019entreprise respecte tous ses engagements et ses objectifs professionnels de mani\u00e8re rapide tout en s\u2019adaptant \u00e0 ses clients. <\/p>\n              <p class=\"mbot45\">Lepoxicompte 15 salari\u00e9s distribu\u00e9s dans diff\u00e9rents d\u00e9partements et la plupart, ont grandi de mani\u00e8re parall\u00e8le \u00e0 l\u2019entreprise en acqu\u00e9rant de nouvelles connaissances d\u00e9riv\u00e9es de l\u2019\u00e9volution m\u00eame de l\u2019entreprise dont l\u2019inertie positive a \u00e9t\u00e9 favoris\u00e9e par le fait d\u2019avoir pr\u00e9cis\u00e9ment des personnes vraiment engag\u00e9es avec chaque projet et avec chaque client.<\/p>\n              <a href=\"\" class=\"view-all hvr-bounce-to-right news_read_btn get_Quote\"><\/a><a href=\"\" class=\"view-all hvr-bounce-to-right news_read_btn get_Quote view_service\"><\/a>\n            <\/div>\n          <\/div>\n        <\/div>\n      <\/div>\n    <\/div>\n[\/vc_column][\/vc_row][vc_row][vc_column width=&#8221;1\/3&#8243; type=&#8221;column&#8221;][vc_raw_html]JTNDZGl2JTIwY2xhc3MlM0QlMjJzaGFkb3dfZWZmZWN0JTIwZWZmZWN0LWFwb2xsbyUyMiUzRSUwQSUzQ2ltZyUyMHNyYyUzRCUyMmh0dHBzJTNBJTJGJTJGbGVwb3hpLmNvbSUyRndwLWNvbnRlbnQlMkZ1cGxvYWRzJTJGMjAxOCUyRjA1JTJGaHVtYW5hczIuanBnJTIyJTIwc3R5bGUlM0QlMjJ3aWR0aCUzQSUyMDEwMCUyNSUzQiUyMiUyRiUzRSUwQSUzQyUyRmRpdiUzRQ==[\/vc_raw_html][\/vc_column][vc_column width=&#8221;1\/3&#8243; type=&#8221;column&#8221;][vc_raw_html]JTNDZGl2JTIwY2xhc3MlM0QlMjJzaGFkb3dfZWZmZWN0JTIwZWZmZWN0LWFwb2xsbyUyMiUzRSUwQSUzQ2ltZyUyMHNyYyUzRCUyMmh0dHBzJTNBJTJGJTJGbGVwb3hpLmNvbSUyRndwLWNvbnRlbnQlMkZ1cGxvYWRzJTJGMjAxOCUyRjA1JTJGaHVtYW5hczMuanBnJTIyJTIwc3R5bGUlM0QlMjJ3aWR0aCUzQSUyMDEwMCUyNSUzQiUyMiUyRiUzRSUwQSUzQyUyRmRpdiUzRQ==[\/vc_raw_html][\/vc_column][vc_column width=&#8221;1\/3&#8243; type=&#8221;column&#8221;][vc_raw_html]JTNDZGl2JTIwY2xhc3MlM0QlMjJzaGFkb3dfZWZmZWN0JTIwZWZmZWN0LWFwb2xsbyUyMiUzRSUwQSUzQ2ltZyUyMHNyYyUzRCUyMmh0dHBzJTNBJTJGJTJGbGVwb3hpLmNvbSUyRndwLWNvbnRlbnQlMkZ1cGxvYWRzJTJGMjAxOCUyRjA1JTJGaHVtYW5hczQuanBnJTIyJTIwc3R5bGUlM0QlMjJ3aWR0aCUzQSUyMDEwMCUyNSUzQiUyMiUyRiUzRSUwQSUzQyUyRmRpdiUzRQ==[\/vc_raw_html][\/vc_column][\/vc_row][vc_row type_row=&#8221;graybg2&#8243;][vc_column width=&#8221;7\/12&#8243; type=&#8221;column&#8221;][vc_raw_html]JTNDZGl2JTIwY2xhc3MlM0QlMjJlc3BhY2lvJTIyJTNFJTNDJTJGZGl2JTNFJTBBJTNDaDIlM0VEJUMzJUE5cGFydGVtZW50cyUzQyUyRmgyJTNFJTBBJTNDcCUzRUwlRTIlODAlOTllbnRyZXByaXNlJTIwZGlzcG9zZSUyMGRlcyUyMGQlQzMlQTlwYXJ0ZW1lbnRzJTIwc3VpdmFudHMlM0ElM0MlMkZwJTNFJTBBJTNDZGl2JTIwc3R5bGUlM0QlMjJ3aWR0aCUzQSUyMDEwMCUyNSUzQiUyMGhlaWdodCUzQSUyMDUwcHglM0IlMjIlM0UlM0MlMkZkaXYlM0U=[\/vc_raw_html] \n    <div class=\"row mbot40\">\n      <div class=\"col-lg-3 col-md-4 col-sm-2 col-xs-4\"><img src=\"https:\/\/lepoxi.com\/wp-content\/uploads\/2021\/01\/direccion.png\" alt=\"quality assurance\"><\/div>\n      <div class=\"col-lg-9 col-md-8 col-sm-10 col-xs-8\">\n        <h4 class=\"letter_space_0 mbot15\">Direction<\/h4>\n        <p><\/p>\n      <\/div>\n    <\/div>\n \n    <div class=\"row mbot40\">\n      <div class=\"col-lg-3 col-md-4 col-sm-2 col-xs-4\"><img src=\"https:\/\/lepoxi.com\/wp-content\/uploads\/2021\/01\/administracion.png\" alt=\"quality assurance\"><\/div>\n      <div class=\"col-lg-9 col-md-8 col-sm-10 col-xs-8\">\n        <h4 class=\"letter_space_0 mbot15\">Administration<\/h4>\n        <p><\/p>\n      <\/div>\n    <\/div>\n \n    <div class=\"row mbot40\">\n      <div class=\"col-lg-3 col-md-4 col-sm-2 col-xs-4\"><img src=\"https:\/\/lepoxi.com\/wp-content\/uploads\/2018\/05\/quality_icon.png\" alt=\"quality assurance\"><\/div>\n      <div class=\"col-lg-9 col-md-8 col-sm-10 col-xs-8\">\n        <h4 class=\"letter_space_0 mbot15\">Qualit\u00e9<\/h4>\n        <p><\/p>\n      <\/div>\n    <\/div>\n \n    <div class=\"row mbot40\">\n      <div class=\"col-lg-3 col-md-4 col-sm-2 col-xs-4\"><img src=\"https:\/\/lepoxi.com\/wp-content\/uploads\/2018\/05\/engineer_icon-1.png\" alt=\"quality assurance\"><\/div>\n      <div class=\"col-lg-9 col-md-8 col-sm-10 col-xs-8\">\n        <h4 class=\"letter_space_0 mbot15\">Production<\/h4>\n        <p><\/p>\n      <\/div>\n    <\/div>\n \n    <div class=\"row mbot40\">\n      <div class=\"col-lg-3 col-md-4 col-sm-2 col-xs-4\"><img src=\"https:\/\/lepoxi.com\/wp-content\/uploads\/2021\/01\/mantenimiento.png\" alt=\"quality assurance\"><\/div>\n      <div class=\"col-lg-9 col-md-8 col-sm-10 col-xs-8\">\n        <h4 class=\"letter_space_0 mbot15\">Maintenance<\/h4>\n        <p><\/p>\n      <\/div>\n    <\/div>\n[\/vc_column][vc_column width=&#8221;5\/12&#8243; type=&#8221;column&#8221;][vc_raw_html]JTNDZGl2JTIwc3R5bGUlM0QlMjJwYWRkaW5nJTNBJTIwMTAwcHglMjAzMHB4JTNCJTIyJTNFJTBBJTNDaW1nJTIwc3JjJTNEJTIyaHR0cHMlM0ElMkYlMkZsZXBveGkuY29tJTJGd3AtY29udGVudCUyRnVwbG9hZHMlMkYyMDE4JTJGMDUlMkZodW1hbmFzNS5qcGclMjIlMjBzdHlsZSUzRCUyMndpZHRoJTNBJTIwMTAwJTI1JTNCJTIyJTJGJTNFJTBBJTNDJTJGZGl2JTNFJTBB[\/vc_raw_html][\/vc_column][\/vc_row][vc_row type_row=&#8221;graybg3&#8243;][vc_column][vc_column_text]<\/p>\n<div class=\"full_width mbot50\">\n<div class=\"service_left_wdt service_left_wdt1\">\n<h3 class=\"fnt_28 mbot10\">Capacit\u00e9s<\/h3>\n<p class=\"gray_color1 text-justify\">La plupart des employ\u00e9s travaillent depuis 20 ans chez Lepoxi et jouent sans doute un r\u00f4le instructeur tr\u00e8s important dans la formation des nouvelles personnes qui viennent int\u00e9grer la famille de Lepoxi,ce qui leur permet de conjuguer exp\u00e9rience et innovation.<\/p>\n<p>&nbsp;<\/p>\n<p class=\"gray_color1 text-justify\">Nous savons qu\u2019il est tr\u00e8s important de compter sur une \u00e9quipe int\u00e8gre et stable parmi nos effectifs et nous misons sur la formation continue du personnel de Lepoxi afin de disposer d\u2019une structure de personnes bien form\u00e9es et par cons\u00e9quent, continuer \u00e0 parvenir de nouveaux d\u00e9fis.<\/p>\n<\/div>\n<div class=\"wdt_img oil_lubricant_img shadow_effect effect-apollo\"><img src=\"https:\/\/lepoxi.com\/wp-content\/uploads\/2018\/05\/humanas6.jpg\" alt=\"chemical process\" \/><\/div>\n<\/div>\n<div class=\"espacio\"><\/div>\n<p>[\/vc_column_text][\/vc_column][\/vc_row][vc_row][vc_column column_id=&#8221;pie_contactar&#8221;] \n        <div class=\"full_wrapper yellow_bg\">\n      <div class=\"container\">\n        <div class=\"innov_txt\"> N\u2019h\u00e9sitez pas \u00e0 nous contacter pour tout renseignement compl\u00e9mentaire<\/div>\n        <div class=\"innove_quote_btn\"><a href=\"https:\/\/lepoxi.com\/contacto\/\" class=\"view-all hvr-bounce-to-right get_quote_btn sec_var_quote_btn\">CONTACTER<\/a><\/div>\n      <\/div>\n    <\/div>\n    [\/vc_column][\/vc_row]<\/p>\n<p><\/p>","protected":false},"excerpt":{"rendered":"<p>[vc_row type_row=&#8221;slider2&#8243;][vc_column][\/vc_column][\/vc_row][vc_row][vc_column][\/vc_column][\/vc_row][vc_row][vc_column width=&#8221;1\/3&#8243; type=&#8221;column&#8221;][vc_raw_html]JTNDZGl2JTIwY2xhc3MlM0QlMjJzaGFkb3dfZWZmZWN0JTIwZWZmZWN0LWFwb2xsbyUyMiUzRSUwQSUzQ2ltZyUyMHNyYyUzRCUyMmh0dHBzJTNBJTJGJTJGbGVwb3hpLmNvbSUyRndwLWNvbnRlbnQlMkZ1cGxvYWRzJTJGMjAxOCUyRjA1JTJGaHVtYW5hczIuanBnJTIyJTIwc3R5bGUlM0QlMjJ3aWR0aCUzQSUyMDEwMCUyNSUzQiUyMiUyRiUzRSUwQSUzQyUyRmRpdiUzRQ==[\/vc_raw_html][\/vc_column][vc_column width=&#8221;1\/3&#8243; type=&#8221;column&#8221;][vc_raw_html]JTNDZGl2JTIwY2xhc3MlM0QlMjJzaGFkb3dfZWZmZWN0JTIwZWZmZWN0LWFwb2xsbyUyMiUzRSUwQSUzQ2ltZyUyMHNyYyUzRCUyMmh0dHBzJTNBJTJGJTJGbGVwb3hpLmNvbSUyRndwLWNvbnRlbnQlMkZ1cGxvYWRzJTJGMjAxOCUyRjA1JTJGaHVtYW5hczMuanBnJTIyJTIwc3R5bGUlM0QlMjJ3aWR0aCUzQSUyMDEwMCUyNSUzQiUyMiUyRiUzRSUwQSUzQyUyRmRpdiUzRQ==[\/vc_raw_html][\/vc_column][vc_column width=&#8221;1\/3&#8243; type=&#8221;column&#8221;][vc_raw_html]JTNDZGl2JTIwY2xhc3MlM0QlMjJzaGFkb3dfZWZmZWN0JTIwZWZmZWN0LWFwb2xsbyUyMiUzRSUwQSUzQ2ltZyUyMHNyYyUzRCUyMmh0dHBzJTNBJTJGJTJGbGVwb3hpLmNvbSUyRndwLWNvbnRlbnQlMkZ1cGxvYWRzJTJGMjAxOCUyRjA1JTJGaHVtYW5hczQuanBnJTIyJTIwc3R5bGUlM0QlMjJ3aWR0aCUzQSUyMDEwMCUyNSUzQiUyMiUyRiUzRSUwQSUzQyUyRmRpdiUzRQ==[\/vc_raw_html][\/vc_column][\/vc_row][vc_row type_row=&#8221;graybg2&#8243;][vc_column width=&#8221;7\/12&#8243; [&hellip;]<\/p>\n","protected":false},"author":6,"featured_media":0,"parent":0,"menu_order":0,"comment_status":"closed","ping_status":"closed","template":"page-templates\/template-home.php","meta":[],"yoast_head":"<!-- This site is optimized with the Yoast SEO plugin v16.8 - https:\/\/yoast.com\/wordpress\/plugins\/seo\/ -->\n<title>Equipo experto que cuenta con m\u00e1s de 20 en el sector<\/title>\n<meta name=\"description\" content=\"Lepoxi est\u00e1 integrado por un equipo experimentado capaz de desarrollar de manera eficiente cualquier proyecto que necesite un tratamiento de pintura al polvo\" \/>\n<meta name=\"robots\" content=\"index, follow, max-snippet:-1, max-image-preview:large, max-video-preview:-1\" \/>\n<link rel=\"canonical\" href=\"https:\/\/lepoxi.com\/fr\/capacidades-humanas\/\" \/>\n<meta property=\"og:locale\" content=\"fr_FR\" \/>\n<meta property=\"og:type\" content=\"article\" \/>\n<meta property=\"og:title\" content=\"Equipo experto que cuenta con m\u00e1s de 20 en el sector\" \/>\n<meta property=\"og:description\" content=\"Lepoxi est\u00e1 integrado por un equipo experimentado capaz de desarrollar de manera eficiente cualquier proyecto que necesite un tratamiento de pintura al polvo\" \/>\n<meta property=\"og:url\" content=\"https:\/\/lepoxi.com\/fr\/capacidades-humanas\/\" \/>\n<meta property=\"og:site_name\" content=\"Lepoxi\" \/>\n<meta property=\"article:modified_time\" content=\"2021-05-08T09:24:13+00:00\" \/>\n<meta property=\"og:image\" content=\"https:\/\/lepoxi.com\/wp-content\/uploads\/2018\/05\/humanas6.jpg\" \/>\n<meta name=\"twitter:card\" content=\"summary_large_image\" \/>\n<meta name=\"twitter:label1\" content=\"Dur\u00e9e de lecture est.\" \/>\n\t<meta name=\"twitter:data1\" content=\"9 minutes\" \/>\n<script type=\"application\/ld+json\" class=\"yoast-schema-graph\">{\"@context\":\"https:\/\/schema.org\",\"@graph\":[{\"@type\":\"WebSite\",\"@id\":\"https:\/\/lepoxi.com\/fr\/#website\",\"url\":\"https:\/\/lepoxi.com\/fr\/\",\"name\":\"Lepoxi\",\"description\":\"L\\u00edder en proyectos con pintura al polvo\",\"potentialAction\":[{\"@type\":\"SearchAction\",\"target\":{\"@type\":\"EntryPoint\",\"urlTemplate\":\"https:\/\/lepoxi.com\/fr\/?s={search_term_string}\"},\"query-input\":\"required name=search_term_string\"}],\"inLanguage\":\"fr-FR\"},{\"@type\":\"ImageObject\",\"@id\":\"https:\/\/lepoxi.com\/fr\/capacidades-humanas\/#primaryimage\",\"inLanguage\":\"fr-FR\",\"url\":\"https:\/\/lepoxi.com\/wp-content\/uploads\/2018\/05\/humanas6.jpg\",\"contentUrl\":\"https:\/\/lepoxi.com\/wp-content\/uploads\/2018\/05\/humanas6.jpg\"},{\"@type\":\"WebPage\",\"@id\":\"https:\/\/lepoxi.com\/fr\/capacidades-humanas\/#webpage\",\"url\":\"https:\/\/lepoxi.com\/fr\/capacidades-humanas\/\",\"name\":\"Equipo experto que cuenta con m\\u00e1s de 20 en el sector\",\"isPartOf\":{\"@id\":\"https:\/\/lepoxi.com\/fr\/#website\"},\"primaryImageOfPage\":{\"@id\":\"https:\/\/lepoxi.com\/fr\/capacidades-humanas\/#primaryimage\"},\"datePublished\":\"2020-10-06T18:24:39+00:00\",\"dateModified\":\"2021-05-08T09:24:13+00:00\",\"description\":\"Lepoxi est\\u00e1 integrado por un equipo experimentado capaz de desarrollar de manera eficiente cualquier proyecto que necesite un tratamiento de pintura al polvo\",\"breadcrumb\":{\"@id\":\"https:\/\/lepoxi.com\/fr\/capacidades-humanas\/#breadcrumb\"},\"inLanguage\":\"fr-FR\",\"potentialAction\":[{\"@type\":\"ReadAction\",\"target\":[[\"https:\/\/lepoxi.com\/fr\/capacidades-humanas\/\"]]}]},{\"@type\":\"BreadcrumbList\",\"@id\":\"https:\/\/lepoxi.com\/fr\/capacidades-humanas\/#breadcrumb\",\"itemListElement\":[{\"@type\":\"ListItem\",\"position\":1,\"name\":\"Home\",\"item\":\"https:\/\/lepoxi.com\/fr\/\"},{\"@type\":\"ListItem\",\"position\":2,\"name\":\"Capacidades humanas\"}]}]}<\/script>\n<!-- \/ Yoast SEO plugin. -->","yoast_head_json":{"title":"Equipo experto que cuenta con m\u00e1s de 20 en el sector","description":"Lepoxi est\u00e1 integrado por un equipo experimentado capaz de desarrollar de manera eficiente cualquier proyecto que necesite un tratamiento de pintura al polvo","robots":{"index":"index","follow":"follow","max-snippet":"max-snippet:-1","max-image-preview":"max-image-preview:large","max-video-preview":"max-video-preview:-1"},"canonical":"https:\/\/lepoxi.com\/fr\/capacidades-humanas\/","og_locale":"fr_FR","og_type":"article","og_title":"Equipo experto que cuenta con m\u00e1s de 20 en el sector","og_description":"Lepoxi est\u00e1 integrado por un equipo experimentado capaz de desarrollar de manera eficiente cualquier proyecto que necesite un tratamiento de pintura al polvo","og_url":"https:\/\/lepoxi.com\/fr\/capacidades-humanas\/","og_site_name":"Lepoxi","article_modified_time":"2021-05-08T09:24:13+00:00","og_image":[{"url":"https:\/\/lepoxi.com\/wp-content\/uploads\/2018\/05\/humanas6.jpg"}],"twitter_card":"summary_large_image","twitter_misc":{"Dur\u00e9e de lecture est.":"9 minutes"},"schema":{"@context":"https:\/\/schema.org","@graph":[{"@type":"WebSite","@id":"https:\/\/lepoxi.com\/fr\/#website","url":"https:\/\/lepoxi.com\/fr\/","name":"Lepoxi","description":"L\u00edder en proyectos con pintura al polvo","potentialAction":[{"@type":"SearchAction","target":{"@type":"EntryPoint","urlTemplate":"https:\/\/lepoxi.com\/fr\/?s={search_term_string}"},"query-input":"required name=search_term_string"}],"inLanguage":"fr-FR"},{"@type":"ImageObject","@id":"https:\/\/lepoxi.com\/fr\/capacidades-humanas\/#primaryimage","inLanguage":"fr-FR","url":"https:\/\/lepoxi.com\/wp-content\/uploads\/2018\/05\/humanas6.jpg","contentUrl":"https:\/\/lepoxi.com\/wp-content\/uploads\/2018\/05\/humanas6.jpg"},{"@type":"WebPage","@id":"https:\/\/lepoxi.com\/fr\/capacidades-humanas\/#webpage","url":"https:\/\/lepoxi.com\/fr\/capacidades-humanas\/","name":"Equipo experto que cuenta con m\u00e1s de 20 en el sector","isPartOf":{"@id":"https:\/\/lepoxi.com\/fr\/#website"},"primaryImageOfPage":{"@id":"https:\/\/lepoxi.com\/fr\/capacidades-humanas\/#primaryimage"},"datePublished":"2020-10-06T18:24:39+00:00","dateModified":"2021-05-08T09:24:13+00:00","description":"Lepoxi est\u00e1 integrado por un equipo experimentado capaz de desarrollar de manera eficiente cualquier proyecto que necesite un tratamiento de pintura al polvo","breadcrumb":{"@id":"https:\/\/lepoxi.com\/fr\/capacidades-humanas\/#breadcrumb"},"inLanguage":"fr-FR","potentialAction":[{"@type":"ReadAction","target":[["https:\/\/lepoxi.com\/fr\/capacidades-humanas\/"]]}]},{"@type":"BreadcrumbList","@id":"https:\/\/lepoxi.com\/fr\/capacidades-humanas\/#breadcrumb","itemListElement":[{"@type":"ListItem","position":1,"name":"Home","item":"https:\/\/lepoxi.com\/fr\/"},{"@type":"ListItem","position":2,"name":"Capacidades humanas"}]}]}},"_links":{"self":[{"href":"https:\/\/lepoxi.com\/fr\/wp-json\/wp\/v2\/pages\/992"}],"collection":[{"href":"https:\/\/lepoxi.com\/fr\/wp-json\/wp\/v2\/pages"}],"about":[{"href":"https:\/\/lepoxi.com\/fr\/wp-json\/wp\/v2\/types\/page"}],"author":[{"embeddable":true,"href":"https:\/\/lepoxi.com\/fr\/wp-json\/wp\/v2\/users\/6"}],"replies":[{"embeddable":true,"href":"https:\/\/lepoxi.com\/fr\/wp-json\/wp\/v2\/comments?post=992"}],"version-history":[{"count":0,"href":"https:\/\/lepoxi.com\/fr\/wp-json\/wp\/v2\/pages\/992\/revisions"}],"wp:attachment":[{"href":"https:\/\/lepoxi.com\/fr\/wp-json\/wp\/v2\/media?parent=992"}],"curies":[{"name":"wp","href":"https:\/\/api.w.org\/{rel}","templated":true}]}}